{"id":4802,"date":"2014-02-06T18:25:15","date_gmt":"2014-02-07T02:25:15","guid":{"rendered":"http:\/\/www.chefchantaleroy.com\/?page_id=4802"},"modified":"2018-08-11T09:52:34","modified_gmt":"2018-08-11T16:52:34","slug":"contact-en","status":"publish","type":"page","link":"https:\/\/www.chantaleroy.ca\/en\/contact-en\/","title":{"rendered":"Contact"},"content":{"rendered":"<div class=\"wpb-content-wrapper\"><p>[:fr]<div class=\"vc_row wpb_row vc_row-fluid eltd-section vc_custom_1534006316223 eltd-content-aligment-left\" style=\"\"><div class=\"clearfix eltd-full-section-inner\"><div class=\"wpb_column vc_column_container vc_col-sm-12\"><div class=\"vc_column-inner\"><div class=\"wpb_wrapper\">\n\t<div class=\"wpb_text_column wpb_content_element\" >\n\t\t<div class=\"wpb_wrapper\">\n\t\t\t<h1 data-fontsize=\"16\" data-lineheight=\"24\">Pour nous joindre<\/h1>\n<p>Pour toute question \u00e0 propos des livres, ateliers et cours de Chantale, veuillez nous envoyer un message. Chantale vous r\u00e9pondra dans les 24 heures qui suivront sa r\u00e9ception.<\/p>\n<p>Courriel : \u00a0<a href=\"mailto:info@chantaleroy.ca\" target=\"_blank\" rel=\"noopener\">info@chantaleroy.ca<\/a><\/p>\n<p>T\u00e9l\u00e9phone : 604-790-8859<\/p>\n<p>Vous pouvez \u00e9galement remplir le formulaire qui suit&#8230;<\/p>\n\n\t\t<\/div>\n\t<\/div>\n<p class=\"wpcf7-contact-form-not-found\"><strong>Error:<\/strong> Contact form not found.<\/p><\/div><\/div><\/div><\/div><\/div>[:en]<div class=\"vc_row wpb_row vc_row-fluid eltd-section eltd-content-aligment-left\" style=\"\"><div class=\"clearfix eltd-full-section-inner\"><div class=\"wpb_column vc_column_container vc_col-sm-12\"><div class=\"vc_column-inner\"><div class=\"wpb_wrapper\">\n\t<div class=\"wpb_text_column wpb_content_element\" >\n\t\t<div class=\"wpb_wrapper\">\n\t\t\t<h1>We&rsquo;d Love to Hear From You<\/h1>\n<h4>Get In Touch With Us!<\/h4>\n<p>If you have questions about Chantale\u2019s books, classes and workshops\u00a0please send her a note. \u00a0Chantale will reply within 24 hours.<\/p>\n<p>Email: <a href=\"mailto:info@chantaleroy.ca\">info@chantaleroy.ca<\/a><br \/>\nTelephone:\u00a0604-790-8859<\/p>\n<p>Or you can submit the form below.<\/p>\n\n\t\t<\/div>\n\t<\/div>\n<p class=\"wpcf7-contact-form-not-found\"><strong>Error:<\/strong> Contact form not found.<\/p><\/div><\/div><\/div><\/div><\/div>[:]<\/p>\n<\/div>","protected":false},"excerpt":{"rendered":"<p>[:fr][:en][:]<\/p>\n","protected":false},"author":3,"featured_media":0,"parent":0,"menu_order":0,"comment_status":"open","ping_status":"closed","template":"","meta":{"footnotes":""},"class_list":["post-4802","page","type-page","status-publish","hentry"],"_links":{"self":[{"href":"https:\/\/www.chantaleroy.ca\/en\/wp-json\/wp\/v2\/pages\/4802","targetHints":{"allow":["GET"]}}],"collection":[{"href":"https:\/\/www.chantaleroy.ca\/en\/wp-json\/wp\/v2\/pages"}],"about":[{"href":"https:\/\/www.chantaleroy.ca\/en\/wp-json\/wp\/v2\/types\/page"}],"author":[{"embeddable":true,"href":"https:\/\/www.chantaleroy.ca\/en\/wp-json\/wp\/v2\/users\/3"}],"replies":[{"embeddable":true,"href":"https:\/\/www.chantaleroy.ca\/en\/wp-json\/wp\/v2\/comments?post=4802"}],"version-history":[{"count":29,"href":"https:\/\/www.chantaleroy.ca\/en\/wp-json\/wp\/v2\/pages\/4802\/revisions"}],"predecessor-version":[{"id":52418,"href":"https:\/\/www.chantaleroy.ca\/en\/wp-json\/wp\/v2\/pages\/4802\/revisions\/52418"}],"wp:attachment":[{"href":"https:\/\/www.chantaleroy.ca\/en\/wp-json\/wp\/v2\/media?parent=4802"}],"curies":[{"name":"wp","href":"https:\/\/api.w.org\/{rel}","templated":true}]}}