{"id":51325,"date":"2017-04-07T11:58:33","date_gmt":"2017-04-07T18:58:33","guid":{"rendered":"http:\/\/www.chantaleroy.ca\/?page_id=51325\/"},"modified":"2026-04-28T14:59:41","modified_gmt":"2026-04-28T21:59:41","slug":"home-test","status":"publish","type":"page","link":"https:\/\/www.chantaleroy.ca\/en\/","title":{"rendered":"Accueil"},"content":{"rendered":"<div class=\"wpb-content-wrapper\"><div class=\"vc_row wpb_row vc_row-fluid eltd-section vc_custom_1532207439023 eltd-content-aligment-left\" style=\"\"><div class=\"clearfix eltd-full-section-inner\"><div class=\"wpb_column vc_column_container vc_col-sm-12\"><div class=\"vc_column-inner\"><div class=\"wpb_wrapper\">\n\t<div class=\"wpb_text_column wpb_content_element\" >\n\t\t<div class=\"wpb_wrapper\">\n\t\t\t<h1>Welcome!<\/h1>\n\n\t\t<\/div>\n\t<\/div>\n\n\t<div class=\"wpb_text_column wpb_content_element\" >\n\t\t<div class=\"wpb_wrapper\">\n\t\t\t<p><span style=\"color: #1f1f1f;\">On this website, you will discover Chantale\u2019s healthy scrumptious world. With 20 years of experience in healthy food inspiration &amp; preparation, Chantale loves to connect everyone on their personal health journey. She is certified and specializes in gourmet raw cuisine and over the years, her desire to customize her teaching led her to design culinary art programs in vegetarian, vegan, gluten-free and simple raw cuisine. Her passion for food, flavors and optimal health will seduce you\u2026<\/span><\/p>\n\n\t\t<\/div>\n\t<\/div>\n<div data-eltd-parallax-speed=\"1\" class=\"vc_row wpb_row vc_inner vc_row-fluid eltd-section vc_custom_1571067453214 eltd-content-aligment-left\" style=\"\"><div class=\"eltd-full-section-inner\"><div class=\"wpb_column vc_column_container vc_col-sm-3\"><div class=\"vc_column-inner\"><div class=\"wpb_wrapper\">\n\t<div  class=\"wpb_single_image wpb_content_element vc_align_center wpb_content_element\">\n\t\t\n\t\t<figure class=\"wpb_wrapper vc_figure\">\n\t\t\t<a href=\"https:\/\/www.chantaleroy.ca\/en\/auteure\/\" target=\"_self\" class=\"vc_single_image-wrapper   vc_box_border_grey\"><img loading=\"lazy\" decoding=\"async\" width=\"300\" height=\"218\" src=\"https:\/\/www.chantaleroy.ca\/wp-content\/uploads\/2019\/10\/books-sm-1.jpg\" class=\"vc_single_image-img attachment-full\" alt=\"\" title=\"books-sm\" \/><\/a><figcaption class=\"vc_figure-caption\">AUTHOR<\/figcaption>\n\t\t<\/figure>\n\t<\/div>\n<\/div><\/div><\/div><div class=\"wpb_column vc_column_container vc_col-sm-3\"><div class=\"vc_column-inner\"><div class=\"wpb_wrapper\">\n\t<div  class=\"wpb_single_image wpb_content_element vc_align_center wpb_content_element\">\n\t\t\n\t\t<figure class=\"wpb_wrapper vc_figure\">\n\t\t\t<a href=\"https:\/\/www.chantaleroy.ca\/en\/chef-enseignante\/\" target=\"_self\" class=\"vc_single_image-wrapper   vc_box_border_grey\"><img loading=\"lazy\" decoding=\"async\" width=\"300\" height=\"218\" src=\"https:\/\/www.chantaleroy.ca\/wp-content\/uploads\/2019\/10\/chef-chantale-1.jpg\" class=\"vc_single_image-img attachment-full\" alt=\"\" title=\"chef-chantale\" \/><\/a><figcaption class=\"vc_figure-caption\">TEACHER<\/figcaption>\n\t\t<\/figure>\n\t<\/div>\n<\/div><\/div><\/div><div class=\"wpb_column vc_column_container vc_col-sm-3\"><div class=\"vc_column-inner\"><div class=\"wpb_wrapper\">\n\t<div  class=\"wpb_single_image wpb_content_element vc_align_center wpb_content_element\">\n\t\t\n\t\t<figure class=\"wpb_wrapper vc_figure\">\n\t\t\t<a href=\"https:\/\/www.chantaleroy.ca\/en\/ateliers\/\" target=\"_self\" class=\"vc_single_image-wrapper   vc_box_border_grey\"><img loading=\"lazy\" decoding=\"async\" width=\"300\" height=\"218\" src=\"https:\/\/www.chantaleroy.ca\/wp-content\/uploads\/2019\/10\/workshop-sm.jpg\" class=\"vc_single_image-img attachment-full\" alt=\"\" title=\"workshop-sm\" \/><\/a><figcaption class=\"vc_figure-caption\">WORKSHOPS<\/figcaption>\n\t\t<\/figure>\n\t<\/div>\n<\/div><\/div><\/div><div class=\"wpb_column vc_column_container vc_col-sm-3\"><div class=\"vc_column-inner\"><div class=\"wpb_wrapper\">\n\t<div  class=\"wpb_single_image wpb_content_element vc_align_center wpb_content_element\">\n\t\t\n\t\t<figure class=\"wpb_wrapper vc_figure\">\n\t\t\t<a href=\"https:\/\/www.chantaleroy.ca\/en\/services-linguistiques\/\" target=\"_self\" class=\"vc_single_image-wrapper   vc_box_border_grey\"><img loading=\"lazy\" decoding=\"async\" width=\"300\" height=\"218\" src=\"https:\/\/www.chantaleroy.ca\/wp-content\/uploads\/2019\/10\/translation-services.jpg\" class=\"vc_single_image-img attachment-full\" alt=\"\" title=\"Close-up of businesswoman&#039;s hand\" \/><\/a><figcaption class=\"vc_figure-caption\">TRANSLATOR<\/figcaption>\n\t\t<\/figure>\n\t<\/div>\n<\/div><\/div><\/div><\/div><\/div><\/div><\/div><\/div><\/div><\/div><div class=\"vc_row wpb_row vc_row-fluid eltd-section eltd-content-aligment-left\" style=\"\"><div class=\"clearfix eltd-full-section-inner\"><div class=\"wpb_column vc_column_container vc_col-sm-12\"><div class=\"vc_column-inner\"><div class=\"wpb_wrapper\">\n\t<div class=\"wpb_text_column wpb_content_element vc_custom_1532324679816\" >\n\t\t<div class=\"wpb_wrapper\">\n\t\t\t<h1>Videos of Chantale<\/h1>\n\n\t\t<\/div>\n\t<\/div>\n<div class=\"vc_empty_space\"   style=\"height: 20px\"><span class=\"vc_empty_space_inner\"><\/span><\/div><div data-eltd-parallax-speed=\"1\" class=\"vc_row wpb_row vc_inner vc_row-fluid eltd-section vc_custom_1532208312952 eltd-content-aligment-left\" style=\"\"><div class=\"eltd-full-section-inner\"><div class=\"wpb_column vc_column_container vc_col-sm-6\"><div class=\"vc_column-inner\"><div class=\"wpb_wrapper\">\n\t<div class=\"wpb_video_widget wpb_content_element vc_clearfix   vc_video-aspect-ratio-169 vc_video-el-width-100 vc_video-align-left\" >\n\t\t<div class=\"wpb_wrapper\">\n\t\t\t\n\t\t\t<div class=\"wpb_video_wrapper\"><iframe loading=\"lazy\" title=\"Eating Raw - What Does It Mean and How To Start\" width=\"500\" height=\"281\" src=\"https:\/\/www.youtube.com\/embed\/gxUesIO2nQo?feature=oembed\" frameborder=\"0\" allow=\"accelerometer; autoplay; clipboard-write; encrypted-media; gyroscope; picture-in-picture; web-share\" referrerpolicy=\"strict-origin-when-cross-origin\" allowfullscreen><\/iframe><\/div>\n\t\t<\/div>\n\t<\/div>\n<\/div><\/div><\/div><div class=\"wpb_column vc_column_container vc_col-sm-6\"><div class=\"vc_column-inner\"><div class=\"wpb_wrapper\">\n\t<div class=\"wpb_video_widget wpb_content_element vc_clearfix   vc_video-aspect-ratio-169 vc_video-el-width-100 vc_video-align-left\" >\n\t\t<div class=\"wpb_wrapper\">\n\t\t\t\n\t\t\t<div class=\"wpb_video_wrapper\"><iframe loading=\"lazy\" title=\"Chantale Roy ou l&#039;art de l&#039;alimentation vivante\" width=\"500\" height=\"281\" src=\"https:\/\/www.youtube.com\/embed\/IQoykj53_wE?feature=oembed\" frameborder=\"0\" allow=\"accelerometer; autoplay; clipboard-write; encrypted-media; gyroscope; picture-in-picture; web-share\" referrerpolicy=\"strict-origin-when-cross-origin\" allowfullscreen><\/iframe><\/div>\n\t\t<\/div>\n\t<\/div>\n<\/div><\/div><\/div><\/div><\/div><div data-eltd-parallax-speed=\"1\" class=\"vc_row wpb_row vc_inner vc_row-fluid eltd-section eltd-content-aligment-left\" style=\"\"><div class=\"eltd-full-section-inner\"><div class=\"wpb_column vc_column_container vc_col-sm-6\"><div class=\"vc_column-inner\"><div class=\"wpb_wrapper\">\n\t<div class=\"wpb_video_widget wpb_content_element vc_clearfix   vc_video-aspect-ratio-169 vc_video-el-width-100 vc_video-align-left\" >\n\t\t<div class=\"wpb_wrapper\">\n\t\t\t\n\t\t\t<div class=\"wpb_video_wrapper\"><iframe loading=\"lazy\" title=\"Entrevue de chef Chantale Roy \u00e0 l&#039;UQAT : manger sainement autant chez les adultes que chez les ados\" width=\"413\" height=\"310\" src=\"https:\/\/www.youtube.com\/embed\/htXteXKH910?feature=oembed\" frameborder=\"0\" allow=\"accelerometer; autoplay; clipboard-write; encrypted-media; gyroscope; picture-in-picture; web-share\" referrerpolicy=\"strict-origin-when-cross-origin\" allowfullscreen><\/iframe><\/div>\n\t\t<\/div>\n\t<\/div>\n<\/div><\/div><\/div><div class=\"wpb_column vc_column_container vc_col-sm-6\"><div class=\"vc_column-inner\"><div class=\"wpb_wrapper\">\n\t<div class=\"wpb_video_widget wpb_content_element vc_clearfix   vc_video-aspect-ratio-169 vc_video-el-width-100 vc_video-align-left\" >\n\t\t<div class=\"wpb_wrapper\">\n\t\t\t\n\t\t\t<div class=\"wpb_video_wrapper\"><iframe loading=\"lazy\" title=\"Ateliers de cuisine saine avec la chef Chantale Roy\" width=\"500\" height=\"281\" src=\"https:\/\/www.youtube.com\/embed\/lRdk6a3CECc?feature=oembed\" frameborder=\"0\" allow=\"accelerometer; autoplay; clipboard-write; encrypted-media; gyroscope; picture-in-picture; web-share\" referrerpolicy=\"strict-origin-when-cross-origin\" allowfullscreen><\/iframe><\/div>\n\t\t<\/div>\n\t<\/div>\n<\/div><\/div><\/div><\/div><\/div><\/div><\/div><\/div><\/div><\/div><div class=\"vc_row wpb_row vc_row-fluid eltd-section vc_custom_1532208252859 eltd-content-aligment-left\" style=\"\"><div class=\"clearfix eltd-full-section-inner\"><div class=\"wpb_column vc_column_container vc_col-sm-12\"><div class=\"vc_column-inner\"><div class=\"wpb_wrapper\">\n\t<div class=\"wpb_text_column wpb_content_element\" >\n\t\t<div class=\"wpb_wrapper\">\n\t\t\t<h1>Chantale\u2019s Bio<\/h1>\n\n\t\t<\/div>\n\t<\/div>\n\n\t<div class=\"wpb_text_column wpb_content_element\" >\n\t\t<div class=\"wpb_wrapper\">\n\t\t\t<p><a href=\"https:\/\/www.chantaleroy.ca\/wp-content\/uploads\/2018\/07\/chef.jpg\"><img loading=\"lazy\" decoding=\"async\" class=\"size-full wp-image-52371 alignleft\" src=\"https:\/\/www.chantaleroy.ca\/wp-content\/uploads\/2018\/07\/chef.jpg\" alt=\"\" width=\"197\" height=\"283\" \/><\/a>Chantale grew up in Abitibi (Quebec), a cold reclused area, a land of the colonizers with an attitude of \u201cWe can accomplish anything, if we believe in it\u201d. She has colonizer\u2019s blood inside of her. Nothing is impossible for Chantale, when she believes in it. Her path is colored by two themes: freedom and authenticity.<\/p>\n<p>Her first mentors guided her quest towards environmental values. \u201cA new diet for America\u201d (John Robbins) led her down the path to becoming vegetarian, focussing on organic agriculture, then vegan, all while gradually exploring a raw food diet. For about ten years, living foods became her main playground\u2026<\/p>\n<p id=\"tw-target-text\" class=\"tw-data-text tw-ta tw-text-large\" dir=\"ltr\" data-placeholder=\"Translation\"><a href=\"https:\/\/www.chantaleroy.ca\/en\/chantale\/\"><span lang=\"fr\">Read more\u2026<\/span><\/a><\/p>\n\n\t\t<\/div>\n\t<\/div>\n<\/div><\/div><\/div><\/div><\/div>\n<\/div>","protected":false},"excerpt":{"rendered":"Bienvenue! Sur ce site, vous d\u00e9couvrez le monde sain et savoureux de Chantale. Avec plus de 20 ans d\u2019exp\u00e9rience dans le monde de l\u2019alimentation saine, elle a d\u00e9velopp\u00e9 un talent unique pour rejoindre chacune et chacun, sur son cheminement vers la sant\u00e9. Bien que dipl\u00f4m\u00e9e...","protected":false},"author":3,"featured_media":0,"parent":0,"menu_order":0,"comment_status":"closed","ping_status":"closed","template":"","meta":{"footnotes":""},"class_list":["post-51325","page","type-page","status-publish","hentry"],"_links":{"self":[{"href":"https:\/\/www.chantaleroy.ca\/en\/wp-json\/wp\/v2\/pages\/51325","targetHints":{"allow":["GET"]}}],"collection":[{"href":"https:\/\/www.chantaleroy.ca\/en\/wp-json\/wp\/v2\/pages"}],"about":[{"href":"https:\/\/www.chantaleroy.ca\/en\/wp-json\/wp\/v2\/types\/page"}],"author":[{"embeddable":true,"href":"https:\/\/www.chantaleroy.ca\/en\/wp-json\/wp\/v2\/users\/3"}],"replies":[{"embeddable":true,"href":"https:\/\/www.chantaleroy.ca\/en\/wp-json\/wp\/v2\/comments?post=51325"}],"version-history":[{"count":132,"href":"https:\/\/www.chantaleroy.ca\/en\/wp-json\/wp\/v2\/pages\/51325\/revisions"}],"predecessor-version":[{"id":53446,"href":"https:\/\/www.chantaleroy.ca\/en\/wp-json\/wp\/v2\/pages\/51325\/revisions\/53446"}],"wp:attachment":[{"href":"https:\/\/www.chantaleroy.ca\/en\/wp-json\/wp\/v2\/media?parent=51325"}],"curies":[{"name":"wp","href":"https:\/\/api.w.org\/{rel}","templated":true}]}}