{"id":52732,"date":"2019-10-08T17:15:32","date_gmt":"2019-10-09T00:15:32","guid":{"rendered":"https:\/\/www.chantaleroy.ca\/?page_id=52732"},"modified":"2026-04-28T17:56:11","modified_gmt":"2026-04-29T00:56:11","slug":"auteure","status":"publish","type":"page","link":"https:\/\/www.chantaleroy.ca\/en\/auteure\/","title":{"rendered":"Author"},"content":{"rendered":"<div class=\"wpb-content-wrapper\"><div class=\"vc_row wpb_row vc_row-fluid eltd-section eltd-content-aligment-left\" style=\"\"><div class=\"clearfix eltd-full-section-inner\"><div class=\"wpb_column vc_column_container vc_col-sm-12\"><div class=\"vc_column-inner\"><div class=\"wpb_wrapper\">\n\t<div class=\"wpb_text_column wpb_content_element\" >\n\t\t<div class=\"wpb_wrapper\">\n\t\t\t<h1>Auteure<\/h1>\n\n\t\t<\/div>\n\t<\/div>\n<\/div><\/div><\/div><\/div><\/div><div class=\"vc_row wpb_row vc_row-fluid eltd-section vc_custom_1570759446562 eltd-content-aligment-left\" style=\"\"><div class=\"clearfix eltd-full-section-inner\"><div class=\"wpb_column vc_column_container vc_col-sm-8\"><div class=\"vc_column-inner\"><div class=\"wpb_wrapper\">\n\t<div  class=\"wpb_single_image wpb_content_element vc_align_left wpb_content_element\">\n\t\t\n\t\t<figure class=\"wpb_wrapper vc_figure\">\n\t\t\t<div class=\"vc_single_image-wrapper   vc_box_border_grey\"><img loading=\"lazy\" decoding=\"async\" width=\"150\" height=\"39\" src=\"https:\/\/www.chantaleroy.ca\/wp-content\/uploads\/2016\/12\/edition_hmmm_rvb-e1532312862319.jpg\" class=\"vc_single_image-img attachment-thumbnail\" alt=\"\" title=\"edition_hmmm_rvbedition_hmmm_rvb\" \/><\/div>\n\t\t<\/figure>\n\t<\/div>\n\n\t<div class=\"wpb_text_column wpb_content_element\" >\n\t\t<div class=\"wpb_wrapper\">\n\t\t\t<div class=\"vc_row wpb_row vc_row-fluid eltd-section eltd-content-aligment-left\">\n<div class=\"clearfix eltd-full-section-inner\">\n<div class=\"wpb_column vc_column_container vc_col-sm-12\">\n<div class=\"vc_column-inner \">\n<div class=\"wpb_wrapper\">\n<div class=\"wpb_text_column wpb_content_element vc_custom_1532297492743\">\n<div class=\"wpb_wrapper\">\n<p>\u00ab Les \u00e9ditions hmmm\u2026 \u00bb est une maison d\u2019\u00e9dition cr\u00e9\u00e9e en 2011. Chantale avait le d\u00e9sir profond de faire l\u2019exp\u00e9rience du processus int\u00e9gral de l\u2019\u00e9dition, par elle-m\u00eame et avec l\u2019aide d\u2019autres talents professionnels. Cela a men\u00e9 \u00e0 la cr\u00e9ation de livres de recettes de tr\u00e8s haute qualit\u00e9 :<\/p>\n<\/div>\n<\/div>\n<\/div>\n<\/div>\n<\/div>\n<\/div>\n<\/div>\n\n\t\t<\/div>\n\t<\/div>\n<\/div><\/div><\/div><div class=\"wpb_column vc_column_container vc_col-sm-4\"><div class=\"vc_column-inner\"><div class=\"wpb_wrapper\">\n\t<div  class=\"wpb_single_image wpb_content_element vc_align_left wpb_content_element\">\n\t\t\n\t\t<figure class=\"wpb_wrapper vc_figure\">\n\t\t\t<div class=\"vc_single_image-wrapper   vc_box_border_grey\"><img loading=\"lazy\" decoding=\"async\" width=\"300\" height=\"218\" src=\"https:\/\/www.chantaleroy.ca\/wp-content\/uploads\/2019\/10\/books-sm.jpg\" class=\"vc_single_image-img attachment-full\" alt=\"\" title=\"books-sm\" \/><\/div>\n\t\t<\/figure>\n\t<\/div>\n<\/div><\/div><\/div><\/div><\/div><div class=\"vc_row wpb_row vc_row-fluid eltd-section vc_custom_1570759846723 eltd-content-aligment-left\" style=\"\"><div class=\"clearfix eltd-full-section-inner\"><div class=\"wpb_column vc_column_container vc_col-sm-6\"><div class=\"vc_column-inner\"><div class=\"wpb_wrapper\">\n\t<div class=\"wpb_text_column wpb_content_element\" >\n\t\t<div class=\"wpb_wrapper\">\n\t\t\t<h3 data-fontsize=\"16\" data-lineheight=\"24\">Livres version papier<\/h3>\n<p>Tout cru dans l\u2019bec (Version fran\u00e7aise)<br \/>\nRawfreshing Cuisine (English version)<br \/>\nCuisine express 1 (Version fran\u00e7aise)<br \/>\nRawfreshing Express 1, (English version)<\/p>\n<h3 id=\"tw-target-text\" class=\"tw-data-text tw-ta tw-text-medium\" dir=\"ltr\" data-placeholder=\"Translation\" data-fontsize=\"16\" data-lineheight=\"24\"><span lang=\"fr\">Livres version \u00e9lectronique<\/span><\/h3>\n<p>Menu des f\u00eates (Version fran\u00e7aise)<br \/>\nHoliday Season Menu (English version)<br \/>\nJus-repas cr\u00e9atifs (Version fran\u00e7aise)<br \/>\nCru et cuit harmonie (Version fran\u00e7aise)<br \/>\nTout cru dans l\u2019bec (Version fran\u00e7aise)<br \/>\nCuisine express 1 (Version fran\u00e7aise)<\/p>\n<p>Rawfreshing Cuisine (English version)<br \/>\nRawfreshing Express 1 (English version)<\/p>\n<h4 id=\"tw-target-text\" class=\"tw-data-text tw-ta tw-text-medium\" dir=\"ltr\" data-placeholder=\"Translation\" data-fontsize=\"13\" data-lineheight=\"20\"><span lang=\"fr\">Bient\u00f4t disponibles :<\/span><\/h4>\n<p>Rawfreshing Cuisine (Chinese version)<br \/>\nRaw and Cooked in Harmony (English version)<\/p>\n\n\t\t<\/div>\n\t<\/div>\n<\/div><\/div><\/div><div class=\"wpb_column vc_column_container vc_col-sm-6\"><div class=\"vc_column-inner\"><div class=\"wpb_wrapper\"><div class=\"wpb_gallery wpb_content_element vc_clearfix wpb_content_element\" ><div class=\"wpb_wrapper\"><div class=\"wpb_gallery_slides wpb_slider_nivo theme-default\" data-interval=\"3\"><div class=\"nivoSlider\"><a class=\"\" href=\"https:\/\/www.chantaleroy.ca\/wp-content\/uploads\/2017\/02\/cru_cuit_harmonie_cover_half-f\u00e9v17-scaled.jpg\" data-lightbox=\"lightbox[rel-52732-3421993570]\"><img loading=\"lazy\" decoding=\"async\" width=\"2242\" height=\"2560\" src=\"https:\/\/www.chantaleroy.ca\/wp-content\/uploads\/2017\/02\/cru_cuit_harmonie_cover_half-f\u00e9v17-scaled.jpg\" class=\"attachment-full\" alt=\"\" title=\"cru_cuit_harmonie_cover_half-f\u00e9v17cru_cuit_harmonie_cover_half-f\u00e9v17\" srcset=\"https:\/\/www.chantaleroy.ca\/wp-content\/uploads\/2017\/02\/cru_cuit_harmonie_cover_half-f\u00e9v17-scaled.jpg 2242w, https:\/\/www.chantaleroy.ca\/wp-content\/uploads\/2017\/02\/cru_cuit_harmonie_cover_half-f\u00e9v17-500x571.jpg 500w, https:\/\/www.chantaleroy.ca\/wp-content\/uploads\/2017\/02\/cru_cuit_harmonie_cover_half-f\u00e9v17-700x799.jpg 700w\" sizes=\"auto, (max-width: 2242px) 100vw, 2242px\" \/><\/a><a class=\"\" href=\"https:\/\/www.chantaleroy.ca\/wp-content\/uploads\/2014\/10\/toutcru_cover_2e_front_modifi\u00e9.jpg\" data-lightbox=\"lightbox[rel-52732-3421993570]\"><img loading=\"lazy\" decoding=\"async\" width=\"632\" height=\"720\" src=\"https:\/\/www.chantaleroy.ca\/wp-content\/uploads\/2014\/10\/toutcru_cover_2e_front_modifi\u00e9.jpg\" class=\"attachment-full\" alt=\"\" title=\"toutcru_cover_2e_front_modifi\u00e9toutcru_cover_2e_front_modifi\u00e9\" srcset=\"https:\/\/www.chantaleroy.ca\/wp-content\/uploads\/2014\/10\/toutcru_cover_2e_front_modifi\u00e9.jpg 632w, https:\/\/www.chantaleroy.ca\/wp-content\/uploads\/2014\/10\/toutcru_cover_2e_front_modifi\u00e9-500x570.jpg 500w, https:\/\/www.chantaleroy.ca\/wp-content\/uploads\/2014\/10\/toutcru_cover_2e_front_modifi\u00e9-600x684.jpg 600w\" sizes=\"auto, (max-width: 632px) 100vw, 632px\" \/><\/a><a class=\"\" href=\"https:\/\/www.chantaleroy.ca\/wp-content\/uploads\/2017\/04\/cuisine_express1.jpg\" data-lightbox=\"lightbox[rel-52732-3421993570]\"><img loading=\"lazy\" decoding=\"async\" width=\"638\" height=\"723\" src=\"https:\/\/www.chantaleroy.ca\/wp-content\/uploads\/2017\/04\/cuisine_express1.jpg\" class=\"attachment-full\" alt=\"\" title=\"crusine_express1_cover.inddcrusine_express1_cover.indd\" srcset=\"https:\/\/www.chantaleroy.ca\/wp-content\/uploads\/2017\/04\/cuisine_express1.jpg 638w, https:\/\/www.chantaleroy.ca\/wp-content\/uploads\/2017\/04\/cuisine_express1-500x567.jpg 500w, https:\/\/www.chantaleroy.ca\/wp-content\/uploads\/2017\/04\/cuisine_express1-600x680.jpg 600w\" sizes=\"auto, (max-width: 638px) 100vw, 638px\" \/><\/a><\/div><\/div><\/div><\/div><\/div><\/div><\/div><\/div><\/div><div class=\"vc_row wpb_row vc_row-fluid eltd-section vc_custom_1570760110017 eltd-content-aligment-left\" style=\"\"><div class=\"clearfix eltd-full-section-inner\"><div class=\"wpb_column vc_column_container vc_col-sm-4\"><div class=\"vc_column-inner\"><div class=\"wpb_wrapper\">\n\t<div class=\"wpb_text_column wpb_content_element\" >\n\t\t<div class=\"wpb_wrapper\">\n\t\t\t<p><em>\u00ab\u00a0Hummmm les bons jus!!! De mon c\u00f4t\u00e9, c\u2019\u00e9tait pomme, kale, c\u00e9leri, citron, concombre\u2026 un vrai d\u00e9lice. Oh et j\u2019ai essay\u00e9 tes biscuits dans ton nouveau livre, Chantale (abricot et orange, figue et chocolat). Excellent pour couper les fringales de sucre! \u00bb<\/em><\/p>\n<p><strong>&#8211; M.-P.G.<\/strong><\/p>\n\n\t\t<\/div>\n\t<\/div>\n<\/div><\/div><\/div><div class=\"wpb_column vc_column_container vc_col-sm-4\"><div class=\"vc_column-inner\"><div class=\"wpb_wrapper\">\n\t<div class=\"wpb_text_column wpb_content_element\" >\n\t\t<div class=\"wpb_wrapper\">\n\t\t\t<p>\u00ab\u00a0Bon matin Chantale.\u00a0Bel et\u00a0bien re\u00e7u votre Chef d\u2019\u0153uvre, Crusine express 1!\u00a0Merci grandement!\u00a0Votre livre est super! \u00bb<\/p>\n<p><strong>H.T., Qu\u00e9bec, QC<\/strong><\/p>\n\n\t\t<\/div>\n\t<\/div>\n<\/div><\/div><\/div><div class=\"wpb_column vc_column_container vc_col-sm-4\"><div class=\"vc_column-inner\"><div class=\"wpb_wrapper\">\n\t<div class=\"wpb_text_column wpb_content_element\" >\n\t\t<div class=\"wpb_wrapper\">\n\t\t\t<p>\u00ab\u00a0Ton livre est fabuleux<strong> :<\/strong>\u00a0c\u2019est comme une histoire personnelle, avec des recettes -bien s\u00fbr- et de si jolies photos.\u00a0C\u2019est bien d\u2019y avoir ajout\u00e9 les ustensiles utiles et d\u2019autres ressources. \u00bb<\/p>\n<p><strong>C.S., Vancouver, CB<\/strong><\/p>\n\n\t\t<\/div>\n\t<\/div>\n<\/div><\/div><\/div><\/div><\/div>\n<\/div>","protected":false},"excerpt":{"rendered":"Auteure \u00ab Les \u00e9ditions hmmm\u2026 \u00bb est une maison d\u2019\u00e9dition cr\u00e9\u00e9e en 2011. Chantale avait le d\u00e9sir profond de faire l\u2019exp\u00e9rience du processus int\u00e9gral de l\u2019\u00e9dition, par elle-m\u00eame et avec l\u2019aide d\u2019autres talents professionnels. Cela a men\u00e9 \u00e0 la cr\u00e9ation de livres de recettes de...","protected":false},"author":1001063,"featured_media":0,"parent":0,"menu_order":0,"comment_status":"closed","ping_status":"closed","template":"","meta":{"footnotes":""},"class_list":["post-52732","page","type-page","status-publish","hentry"],"_links":{"self":[{"href":"https:\/\/www.chantaleroy.ca\/en\/wp-json\/wp\/v2\/pages\/52732","targetHints":{"allow":["GET"]}}],"collection":[{"href":"https:\/\/www.chantaleroy.ca\/en\/wp-json\/wp\/v2\/pages"}],"about":[{"href":"https:\/\/www.chantaleroy.ca\/en\/wp-json\/wp\/v2\/types\/page"}],"author":[{"embeddable":true,"href":"https:\/\/www.chantaleroy.ca\/en\/wp-json\/wp\/v2\/users\/1001063"}],"replies":[{"embeddable":true,"href":"https:\/\/www.chantaleroy.ca\/en\/wp-json\/wp\/v2\/comments?post=52732"}],"version-history":[{"count":39,"href":"https:\/\/www.chantaleroy.ca\/en\/wp-json\/wp\/v2\/pages\/52732\/revisions"}],"predecessor-version":[{"id":53453,"href":"https:\/\/www.chantaleroy.ca\/en\/wp-json\/wp\/v2\/pages\/52732\/revisions\/53453"}],"wp:attachment":[{"href":"https:\/\/www.chantaleroy.ca\/en\/wp-json\/wp\/v2\/media?parent=52732"}],"curies":[{"name":"wp","href":"https:\/\/api.w.org\/{rel}","templated":true}]}}