{"id":52734,"date":"2019-10-08T17:15:44","date_gmt":"2019-10-09T00:15:44","guid":{"rendered":"https:\/\/www.chantaleroy.ca\/?page_id=52734"},"modified":"2026-04-28T15:04:12","modified_gmt":"2026-04-28T22:04:12","slug":"chef-enseignante","status":"publish","type":"page","link":"https:\/\/www.chantaleroy.ca\/en\/chef-enseignante\/","title":{"rendered":"Chef enseignante"},"content":{"rendered":"<div class=\"wpb-content-wrapper\"><div class=\"vc_row wpb_row vc_row-fluid eltd-section eltd-content-aligment-left\" style=\"\"><div class=\"clearfix eltd-full-section-inner\"><div class=\"wpb_column vc_column_container vc_col-sm-12\"><div class=\"vc_column-inner\"><div class=\"wpb_wrapper\">\n\t<div class=\"wpb_text_column wpb_content_element vc_custom_1570915711693\" >\n\t\t<div class=\"wpb_wrapper\">\n\t\t\t<h1>Chef enseignante<\/h1>\n\n\t\t<\/div>\n\t<\/div>\n\n\t<div  class=\"wpb_single_image wpb_content_element vc_align_left wpb_content_element\">\n\t\t\n\t\t<figure class=\"wpb_wrapper vc_figure\">\n\t\t\t<div class=\"vc_single_image-wrapper   vc_box_border_grey\"><img loading=\"lazy\" decoding=\"async\" width=\"1326\" height=\"383\" src=\"https:\/\/www.chantaleroy.ca\/wp-content\/uploads\/2019\/10\/chef-heading.jpg\" class=\"vc_single_image-img attachment-full\" alt=\"\" title=\"chef-heading\" srcset=\"https:\/\/www.chantaleroy.ca\/wp-content\/uploads\/2019\/10\/chef-heading.jpg 1326w, https:\/\/www.chantaleroy.ca\/wp-content\/uploads\/2019\/10\/chef-heading-500x144.jpg 500w, https:\/\/www.chantaleroy.ca\/wp-content\/uploads\/2019\/10\/chef-heading-700x202.jpg 700w, https:\/\/www.chantaleroy.ca\/wp-content\/uploads\/2019\/10\/chef-heading-300x87.jpg 300w, https:\/\/www.chantaleroy.ca\/wp-content\/uploads\/2019\/10\/chef-heading-768x222.jpg 768w, https:\/\/www.chantaleroy.ca\/wp-content\/uploads\/2019\/10\/chef-heading-1024x296.jpg 1024w\" sizes=\"auto, (max-width: 1326px) 100vw, 1326px\" \/><\/div>\n\t\t<\/figure>\n\t<\/div>\n<\/div><\/div><\/div><\/div><\/div><div class=\"vc_row wpb_row vc_row-fluid eltd-section eltd-content-aligment-left\" style=\"\"><div class=\"clearfix eltd-full-section-inner\"><div class=\"wpb_column vc_column_container vc_col-sm-12\"><div class=\"vc_column-inner vc_custom_1570915689355\"><div class=\"wpb_wrapper\">\n\t<div class=\"wpb_text_column wpb_content_element\" >\n\t\t<div class=\"wpb_wrapper\">\n\t\t\t<h3>Exp\u00e9rience Natura (du 1er au 23 octobre 2020)<\/h3>\n<p><span style=\"font-size: 10.5pt; color: mediumblue;\"><a href=\"https:\/\/www.chantaleroy.ca\/wp-content\/uploads\/2020\/09\/FB-valeur-Lancement-et-Vente-1-Natura.jpg\"><img loading=\"lazy\" decoding=\"async\" class=\"aligncenter size-full wp-image-53043\" src=\"https:\/\/www.chantaleroy.ca\/wp-content\/uploads\/2020\/09\/FB-valeur-Lancement-et-Vente-1-Natura.jpg\" alt=\"\" width=\"940\" height=\"788\" srcset=\"https:\/\/www.chantaleroy.ca\/wp-content\/uploads\/2020\/09\/FB-valeur-Lancement-et-Vente-1-Natura.jpg 940w, https:\/\/www.chantaleroy.ca\/wp-content\/uploads\/2020\/09\/FB-valeur-Lancement-et-Vente-1-Natura-500x419.jpg 500w, https:\/\/www.chantaleroy.ca\/wp-content\/uploads\/2020\/09\/FB-valeur-Lancement-et-Vente-1-Natura-700x587.jpg 700w, https:\/\/www.chantaleroy.ca\/wp-content\/uploads\/2020\/09\/FB-valeur-Lancement-et-Vente-1-Natura-300x251.jpg 300w, https:\/\/www.chantaleroy.ca\/wp-content\/uploads\/2020\/09\/FB-valeur-Lancement-et-Vente-1-Natura-768x644.jpg 768w\" sizes=\"auto, (max-width: 940px) 100vw, 940px\" \/><\/a>D\u00e9couvrez l\u2019<a href=\"https:\/\/experience-natura.teachable.com\/courses\/experience-natura-11-formatrices-et-15-formations?affcode=715109_urkooago%20\" target=\"_blank\" rel=\"noopener noreferrer\"><span style=\"color: windowtext;\">Exp\u00e9rience Natura<\/span><\/a>! Un tout nouveau concept, dont je fais partie.<\/span><\/p>\n<p>&nbsp;<\/p>\n<p><strong><span style=\"font-size: 10.5pt; color: mediumblue;\">Qu\u2019est-ce que c\u2019est?<\/span><\/strong><\/p>\n<p><span style=\"font-size: 10.5pt; color: mediumblue;\">&#8211;\u00a0\u00a0\u00a0 15 formations en ligne r\u00e9parties ainsi :<\/span><\/p>\n<p><span style=\"font-size: 10.5pt; color: mediumblue;\">&#8211;\u00a0\u00a0\u00a0 1 cours sur les bases de l\u2019aromath\u00e9rapie<\/span><\/p>\n<p><span style=\"font-size: 10.5pt; color: mediumblue;\">&#8211;\u00a0\u00a0\u00a0 1 formation sur les soins du syst\u00e8me immunitaire et plantes m\u00e9dicinales<\/span><\/p>\n<p><span style=\"font-size: 10.5pt; color: mediumblue;\">&#8211;\u00a0\u00a0\u00a0 1 cours de fabrication de produits corporels (gels, savons, cr\u00e8mes, exfoliants\u2026)<\/span><\/p>\n<p><span style=\"font-size: 10.5pt; color: mediumblue;\">&#8211;\u00a0\u00a0\u00a0 1 cours d\u2019initiation \u00e0 la fabrication de produits d\u2019herboristerie<\/span><\/p>\n<p><span style=\"font-size: 10.5pt; color: mediumblue;\">&#8211;\u00a0\u00a0\u00a0 2 ateliers de fabrication de produits bien-\u00eatre :\u00a0 Vins, \u00e9lixirs et chocolat ET Cadeaux \u00e0 offrir<\/span><\/p>\n<p><span style=\"font-size: 10.5pt; color: mediumblue;\">&#8211;\u00a0\u00a0\u00a0 <a href=\"https:\/\/www.chantaleroy.ca\/en\/boutique\/\" target=\"_blank\" rel=\"noopener noreferrer\"><span style=\"color: windowtext;\">4 cours de cuisine v\u00e9g\u00e9tale<\/span><\/a> : Crusine express 1, D\u00e9shydratation 101, Smoothies pour tous les jours, Cuisine saine des F\u00eates<\/span><\/p>\n<p><span style=\"font-size: 10.5pt; color: mediumblue;\">&#8211;\u00a0\u00a0\u00a0 1 formation sur la gestion des \u00e9motions gr\u00e2ces aux fleurs de Bach<\/span><\/p>\n<p><span style=\"font-size: 10.5pt; color: mediumblue;\">&#8211;\u00a0\u00a0\u00a0 1 formation sur le th\u00e8me \u2018J\u2019ai mal \u00e0 mes hormones&rsquo;<\/span><\/p>\n<p><span style=\"font-size: 10.5pt; color: mediumblue;\">&#8211;\u00a0\u00a0\u00a0 1 formation sur le Cycle lunaire: mieux planifier, organiser et optimiser votre vie<\/span><\/p>\n<p><span style=\"font-size: 10.5pt; color: mediumblue;\">&#8211;\u00a0\u00a0\u00a0 1 formation portant sur l\u2019image de soi gr\u00e2ce au coffret de rayonnement ultime<\/span><\/p>\n<p><span style=\"font-size: 10.5pt; color: mediumblue;\">&#8211;\u00a0\u00a0\u00a0 1 formation de coaching pour vaincre le syndrome de l\u2019imposteur<\/span><\/p>\n<p><span style=\"font-size: 10.5pt; color: mediumblue;\">&#8211;\u00a0\u00a0\u00a0 donn\u00e9es par 11 formatrices expertes dans leur domaine<\/span><\/p>\n<p>&nbsp;<\/p>\n<p><strong><span style=\"font-size: 10.5pt; color: mediumblue;\">L\u2019<a href=\"https:\/\/experience-natura.teachable.com\/courses\/experience-natura-11-formatrices-et-15-formations?affcode=715109_urkooago%20\" target=\"_blank\" rel=\"noopener noreferrer\"><span style=\"color: windowtext;\">Exp\u00e9rience Natura<\/span><\/a> s\u2019adresse \u00e0 vous si vous voulez :<\/span><\/strong><\/p>\n<p><span style=\"font-size: 10.5pt; color: mediumblue;\">&#8211;\u00a0\u00a0\u00a0 d\u00e9velopper ou parfaire vos connaissances du bien-\u00eatre au naturel<\/span><\/p>\n<p><span style=\"font-size: 10.5pt; color: mediumblue;\">&#8211;\u00a0\u00a0\u00a0 agir pleinement sur votre mode de vie et votre sant\u00e9<\/span><\/p>\n<p><span style=\"font-size: 10.5pt; color: mediumblue;\">&#8211;\u00a0\u00a0\u00a0 \u00eatre plus autonome<\/span><\/p>\n<p><span style=\"font-size: 10.5pt; color: mediumblue;\">&#8211;\u00a0\u00a0\u00a0 avoir de l\u2019impact sur plusieurs sph\u00e8res de votre vie, naturellement<\/span><\/p>\n<p>&nbsp;<\/p>\n<p><strong><span style=\"font-size: 10.5pt; color: mediumblue;\">Passez \u00e0 l\u2019action<\/span><\/strong><\/p>\n<p><span style=\"font-size: 10.5pt; color: mediumblue;\">Le tout pour seulement 169 $ tx incl. (valeur 1\u00a0809 $ tx incl., c\u2019est pr\u00e8s de 91 % de rabais!)<\/span><\/p>\n<p><span style=\"font-size: 10.5pt; color: mediumblue;\">Une offre que vous ne pouvez pas manquer!<\/span><\/p>\n<p>&nbsp;<\/p>\n<h2><span style=\"color: #ff0000;\"><strong><span style=\"font-size: 10.5pt;\">Pour tous les d\u00e9tails et l\u2019acheter, <a style=\"color: #ff0000;\" href=\"https:\/\/experience-natura.teachable.com\/courses\/experience-natura-11-formatrices-et-15-formations?affcode=715109_urkooago%20\" target=\"_blank\" rel=\"noopener noreferrer\">cliquez ICI<\/a><\/span><\/strong><\/span><\/h2>\n<p><strong><span style=\"font-size: 10.5pt; color: mediumblue;\">\u00a0<\/span><\/strong><\/p>\n<p><span style=\"font-size: 10.5pt; color: mediumblue;\">Pssst\u2026: Faites vite, l\u2019<a href=\"https:\/\/experience-natura.teachable.com\/courses\/experience-natura-11-formatrices-et-15-formations?affcode=715109_urkooago%20\" target=\"_blank\" rel=\"noopener noreferrer\"><span style=\"color: windowtext;\">Exp\u00e9rience Natura<\/span><\/a> est disponible jusqu\u2019au 23 octobre 2020 seulement.<\/span><\/p>\n<p>Ou contactez-moi : info@chantaleroy.ca<\/p>\n<p><span style=\"font-size: 10.5pt; color: mediumblue;\">#formations #santenaturelle #naturopathie #herboristerie #aromatherapie #cuisinesaine #syndromedelimposteur #imagedesoi #cyclelunaire<\/span><\/p>\n<h3>\u00c9cole d&rsquo;art culinaire virtuelle<\/h3>\n<p>Chef Chantale vous offre d&rsquo;apprendre \u00e0 cuisiner sainement dans le confort de votre foyer et \u00e0 votre rythme. Suivez ses cours tout en b\u00e9n\u00e9ficiant de son soutien.<\/p>\n<p>Quatre cours sont actuellement offerts :<\/p>\n<ul>\n<li>Smoothies pour tous les jours<\/li>\n<li>Crusine express 1<\/li>\n<li>D\u00e9shydratation 101<\/li>\n<li>Cuisine saine des f\u00eates<\/li>\n<\/ul>\n<p>Pour en savoir plus ou pour vous inscrire, <a href=\"https:\/\/www.chantaleroy.ca\/en\/product-category\/classes-en-ligne\/\">cliquez ici&#8230;<\/a><\/p>\n<h3>Programme coll\u00e9gial de nutrition holistique au Coll\u00e8ge \u00c9ducacentre (100 % en ligne et en fran\u00e7ais)<\/h3>\n<p>Depuis septembre, vous pouvez \u00e9tudier en nutrition holistique de fa\u00e7on virtuelle, gr\u00e2ce au Coll\u00e8ge \u00c9ducacentre de Vancouver, C.-B. Chantale y enseignera les cours suivants :<\/p>\n<ul>\n<li>Pratiques alimentaires durables<\/li>\n<li>Conception culinaire<\/li>\n<li>R\u00e9gimes alimentaires<\/li>\n<\/ul>\n<p>Pour plus de d\u00e9tails, <a href=\"https:\/\/educacentre.com\/formation-collegiale\/sante-services-sociaux\/nutrition-holistique\/\">cliquez ici&#8230;<\/a><\/p>\n<h3>Programmes d\u2019art culinaire enseign\u00e9s<br \/>\npar Chef Chantale \u00e0 UBC (de 2010 \u00e0 2016)<\/h3>\n<p>Voici les programmes cr\u00e9\u00e9s par Chef Chantale :<\/p>\n<p style=\"padding-left: 30px;\">\u2665 \u00a0Introduction \u00e0 la cuisine crue<\/p>\n<p style=\"padding-left: 30px;\">\u2665 \u00a0Cuisine crue, niveau 2<\/p>\n<p style=\"padding-left: 30px;\">\u2665 \u00a0Introduction \u00e0 la cuisine v\u00e9g\u00e9tarienne<\/p>\n<p style=\"padding-left: 30px;\">\u2665 \u00a0Cuisinons en fran\u00e7ais (Cuisine fran\u00e7aise en version crue, v\u00e9g\u00e9talienne et v\u00e9g\u00e9tarienne)<\/p>\n<p style=\"padding-left: 30px;\">\u2665 \u00a0Cuisine v\u00e9g\u00e9tarienne pour adolescents seulement<\/p>\n<p style=\"padding-left: 30px;\">\u2665 \u00a0Cuisine v\u00e9g\u00e9tarienne sans gluten<\/p>\n<p style=\"padding-left: 30px;\">\u2665 \u00a0Cuisine crue express<\/p>\n<p style=\"padding-left: 30px;\">\u2665 \u00a0Cuisine v\u00e9g\u00e9tarienne gourmande<\/p>\n<p style=\"padding-left: 30px;\">\u2665 \u00a0Desserts crus v\u00e9g\u00e9taliens<\/p>\n<p style=\"padding-left: 30px;\">\u2665 \u00a0Cuisine v\u00e9g\u00e9tarienne gourmande des f\u00eates<\/p>\n\n\t\t<\/div>\n\t<\/div>\n<\/div><\/div><\/div><\/div><\/div><div class=\"vc_row wpb_row vc_row-fluid eltd-section vc_custom_1570916316850 eltd-content-aligment-left\" style=\"\"><div class=\"clearfix eltd-full-section-inner\"><div class=\"wpb_column vc_column_container vc_col-sm-12\"><div class=\"vc_column-inner\"><div class=\"wpb_wrapper\">\n\t<div class=\"wpb_text_column wpb_content_element vc_custom_1570916257898\" >\n\t\t<div class=\"wpb_wrapper\">\n\t\t\t<p><em>\u00ab\u00a0J\u2019ai eu une f\u00eate de famille hier ou il y avait de la bouffe traditionnelle sur la table. Chacun apportait un plat et nous avons apport\u00e9 une pizza v\u00e9g\u00e9 et une salade! On a fait ta recette de salade de ma\u00efs mexicaine! Elle a fait fureur, tout l\u2019monde est reparti avec des restants<\/em>\u2026 la n\u00f4tre avait disparu! C\u2019\u00e9tait vraiment un d\u00e9lice et tellement simple \u00e0 faire! Je voulais te partager cette tranche de vie! \u00bb<br \/>\n<strong>-J.R., QC<\/strong><\/p>\n\n\t\t<\/div>\n\t<\/div>\n<\/div><\/div><\/div><\/div><\/div><div class=\"vc_row wpb_row vc_row-fluid eltd-section eltd-content-aligment-left\" style=\"\"><div class=\"clearfix eltd-full-section-inner\"><div class=\"wpb_column vc_column_container vc_col-sm-12\"><div class=\"vc_column-inner\"><div class=\"wpb_wrapper\"><div data-eltd-parallax-speed=\"1\" class=\"vc_row wpb_row vc_inner vc_row-fluid eltd-section eltd-content-aligment-left\" style=\"\"><div class=\"eltd-full-section-inner\"><div class=\"wpb_column vc_column_container vc_col-sm-12\"><div class=\"vc_column-inner\"><div class=\"wpb_wrapper\">\n\t<div class=\"wpb_text_column wpb_content_element vc_custom_1570915732796\" >\n\t\t<div class=\"wpb_wrapper\">\n\t\t\t<h1>Teacher<\/h1>\n\n\t\t<\/div>\n\t<\/div>\n\n\t<div  class=\"wpb_single_image wpb_content_element vc_align_left wpb_content_element\">\n\t\t\n\t\t<figure class=\"wpb_wrapper vc_figure\">\n\t\t\t<div class=\"vc_single_image-wrapper   vc_box_border_grey\"><img loading=\"lazy\" decoding=\"async\" width=\"1326\" height=\"383\" src=\"https:\/\/www.chantaleroy.ca\/wp-content\/uploads\/2019\/10\/chef-heading.jpg\" class=\"vc_single_image-img attachment-full\" alt=\"\" title=\"chef-heading\" srcset=\"https:\/\/www.chantaleroy.ca\/wp-content\/uploads\/2019\/10\/chef-heading.jpg 1326w, https:\/\/www.chantaleroy.ca\/wp-content\/uploads\/2019\/10\/chef-heading-500x144.jpg 500w, https:\/\/www.chantaleroy.ca\/wp-content\/uploads\/2019\/10\/chef-heading-700x202.jpg 700w, https:\/\/www.chantaleroy.ca\/wp-content\/uploads\/2019\/10\/chef-heading-300x87.jpg 300w, https:\/\/www.chantaleroy.ca\/wp-content\/uploads\/2019\/10\/chef-heading-768x222.jpg 768w, https:\/\/www.chantaleroy.ca\/wp-content\/uploads\/2019\/10\/chef-heading-1024x296.jpg 1024w\" sizes=\"auto, (max-width: 1326px) 100vw, 1326px\" \/><\/div>\n\t\t<\/figure>\n\t<\/div>\n<\/div><\/div><\/div><\/div><\/div>\n\t<div class=\"wpb_text_column wpb_content_element vc_custom_1570915598029\" >\n\t\t<div class=\"wpb_wrapper\">\n\t\t\t<h3>Classes Taught at UBC<\/h3>\n<p>Chef Chantale offered healthy culinary art courses in beautiful facilities where students learned how to prepare raw or cooked vegetarian and vegan cuisine!<\/p>\n<p>Classes included:<\/p>\n<p style=\"padding-left: 30px;\">\u2665 \u00a0Introduction to Raw Cuisine<\/p>\n<p style=\"padding-left: 30px;\">\u2665 \u00a0Raw Cuisine Level 2<\/p>\n<p style=\"padding-left: 30px;\">\u2665 \u00a0Introduction to Vegetarian Cuisine<\/p>\n<p style=\"padding-left: 30px;\">\u2665 \u00a0Introduction to Vegan Cuisine<\/p>\n<p style=\"padding-left: 30px;\">\u2665 \u00a0Cuisinons en fran\u00e7ais (French cooking in their raw, vegan or vegetarian version)<\/p>\n<p style=\"padding-left: 30px;\">\u2665 \u00a0Vegetarian Cuisine for Teens Only<\/p>\n<p style=\"padding-left: 30px;\">\u2665 \u00a0Gluten Free Vegetarian Cuisine<\/p>\n<p style=\"padding-left: 30px;\">\u2665 \u00a0Raw Food Express<\/p>\n<p style=\"padding-left: 30px;\">\u2665 \u00a0Gourmet Vegetarian Cuisine<\/p>\n<p style=\"padding-left: 30px;\">\u2665 \u00a0Raw Vegan Desserts<\/p>\n<p style=\"padding-left: 30px;\">\u2665 \u00a0Gourmet Vegetarian Cuisine \u2013 Holiday Season<\/p>\n<p style=\"padding-left: 30px;\">\u2665 \u00a0Desserts crus v\u00e9g\u00e9taliens<\/p>\n<p style=\"padding-left: 30px;\">\u2665 \u00a0Cuisine v\u00e9g\u00e9tarienne gourmande des f\u00eates<\/p>\n\n\t\t<\/div>\n\t<\/div>\n<\/div><\/div><\/div><\/div><\/div><div class=\"vc_row wpb_row vc_row-fluid eltd-section vc_custom_1570916389802 eltd-content-aligment-left\" style=\"\"><div class=\"clearfix eltd-full-section-inner\"><div class=\"wpb_column vc_column_container vc_col-sm-12\"><div class=\"vc_column-inner\"><div class=\"wpb_wrapper\">\n\t<div class=\"wpb_text_column wpb_content_element vc_custom_1570916199241\" >\n\t\t<div class=\"wpb_wrapper\">\n\t\t\t<p>\u201cHi Chantale, you gave us so wonderful chance to learn more about raw food and encouraged my daughter to be more interested in this field.\u00a0\u00bb<\/p>\n<p><strong>-T.F., Vancouver, BC<\/strong><\/p>\n\n\t\t<\/div>\n\t<\/div>\n<\/div><\/div><\/div><\/div><\/div>\n<\/div>","protected":false},"excerpt":{"rendered":"Chef enseignante Exp\u00e9rience Natura (du 1er au 23 octobre 2020) D\u00e9couvrez l\u2019Exp\u00e9rience Natura! Un tout nouveau concept, dont je fais partie. &nbsp; Qu\u2019est-ce que c\u2019est? -\u00a0\u00a0\u00a0 15 formations en ligne r\u00e9parties ainsi : -\u00a0\u00a0\u00a0 1 cours sur les bases de l\u2019aromath\u00e9rapie -\u00a0\u00a0\u00a0 1 formation sur...","protected":false},"author":1001063,"featured_media":0,"parent":0,"menu_order":0,"comment_status":"closed","ping_status":"closed","template":"","meta":{"footnotes":""},"class_list":["post-52734","page","type-page","status-publish","hentry"],"_links":{"self":[{"href":"https:\/\/www.chantaleroy.ca\/en\/wp-json\/wp\/v2\/pages\/52734","targetHints":{"allow":["GET"]}}],"collection":[{"href":"https:\/\/www.chantaleroy.ca\/en\/wp-json\/wp\/v2\/pages"}],"about":[{"href":"https:\/\/www.chantaleroy.ca\/en\/wp-json\/wp\/v2\/types\/page"}],"author":[{"embeddable":true,"href":"https:\/\/www.chantaleroy.ca\/en\/wp-json\/wp\/v2\/users\/1001063"}],"replies":[{"embeddable":true,"href":"https:\/\/www.chantaleroy.ca\/en\/wp-json\/wp\/v2\/comments?post=52734"}],"version-history":[{"count":23,"href":"https:\/\/www.chantaleroy.ca\/en\/wp-json\/wp\/v2\/pages\/52734\/revisions"}],"predecessor-version":[{"id":53450,"href":"https:\/\/www.chantaleroy.ca\/en\/wp-json\/wp\/v2\/pages\/52734\/revisions\/53450"}],"wp:attachment":[{"href":"https:\/\/www.chantaleroy.ca\/en\/wp-json\/wp\/v2\/media?parent=52734"}],"curies":[{"name":"wp","href":"https:\/\/api.w.org\/{rel}","templated":true}]}}