{"id":52739,"date":"2019-10-08T17:16:42","date_gmt":"2019-10-09T00:16:42","guid":{"rendered":"https:\/\/www.chantaleroy.ca\/?page_id=52739"},"modified":"2026-04-28T15:02:52","modified_gmt":"2026-04-28T22:02:52","slug":"ateliers","status":"publish","type":"page","link":"https:\/\/www.chantaleroy.ca\/en\/ateliers\/","title":{"rendered":"Ateliers"},"content":{"rendered":"<div class=\"wpb-content-wrapper\"><div class=\"vc_row wpb_row vc_row-fluid eltd-section eltd-content-aligment-left\" style=\"\"><div class=\"clearfix eltd-full-section-inner\"><div class=\"wpb_column vc_column_container vc_col-sm-12\"><div class=\"vc_column-inner\"><div class=\"wpb_wrapper\">\n\t<div class=\"wpb_text_column wpb_content_element\" >\n\t\t<div class=\"wpb_wrapper\">\n\t\t\t<h1 style=\"text-align: center;\">Ateliers<\/h1>\n\n\t\t<\/div>\n\t<\/div>\n\n\t<div  class=\"wpb_single_image wpb_content_element vc_align_left wpb_content_element vc_custom_1570931776026\">\n\t\t\n\t\t<figure class=\"wpb_wrapper vc_figure\">\n\t\t\t<div class=\"vc_single_image-wrapper   vc_box_border_grey\"><img loading=\"lazy\" decoding=\"async\" width=\"1200\" height=\"300\" src=\"https:\/\/www.chantaleroy.ca\/wp-content\/uploads\/2018\/07\/services.jpg\" class=\"vc_single_image-img attachment-full\" alt=\"\" title=\"services\" srcset=\"https:\/\/www.chantaleroy.ca\/wp-content\/uploads\/2018\/07\/services.jpg 1200w, https:\/\/www.chantaleroy.ca\/wp-content\/uploads\/2018\/07\/services-500x125.jpg 500w, https:\/\/www.chantaleroy.ca\/wp-content\/uploads\/2018\/07\/services-700x175.jpg 700w, https:\/\/www.chantaleroy.ca\/wp-content\/uploads\/2018\/07\/services-300x75.jpg 300w, https:\/\/www.chantaleroy.ca\/wp-content\/uploads\/2018\/07\/services-768x192.jpg 768w, https:\/\/www.chantaleroy.ca\/wp-content\/uploads\/2018\/07\/services-1024x256.jpg 1024w\" sizes=\"auto, (max-width: 1200px) 100vw, 1200px\" \/><\/div>\n\t\t<\/figure>\n\t<\/div>\n<\/div><\/div><\/div><\/div><\/div><div class=\"vc_row wpb_row vc_row-fluid eltd-section vc_custom_1570931786944 eltd-content-aligment-left\" style=\"\"><div class=\"clearfix eltd-full-section-inner\"><div class=\"wpb_column vc_column_container vc_col-sm-12\"><div class=\"vc_column-inner\"><div class=\"wpb_wrapper\">\n\t<div class=\"wpb_text_column wpb_content_element\" >\n\t\t<div class=\"wpb_wrapper\">\n\t\t\t<h3>Ateliers de cuisine partout dans le monde\u2026<\/h3>\n<p style=\"padding-left: 30px;\">\u2665 \u00a0Atelier-d\u00e9monstration \u00ab Crusine express 1\u00e8re partie \u00bb (2,5 heures)<\/p>\n<p style=\"padding-left: 30px;\">\u2665 \u00a0Atelier-d\u00e9monstration \u00ab Crusine express 2e partie \u00bb (2,5 heures)<\/p>\n<p style=\"padding-left: 30px;\">\u2665 \u00a0Atelier-d\u00e9monstration \u00ab Introduction \u00e0 l\u2019alimentation crue \u00bb (2,5 heures)<\/p>\n<p style=\"padding-left: 30px;\">\u2665 \u00a0Atelier-d\u00e9monstration d\u2019une journ\u00e9e en cuisine crue (6 heures)<\/p>\n<p style=\"padding-left: 30px;\">\u2665 \u00a0Atelier-d\u00e9monstration \u00ab Introduction \u00e0 l\u2019alimentation d\u00e9toxifiante \u00bb (2,5 heures)<\/p>\n<p style=\"padding-left: 30px;\">\u2665 \u00a0Atelier-d\u00e9monstration \u00ab Pousses et germinations 101 \u00bb (2 heures)<\/p>\n<p style=\"padding-left: 30px;\">\u2665 \u00a0Atelier-d\u00e9monstration \u00ab Jus, jus, jus \u00bb (2 heures)<\/p>\n<p style=\"padding-left: 30px;\">\u2665 \u00a0Atelier-d\u00e9monstration \u00ab Cru, une journ\u00e9e par semaine \u00bb (2,5 heures)<\/p>\n<p style=\"padding-left: 30px;\">\u2665 Atelier-d\u00e9monstration \u00ab D\u00e9shydratation 101 \u00bb (2,5 heures)<\/p>\n<p style=\"padding-left: 30px;\">\u2665 \u00a0Atelier \u00ab Am\u00e9nagement d\u2019une cuisine crue \u00bb (2,5 heures)<\/p>\n<p style=\"padding-left: 30px;\">\u2665 \u00a0Atelier-d\u00e9monstration \u00ab Cuisine crue facile et sans noix \u00bb (2,5 heures)<\/p>\n<p style=\"padding-left: 30px;\">\u2665 \u00a0Atelier-d\u00e9monstration \u00ab Petits d\u00e9jeuners crus \u00bb (2,5 heures)<\/p>\n<p style=\"padding-left: 30px;\">\u2665 \u00a0Atelier pratique de fabrication d\u2019une tablette de chocolat cru, pour les enfants, adolescents ou adultes (75, 90 ou 200 minutes)<\/p>\n<p style=\"padding-left: 30px;\">\u2665 \u00a0Atelier-d\u00e9monstration \u00ab P\u00e2tisserie gourmande crue \u00bb (2,5 heures)<\/p>\n<p style=\"padding-left: 30px;\">\u2665 \u00a0Atelier-d\u00e9monstration \u00ab Introduction \u00e0 la cuisine v\u00e9g\u00e9tarienne \u00bb (2,5 heures)<\/p>\n<p style=\"padding-left: 30px;\">\u2665 \u00a0Atelier-d\u00e9monstration \u00ab Introduction \u00e0 la cuisine v\u00e9g\u00e9talienne et sans gluten \u00bb (2,5 heures)<\/p>\n<p style=\"padding-left: 30px;\">\u2665 \u00a0Atelier-d\u00e9monstration \u00ab Cuisine fran\u00e7aise, version crue et cuite, v\u00e9g\u00e9talienne et v\u00e9g\u00e9tarienne \u00bb (2,5 heures)<\/p>\n<p style=\"padding-left: 30px;\">\u2665 \u00a0Atelier-d\u00e9monstration \u00ab Cuisine v\u00e9g\u00e9tale pour ados \u00bb (2,5 heures)<\/p>\n<p style=\"padding-left: 30px;\">\u2665 \u00a0Atelier-d\u00e9monstration \u00ab Fine cuisine v\u00e9g\u00e9talienne et v\u00e9g\u00e9tarienne \u00bb (2,5 heures)<\/p>\n<p style=\"padding-left: 30px;\">\u2665 \u00a0Atelier-d\u00e9monstration \u00ab Cuisine saine des f\u00eates \u00bb (2,5 heures)<\/p>\n<p style=\"padding-left: 30px;\">\u2665 \u00a0Atelier-d\u00e9monstration \u00ab Cru et cuit, en harmonie 1 \u00bb (2,5 heures)<\/p>\n<p style=\"padding-left: 30px;\">\u2665 \u00a0Atelier-d\u00e9monstration \u00ab Cru et cuit, en harmonie 2 \u00bb (2,5 heures)<\/p>\n<h3>Et voici un aper\u00e7u des ateliers offerts en milieu scolaire par Chantale :<\/h3>\n<p style=\"padding-left: 30px;\">\u2665 \u00a0Chocolat cru v\u00e9g\u00e9 : fabrication de sa propre tablette de chocolat cru, sans sucre raffin\u00e9 et v\u00e9g\u00e9talien + histoire du cacao et commerce \u00e9quitable.<\/p>\n<p style=\"padding-left: 30px;\">\u2665 \u00a0Sushi cru v\u00e9g\u00e9 : d\u00e9licieux sushis vitamin\u00e9s, sans riz et sans poisson!<\/p>\n<p style=\"padding-left: 30px;\">\u2665 \u00a0Smoothie v\u00e9g\u00e9talien : super boisson nutritive pour cerveau actif et allum\u00e9!<\/p>\n<p style=\"padding-left: 30px;\">\u2665 \u00a0Wrap v\u00e9g\u00e9 : lunch rapide et soutenant pour journ\u00e9e bien occup\u00e9e!<\/p>\n<p style=\"padding-left: 30px;\">\u2665 \u00a0Salade de p\u00e2tes et l\u00e9gumineuses : apprivoiser les l\u00e9gumes et l\u00e9gumineuses!<\/p>\n<p style=\"padding-left: 30px;\">\u2665 \u00a0Mousse au chocolat crue : ingr\u00e9dients secrets et sains.<\/p>\n<p style=\"padding-left: 30px;\">\u2665 \u00a0Cr\u00e8me glac\u00e9e crue : avec des fruits seulement!<\/p>\n<p style=\"padding-left: 30px;\">\u2665 \u00a0Germinations et pousses : maximum de nutriments, \u00e9conomique et amusant!<\/p>\n<p>Ces ateliers p\u00e9dagogiques inspirants, interactifs et adapt\u00e9s \u00e0 l\u2019\u00e2ge des enfants et adolescents sont d\u2019une dur\u00e9e de 90 minutes ou moins, selon le temps allou\u00e9. Le co\u00fbt est de 7$ par participant. Une liste du mat\u00e9riel simple requis est envoy\u00e9e aux organisateurs. Seuls un acc\u00e8s \u00e0 un \u00e9vier et \u00e0 l\u2019\u00e9lectricit\u00e9, de m\u00eame que quelques articles de cuisine sont n\u00e9cessaires. Sous le signe de la sant\u00e9 et du d\u00e9veloppement durable, ces ateliers culinaires v\u00e9g\u00e9s sont sans produits laitiers, sans oeufs, sans noix et sans sucre raffin\u00e9.<\/p>\n\n\t\t<\/div>\n\t<\/div>\n<\/div><\/div><\/div><\/div><\/div><div class=\"vc_row wpb_row vc_row-fluid eltd-section vc_custom_1570932036804 eltd-content-aligment-left\" style=\"\"><div class=\"clearfix eltd-full-section-inner\"><div class=\"wpb_column vc_column_container vc_col-sm-6\"><div class=\"vc_column-inner vc_custom_1570932089594\"><div class=\"wpb_wrapper\">\n\t<div  class=\"wpb_single_image wpb_content_element vc_align_left wpb_content_element\">\n\t\t\n\t\t<figure class=\"wpb_wrapper vc_figure\">\n\t\t\t<a class=\"\" data-lightbox=\"lightbox[rel-52739-3232374583]\" href=\"https:\/\/www.chantaleroy.ca\/wp-content\/uploads\/2014\/02\/d\u00e9pliant-ateliers-de-cuisine-1-scaled.jpg\" target=\"_self\" class=\"vc_single_image-wrapper   vc_box_border_grey\"><img loading=\"lazy\" decoding=\"async\" width=\"2560\" height=\"1978\" src=\"https:\/\/www.chantaleroy.ca\/wp-content\/uploads\/2014\/02\/d\u00e9pliant-ateliers-de-cuisine-1-scaled.jpg\" class=\"vc_single_image-img attachment-full\" alt=\"\" title=\"d\u00e9pliant ateliers de cuisine 1d\u00e9pliant ateliers de cuisine 1\" srcset=\"https:\/\/www.chantaleroy.ca\/wp-content\/uploads\/2014\/02\/d\u00e9pliant-ateliers-de-cuisine-1-scaled.jpg 2560w, https:\/\/www.chantaleroy.ca\/wp-content\/uploads\/2014\/02\/d\u00e9pliant-ateliers-de-cuisine-1-500x386.jpg 500w, https:\/\/www.chantaleroy.ca\/wp-content\/uploads\/2014\/02\/d\u00e9pliant-ateliers-de-cuisine-1-700x541.jpg 700w\" sizes=\"auto, (max-width: 2560px) 100vw, 2560px\" \/><\/a>\n\t\t<\/figure>\n\t<\/div>\n<\/div><\/div><\/div><div class=\"wpb_column vc_column_container vc_col-sm-6\"><div class=\"vc_column-inner vc_custom_1570932103290\"><div class=\"wpb_wrapper\">\n\t<div  class=\"wpb_single_image wpb_content_element vc_align_left wpb_content_element\">\n\t\t\n\t\t<figure class=\"wpb_wrapper vc_figure\">\n\t\t\t<a class=\"\" data-lightbox=\"lightbox[rel-52739-1349221556]\" href=\"https:\/\/www.chantaleroy.ca\/wp-content\/uploads\/2014\/02\/d\u00e9pliant-ateliers-de-cuisine-2-scaled.jpg\" target=\"_self\" class=\"vc_single_image-wrapper   vc_box_border_grey\"><img loading=\"lazy\" decoding=\"async\" width=\"2560\" height=\"1978\" src=\"https:\/\/www.chantaleroy.ca\/wp-content\/uploads\/2014\/02\/d\u00e9pliant-ateliers-de-cuisine-2-scaled.jpg\" class=\"vc_single_image-img attachment-full\" alt=\"\" title=\"d\u00e9pliant ateliers de cuisine 2d\u00e9pliant ateliers de cuisine 2\" srcset=\"https:\/\/www.chantaleroy.ca\/wp-content\/uploads\/2014\/02\/d\u00e9pliant-ateliers-de-cuisine-2-scaled.jpg 2560w, https:\/\/www.chantaleroy.ca\/wp-content\/uploads\/2014\/02\/d\u00e9pliant-ateliers-de-cuisine-2-500x386.jpg 500w, https:\/\/www.chantaleroy.ca\/wp-content\/uploads\/2014\/02\/d\u00e9pliant-ateliers-de-cuisine-2-700x541.jpg 700w\" sizes=\"auto, (max-width: 2560px) 100vw, 2560px\" \/><\/a>\n\t\t<\/figure>\n\t<\/div>\n<\/div><\/div><\/div><\/div><\/div><div class=\"vc_row wpb_row vc_row-fluid eltd-section vc_custom_1570932222444 eltd-content-aligment-left\" style=\"\"><div class=\"clearfix eltd-full-section-inner\"><div class=\"wpb_column vc_column_container vc_col-sm-6\"><div class=\"vc_column-inner vc_custom_1570932117294\"><div class=\"wpb_wrapper\">\n\t<div  class=\"wpb_single_image wpb_content_element vc_align_left wpb_content_element\">\n\t\t\n\t\t<figure class=\"wpb_wrapper vc_figure\">\n\t\t\t<a class=\"\" data-lightbox=\"lightbox[rel-52739-2370974872]\" href=\"https:\/\/www.chantaleroy.ca\/wp-content\/uploads\/2014\/02\/d\u00e9pliant-ateliers-scolaires-1-scaled.jpg\" target=\"_self\" class=\"vc_single_image-wrapper   vc_box_border_grey\"><img loading=\"lazy\" decoding=\"async\" width=\"2560\" height=\"1978\" src=\"https:\/\/www.chantaleroy.ca\/wp-content\/uploads\/2014\/02\/d\u00e9pliant-ateliers-scolaires-1-scaled.jpg\" class=\"vc_single_image-img attachment-full\" alt=\"\" title=\"d\u00e9pliant ateliers scolaires 1d\u00e9pliant ateliers scolaires 1\" srcset=\"https:\/\/www.chantaleroy.ca\/wp-content\/uploads\/2014\/02\/d\u00e9pliant-ateliers-scolaires-1-scaled.jpg 2560w, https:\/\/www.chantaleroy.ca\/wp-content\/uploads\/2014\/02\/d\u00e9pliant-ateliers-scolaires-1-500x386.jpg 500w, https:\/\/www.chantaleroy.ca\/wp-content\/uploads\/2014\/02\/d\u00e9pliant-ateliers-scolaires-1-700x541.jpg 700w\" sizes=\"auto, (max-width: 2560px) 100vw, 2560px\" \/><\/a>\n\t\t<\/figure>\n\t<\/div>\n<\/div><\/div><\/div><div class=\"wpb_column vc_column_container vc_col-sm-6\"><div class=\"vc_column-inner vc_custom_1570932123078\"><div class=\"wpb_wrapper\">\n\t<div  class=\"wpb_single_image wpb_content_element vc_align_left wpb_content_element\">\n\t\t\n\t\t<figure class=\"wpb_wrapper vc_figure\">\n\t\t\t<a class=\"\" data-lightbox=\"lightbox[rel-52739-2311886250]\" href=\"https:\/\/www.chantaleroy.ca\/wp-content\/uploads\/2014\/02\/d\u00e9pliant-ateliers-scolaires-2-scaled.jpg\" target=\"_self\" class=\"vc_single_image-wrapper   vc_box_border_grey\"><img loading=\"lazy\" decoding=\"async\" width=\"2560\" height=\"1978\" src=\"https:\/\/www.chantaleroy.ca\/wp-content\/uploads\/2014\/02\/d\u00e9pliant-ateliers-scolaires-2-scaled.jpg\" class=\"vc_single_image-img attachment-full\" alt=\"\" title=\"d\u00e9pliant ateliers scolaires 2d\u00e9pliant ateliers scolaires 2\" srcset=\"https:\/\/www.chantaleroy.ca\/wp-content\/uploads\/2014\/02\/d\u00e9pliant-ateliers-scolaires-2-scaled.jpg 2560w, https:\/\/www.chantaleroy.ca\/wp-content\/uploads\/2014\/02\/d\u00e9pliant-ateliers-scolaires-2-500x386.jpg 500w, https:\/\/www.chantaleroy.ca\/wp-content\/uploads\/2014\/02\/d\u00e9pliant-ateliers-scolaires-2-700x541.jpg 700w\" sizes=\"auto, (max-width: 2560px) 100vw, 2560px\" \/><\/a>\n\t\t<\/figure>\n\t<\/div>\n<\/div><\/div><\/div><\/div><\/div><div class=\"vc_row wpb_row vc_row-fluid eltd-section vc_custom_1570931161601 eltd-content-aligment-left\" style=\"\"><div class=\"clearfix eltd-full-section-inner\"><div class=\"wpb_column vc_column_container vc_col-sm-12\"><div class=\"vc_column-inner\"><div class=\"wpb_wrapper\">\n\t<div class=\"wpb_text_column wpb_content_element\" >\n\t\t<div class=\"wpb_wrapper\">\n\t\t\t<h1>Workshops<\/h1>\n\n\t\t<\/div>\n\t<\/div>\n\n\t<div  class=\"wpb_single_image wpb_content_element vc_align_left wpb_content_element vc_custom_1570931207531\">\n\t\t\n\t\t<figure class=\"wpb_wrapper vc_figure\">\n\t\t\t<div class=\"vc_single_image-wrapper   vc_box_border_grey\"><img loading=\"lazy\" decoding=\"async\" width=\"1200\" height=\"300\" src=\"https:\/\/www.chantaleroy.ca\/wp-content\/uploads\/2018\/07\/services.jpg\" class=\"vc_single_image-img attachment-full\" alt=\"\" title=\"services\" srcset=\"https:\/\/www.chantaleroy.ca\/wp-content\/uploads\/2018\/07\/services.jpg 1200w, https:\/\/www.chantaleroy.ca\/wp-content\/uploads\/2018\/07\/services-500x125.jpg 500w, https:\/\/www.chantaleroy.ca\/wp-content\/uploads\/2018\/07\/services-700x175.jpg 700w, https:\/\/www.chantaleroy.ca\/wp-content\/uploads\/2018\/07\/services-300x75.jpg 300w, https:\/\/www.chantaleroy.ca\/wp-content\/uploads\/2018\/07\/services-768x192.jpg 768w, https:\/\/www.chantaleroy.ca\/wp-content\/uploads\/2018\/07\/services-1024x256.jpg 1024w\" sizes=\"auto, (max-width: 1200px) 100vw, 1200px\" \/><\/div>\n\t\t<\/figure>\n\t<\/div>\n<\/div><\/div><\/div><\/div><\/div><div class=\"vc_row wpb_row vc_row-fluid eltd-section vc_custom_1570917217796 eltd-content-aligment-left\" style=\"\"><div class=\"clearfix eltd-full-section-inner\"><div class=\"wpb_column vc_column_container vc_col-sm-12\"><div class=\"vc_column-inner\"><div class=\"wpb_wrapper\">\n\t<div class=\"wpb_text_column wpb_content_element\" >\n\t\t<div class=\"wpb_wrapper\">\n\t\t\t<h3>Below are some workshops that Chantale has done around the globe. Get in touch to book a workshop now!<\/h3>\n<p style=\"padding-left: 30px;\">\u2665 \u00a0Talk 1: Raw Foods: An Ancient Tool for Body, Mind and Planetary Health. (2 hours)<\/p>\n<p style=\"padding-left: 30px;\">\u2665 \u00a0Talk 2: Introduction to Raw Food Diet (75-90 min)<\/p>\n<p style=\"padding-left: 30px;\">\u2665 \u00a0Workshop-Demo: Rawfreshing Express 1 (2.5 hours)<\/p>\n<p style=\"padding-left: 30px;\">\u2665 \u00a0Workshop-Demo: Rawfreshing Express 2 \u00a0(2.5 hours)<\/p>\n<p style=\"padding-left: 30px;\">\u2665 \u00a0Workshop-Demo: Introduction to Raw Food Cuisine (2.5 hours)<\/p>\n<p style=\"padding-left: 30px;\">\u2665 \u00a0One-Day Workshop-Demo (6 hours)<\/p>\n<p style=\"padding-left: 30px;\">\u2665 \u00a0Workshop-Demo: Introduction to Detox Diet (2.5 hours)<\/p>\n<p style=\"padding-left: 30px;\">\u2665 \u00a0Hands-On Raw Chocolate Making Workshop (2 hours)<\/p>\n<p style=\"padding-left: 30px;\">\u2665 \u00a0Workshop-Demo: Raw Gourmet Pastry (2.5 hours)<\/p>\n<p style=\"padding-left: 30px;\">\u2665 \u00a0Workshop-Demo: Introduction to Vegetarian Cuisine (2.5 hours)<\/p>\n<p style=\"padding-left: 30px;\">\u2665 \u00a0Workshop-Demo: Introduction to Vegan and Gluten-Free Cuisine (2.5 hours)<\/p>\n\n\t\t<\/div>\n\t<\/div>\n<\/div><\/div><\/div><\/div><\/div><div class=\"vc_row wpb_row vc_row-fluid eltd-section vc_custom_1570917896887 eltd-content-aligment-left\" style=\"\"><div class=\"clearfix eltd-full-section-inner\"><div class=\"wpb_column vc_column_container vc_col-sm-6\"><div class=\"vc_column-inner vc_custom_1570917635829\"><div class=\"wpb_wrapper\">\n\t<div  class=\"wpb_single_image wpb_content_element vc_align_left wpb_content_element\">\n\t\t\n\t\t<figure class=\"wpb_wrapper vc_figure\">\n\t\t\t<a class=\"\" data-lightbox=\"lightbox[rel-52739-540957940]\" href=\"https:\/\/www.chantaleroy.ca\/wp-content\/uploads\/2014\/02\/d\u00e9pliant-ateliers-de-cuisine-1-scaled.jpg\" target=\"_self\" class=\"vc_single_image-wrapper   vc_box_border_grey\"><img loading=\"lazy\" decoding=\"async\" width=\"2560\" height=\"1978\" src=\"https:\/\/www.chantaleroy.ca\/wp-content\/uploads\/2014\/02\/d\u00e9pliant-ateliers-de-cuisine-1-scaled.jpg\" class=\"vc_single_image-img attachment-full\" alt=\"\" title=\"d\u00e9pliant ateliers de cuisine 1d\u00e9pliant ateliers de cuisine 1\" srcset=\"https:\/\/www.chantaleroy.ca\/wp-content\/uploads\/2014\/02\/d\u00e9pliant-ateliers-de-cuisine-1-scaled.jpg 2560w, https:\/\/www.chantaleroy.ca\/wp-content\/uploads\/2014\/02\/d\u00e9pliant-ateliers-de-cuisine-1-500x386.jpg 500w, https:\/\/www.chantaleroy.ca\/wp-content\/uploads\/2014\/02\/d\u00e9pliant-ateliers-de-cuisine-1-700x541.jpg 700w\" sizes=\"auto, (max-width: 2560px) 100vw, 2560px\" \/><\/a>\n\t\t<\/figure>\n\t<\/div>\n<\/div><\/div><\/div><div class=\"wpb_column vc_column_container vc_col-sm-6\"><div class=\"vc_column-inner vc_custom_1570917822639\"><div class=\"wpb_wrapper\">\n\t<div  class=\"wpb_single_image wpb_content_element vc_align_left wpb_content_element\">\n\t\t\n\t\t<figure class=\"wpb_wrapper vc_figure\">\n\t\t\t<a class=\"\" data-lightbox=\"lightbox[rel-52739-2702091929]\" href=\"https:\/\/www.chantaleroy.ca\/wp-content\/uploads\/2014\/02\/d\u00e9pliant-ateliers-de-cuisine-2-scaled.jpg\" target=\"_self\" class=\"vc_single_image-wrapper   vc_box_border_grey\"><img loading=\"lazy\" decoding=\"async\" width=\"2560\" height=\"1978\" src=\"https:\/\/www.chantaleroy.ca\/wp-content\/uploads\/2014\/02\/d\u00e9pliant-ateliers-de-cuisine-2-scaled.jpg\" class=\"vc_single_image-img attachment-full\" alt=\"\" title=\"d\u00e9pliant ateliers de cuisine 2d\u00e9pliant ateliers de cuisine 2\" srcset=\"https:\/\/www.chantaleroy.ca\/wp-content\/uploads\/2014\/02\/d\u00e9pliant-ateliers-de-cuisine-2-scaled.jpg 2560w, https:\/\/www.chantaleroy.ca\/wp-content\/uploads\/2014\/02\/d\u00e9pliant-ateliers-de-cuisine-2-500x386.jpg 500w, https:\/\/www.chantaleroy.ca\/wp-content\/uploads\/2014\/02\/d\u00e9pliant-ateliers-de-cuisine-2-700x541.jpg 700w\" sizes=\"auto, (max-width: 2560px) 100vw, 2560px\" \/><\/a>\n\t\t<\/figure>\n\t<\/div>\n<\/div><\/div><\/div><\/div><\/div><div class=\"vc_row wpb_row vc_row-fluid eltd-section vc_custom_1570917766080 eltd-content-aligment-left\" style=\"\"><div class=\"clearfix eltd-full-section-inner\"><div class=\"wpb_column vc_column_container vc_col-sm-6\"><div class=\"vc_column-inner vc_custom_1570917574104\"><div class=\"wpb_wrapper\">\n\t<div  class=\"wpb_single_image wpb_content_element vc_align_left wpb_content_element\">\n\t\t\n\t\t<figure class=\"wpb_wrapper vc_figure\">\n\t\t\t<a class=\"\" data-lightbox=\"lightbox[rel-52739-409057322]\" href=\"https:\/\/www.chantaleroy.ca\/wp-content\/uploads\/2014\/02\/d\u00e9pliant-ateliers-scolaires-1-scaled.jpg\" target=\"_self\" class=\"vc_single_image-wrapper   vc_box_border_grey\"><img loading=\"lazy\" decoding=\"async\" width=\"2560\" height=\"1978\" src=\"https:\/\/www.chantaleroy.ca\/wp-content\/uploads\/2014\/02\/d\u00e9pliant-ateliers-scolaires-1-scaled.jpg\" class=\"vc_single_image-img attachment-full\" alt=\"\" title=\"d\u00e9pliant ateliers scolaires 1d\u00e9pliant ateliers scolaires 1\" srcset=\"https:\/\/www.chantaleroy.ca\/wp-content\/uploads\/2014\/02\/d\u00e9pliant-ateliers-scolaires-1-scaled.jpg 2560w, https:\/\/www.chantaleroy.ca\/wp-content\/uploads\/2014\/02\/d\u00e9pliant-ateliers-scolaires-1-500x386.jpg 500w, https:\/\/www.chantaleroy.ca\/wp-content\/uploads\/2014\/02\/d\u00e9pliant-ateliers-scolaires-1-700x541.jpg 700w\" sizes=\"auto, (max-width: 2560px) 100vw, 2560px\" \/><\/a>\n\t\t<\/figure>\n\t<\/div>\n<\/div><\/div><\/div><div class=\"wpb_column vc_column_container vc_col-sm-6\"><div class=\"vc_column-inner vc_custom_1570917868276\"><div class=\"wpb_wrapper\">\n\t<div  class=\"wpb_single_image wpb_content_element vc_align_left wpb_content_element\">\n\t\t\n\t\t<figure class=\"wpb_wrapper vc_figure\">\n\t\t\t<a class=\"\" data-lightbox=\"lightbox[rel-52739-4025076541]\" href=\"https:\/\/www.chantaleroy.ca\/wp-content\/uploads\/2014\/02\/d\u00e9pliant-ateliers-scolaires-2-scaled.jpg\" target=\"_self\" class=\"vc_single_image-wrapper   vc_box_border_grey\"><img loading=\"lazy\" decoding=\"async\" width=\"2560\" height=\"1978\" src=\"https:\/\/www.chantaleroy.ca\/wp-content\/uploads\/2014\/02\/d\u00e9pliant-ateliers-scolaires-2-scaled.jpg\" class=\"vc_single_image-img attachment-full\" alt=\"\" title=\"d\u00e9pliant ateliers scolaires 2d\u00e9pliant ateliers scolaires 2\" srcset=\"https:\/\/www.chantaleroy.ca\/wp-content\/uploads\/2014\/02\/d\u00e9pliant-ateliers-scolaires-2-scaled.jpg 2560w, https:\/\/www.chantaleroy.ca\/wp-content\/uploads\/2014\/02\/d\u00e9pliant-ateliers-scolaires-2-500x386.jpg 500w, https:\/\/www.chantaleroy.ca\/wp-content\/uploads\/2014\/02\/d\u00e9pliant-ateliers-scolaires-2-700x541.jpg 700w\" sizes=\"auto, (max-width: 2560px) 100vw, 2560px\" \/><\/a>\n\t\t<\/figure>\n\t<\/div>\n<\/div><\/div><\/div><\/div><\/div>\n<\/div>","protected":false},"excerpt":{"rendered":"Ateliers Ateliers de cuisine partout dans le monde\u2026 \u2665 \u00a0Atelier-d\u00e9monstration \u00ab Crusine express 1\u00e8re partie \u00bb (2,5 heures) \u2665 \u00a0Atelier-d\u00e9monstration \u00ab Crusine express 2e partie \u00bb (2,5 heures) \u2665 \u00a0Atelier-d\u00e9monstration \u00ab Introduction \u00e0 l\u2019alimentation crue \u00bb (2,5 heures) \u2665 \u00a0Atelier-d\u00e9monstration d\u2019une journ\u00e9e en cuisine crue...","protected":false},"author":1001063,"featured_media":0,"parent":0,"menu_order":0,"comment_status":"closed","ping_status":"closed","template":"","meta":{"footnotes":""},"class_list":["post-52739","page","type-page","status-publish","hentry"],"_links":{"self":[{"href":"https:\/\/www.chantaleroy.ca\/en\/wp-json\/wp\/v2\/pages\/52739","targetHints":{"allow":["GET"]}}],"collection":[{"href":"https:\/\/www.chantaleroy.ca\/en\/wp-json\/wp\/v2\/pages"}],"about":[{"href":"https:\/\/www.chantaleroy.ca\/en\/wp-json\/wp\/v2\/types\/page"}],"author":[{"embeddable":true,"href":"https:\/\/www.chantaleroy.ca\/en\/wp-json\/wp\/v2\/users\/1001063"}],"replies":[{"embeddable":true,"href":"https:\/\/www.chantaleroy.ca\/en\/wp-json\/wp\/v2\/comments?post=52739"}],"version-history":[{"count":25,"href":"https:\/\/www.chantaleroy.ca\/en\/wp-json\/wp\/v2\/pages\/52739\/revisions"}],"predecessor-version":[{"id":53448,"href":"https:\/\/www.chantaleroy.ca\/en\/wp-json\/wp\/v2\/pages\/52739\/revisions\/53448"}],"wp:attachment":[{"href":"https:\/\/www.chantaleroy.ca\/en\/wp-json\/wp\/v2\/media?parent=52739"}],"curies":[{"name":"wp","href":"https:\/\/api.w.org\/{rel}","templated":true}]}}