{"id":42691,"date":"2021-03-01T22:41:13","date_gmt":"2021-03-02T06:41:13","guid":{"rendered":"http:\/\/www.chantaleroy.ca\/?post_type=product&#038;p=42691"},"modified":"2025-12-11T12:24:51","modified_gmt":"2025-12-11T20:24:51","slug":"books-and-dvd-rawfreshing-cuisine-rawfreshing-express-1-in-english-coming-soon","status":"publish","type":"product","link":"https:\/\/www.chantaleroy.ca\/en\/product\/books-and-dvd-rawfreshing-cuisine-rawfreshing-express-1-in-english-coming-soon\/","title":{"rendered":"[:fr]Rawfreshing Cuisine + Rawfreshing Express 1 (en anglais) (Version papier)[:en]Rawfreshing Cuisine + Rawfreshing Express 1 (in English) (Hard Copies)[:]"},"content":{"rendered":"<p>[:fr]Deux livres de recettes (en anglais) crues et v\u00e9g\u00e9taliennes cr\u00e9\u00e9es par chef Chantale Roy. Int\u00e9grez plus de v\u00e9g\u00e9taux dans votre alimentation quotidienne, am\u00e9liorez votre empreinte carbone et soyez plus en sant\u00e9!<\/p>\n<p>Two raw vegan recipe (in English) books developed by chef Chantale Roy. Add more veggies in your daily dier, improve votre carbon footprint and be healthier!<\/p>\n<p>&nbsp;[:en]Do you love Chantale&rsquo;s books? Why not order both of them today? Here&rsquo;s a special offer when you purchase them both!<\/p>\n<p>Rawfreshing Express 1 is Chantale&rsquo;s second book!<\/p>\n<p>Deux livres de recettes (en anglais) crues et v\u00e9g\u00e9taliennes cr\u00e9\u00e9es par chef Chantale Roy. Int\u00e9grez plus de v\u00e9g\u00e9taux dans votre alimentation quotidienne, am\u00e9liorez votre empreinte carbone et soyez plus en sant\u00e9!<\/p>\n<p>Two raw vegan recipe (in English) books developed by chef Chantale Roy. Add more veggies in your daily dier, improve votre carbon footprint and be healthier!<\/p>\n<p>&nbsp;[:]<\/p>\n","protected":false},"excerpt":{"rendered":"<p>[:fr]Deux livres de recettes (en anglais) crues et v\u00e9g\u00e9taliennes cr\u00e9\u00e9es par chef Chantale Roy. Int\u00e9grez plus de v\u00e9g\u00e9taux dans votre alimentation quotidienne, am\u00e9liorez votre empreinte carbone et soyez plus en sant\u00e9!<\/p>\n<p><strong><span style=\"color: #ff0000;\">PROFITEZ D&rsquo;UNE OFFRE EXCEPTIONNELLE ENTRE LE 15 AO\u00dbT ET LE 15 SEPTEMBRE 2019 : MES DEUX LIVRES \u00c0 0$ + frais d&rsquo;exp\u00e9dition + contribution volontaire (par virement Interac ou ch\u00e8que)!<\/span><\/strong><\/p>\n<p>Two raw vegan recipe (in English) books developed by chef Chantale Roy. Add more veggies in your daily dier, improve votre carbon footprint and be healthier!<\/p>\n<p><strong><span style=\"color: #ff0000;\">EXCEPTIONAL OFFER : GET THE TWO BOOKS AT 0$ + shipping fees + voluntary contribution BETWEEN AUGUST 15 AND SEPTEMBER 15, 2019\u00a0 (Interac etransfer or cheque)!<\/span><\/strong>[:]<\/p>\n","protected":false},"featured_media":51904,"comment_status":"open","ping_status":"closed","template":"","meta":[],"product_brand":[],"product_cat":[410,427],"product_tag":[388,354,198,209,386,155,199],"class_list":{"0":"post-42691","1":"product","2":"type-product","3":"status-publish","4":"has-post-thumbnail","6":"product_cat-chantales-books","7":"product_cat-hard-copies","8":"product_tag-biologique","9":"product_tag-organic","10":"product_tag-raw-fr","11":"product_tag-rawfreshing-cuisine","12":"product_tag-rawfreshing-express-1","13":"product_tag-recipe-book","14":"product_tag-vegan-fr","16":"first","17":"instock","18":"sale","19":"purchasable","20":"product-type-simple"},"_links":{"self":[{"href":"https:\/\/www.chantaleroy.ca\/en\/wp-json\/wp\/v2\/product\/42691","targetHints":{"allow":["GET"]}}],"collection":[{"href":"https:\/\/www.chantaleroy.ca\/en\/wp-json\/wp\/v2\/product"}],"about":[{"href":"https:\/\/www.chantaleroy.ca\/en\/wp-json\/wp\/v2\/types\/product"}],"replies":[{"embeddable":true,"href":"https:\/\/www.chantaleroy.ca\/en\/wp-json\/wp\/v2\/comments?post=42691"}],"wp:featuredmedia":[{"embeddable":true,"href":"https:\/\/www.chantaleroy.ca\/en\/wp-json\/wp\/v2\/media\/51904"}],"wp:attachment":[{"href":"https:\/\/www.chantaleroy.ca\/en\/wp-json\/wp\/v2\/media?parent=42691"}],"wp:term":[{"taxonomy":"product_brand","embeddable":true,"href":"https:\/\/www.chantaleroy.ca\/en\/wp-json\/wp\/v2\/product_brand?post=42691"},{"taxonomy":"product_cat","embeddable":true,"href":"https:\/\/www.chantaleroy.ca\/en\/wp-json\/wp\/v2\/product_cat?post=42691"},{"taxonomy":"product_tag","embeddable":true,"href":"https:\/\/www.chantaleroy.ca\/en\/wp-json\/wp\/v2\/product_tag?post=42691"}],"curies":[{"name":"wp","href":"https:\/\/api.w.org\/{rel}","templated":true}]}}