{"id":42852,"date":"2014-11-16T22:37:03","date_gmt":"2014-11-17T06:37:03","guid":{"rendered":"http:\/\/www.chantaleroy.ca\/?post_type=product&#038;p=42852"},"modified":"2025-11-26T05:34:42","modified_gmt":"2025-11-26T13:34:42","slug":"books-holiday-season-12-raw-vegan-recipes-in-english-available-dec-1","status":"publish","type":"product","link":"https:\/\/www.chantaleroy.ca\/en\/product\/books-holiday-season-12-raw-vegan-recipes-in-english-available-dec-1\/","title":{"rendered":"[:fr]\u00ab Menu des f\u00eates \u00bb, 12 recettes crues, v\u00e9g\u00e9taliennes et v\u00e9g\u00e9tariennes pour les f\u00eates (en fran\u00e7ais)(Version \u00e9lectronique PDF)[:en]\u00ab Menu des f\u00eates \u00bb, 12 recettes crues, v\u00e9g\u00e9taliennes et v\u00e9g\u00e9tariennes pour les f\u00eates (en fran\u00e7ais)(PDF Electronic Version) (in FRENCH)[:]"},"content":{"rendered":"<p>[:fr]&nbsp;<\/p>\n<p><em>Exprimons notre amour pour notre famille et nos amis avec des plats sains et succulents!<\/em><\/p>\n<p>Voici la table des mati\u00e8res et l\u2019introduction du livre :<\/p>\n<p>&nbsp;<\/p>\n<p>Table des mati\u00e8res<\/p>\n<ol>\n<li>Introduction<\/li>\n<li>Cidre de pommes et canneberges \u00e9pic\u00e9es<\/li>\n<li>Gel\u00e9e de canneberges et \u00e0 l\u2019orange<\/li>\n<li>Pilaf de riz sauvage aux canneberges<\/li>\n<li>Barquettes de chocolat cru<\/li>\n<li>Lait de poule cru et v\u00e9g\u00e9talien<\/li>\n<li>Haricots verts amandines<\/li>\n<li>P\u00e2t\u00e9 de tournesol et pacanes \u00e0 saveur de dinde<\/li>\n<li>Farce d\u2019amandes et de pommes \u00e0 la sauge<\/li>\n<li>Tourti\u00e8re de millet aux champignons<\/li>\n<li>Patates douces pil\u00e9es<\/li>\n<li>Sauce v\u00e9g\u00e9talienne soyeuse<\/li>\n<li>Tarte \u00e0 la citrouille<\/li>\n<li>Conclusion<\/li>\n<\/ol>\n<p>&nbsp;<\/p>\n<ol>\n<li>Introduction<\/li>\n<\/ol>\n<p>&nbsp;<\/p>\n<p>Peu importe la tradition religieuse dont on est issu, la p\u00e9riode des f\u00eates a un d\u00e9nominateur commun, soit la c\u00e9l\u00e9bration de l\u2019amour. On peut exprimer son amour pour les autres en leur pr\u00e9parant des plats qui les garderont en sant\u00e9, tout en satisfaisant leurs papilles gustatives et ce, sans sacrifier d\u2019animaux.<\/p>\n<p>Les rassemblements familiaux et entre amis sont aussi des occasions o\u00f9 on veut offrir une pr\u00e9sence de grande qualit\u00e9. Si on ing\u00e8re une nourriture saine, on aura d\u2019autant plus d\u2019\u00e9nergie pour \u00eatre effectivement pr\u00e9sents les uns aux autres.<\/p>\n<p>Dans les pages qui suivent, vous aurez une douzaine de suggestions de plats \u00e0 ajouter sur votre table, \u00e0 apporter chez vos h\u00f4tes ou \u00e0 offrir en cadeau \u00e0 vos \u00eatres chers. Boissons, plats principaux, desserts, tous \u00e0 base de plantes, avec ou sans cuisson.<\/p>\n<p>Vous en adopterez s\u00fbrement certains que vous ferez de nouveau, tout au long de l\u2019ann\u00e9e!<\/p>\n<p>Je vous souhaite de tr\u00e8s joyeuses et savoureuses f\u00eates et la sant\u00e9 optimale\u2026<\/p>\n<p>Affectueusement,<\/p>\n<p>Chantale<\/p>\n<p>&nbsp;<\/p>\n<p>N.B. \u00c0 la r\u00e9ception de votre paiement, le lien pour t\u00e9l\u00e9charger le livre \u00e9lectronique vous sera envoy\u00e9 par courriel dans les 24 heures qui suivront.<\/p>\n<p>https:\/\/www.youtube.com\/watch?v=eN0teQ6rNK4&amp;t=6s[:en]<em>Exprimons notre amour pour notre famille et nos amis avec des plats sains et succulents!<\/em><\/p>\n<p>Voici la table des mati\u00e8res et l\u2019introduction du livre :<\/p>\n<p>&nbsp;<\/p>\n<p>Table des mati\u00e8res<\/p>\n<ol>\n<li>Introduction<\/li>\n<li>Cidre de pommes et canneberges \u00e9pic\u00e9es<\/li>\n<li>Gel\u00e9e de canneberges et \u00e0 l\u2019orange<\/li>\n<li>Pilaf de riz sauvage aux canneberges<\/li>\n<li>Barquettes de chocolat cru<\/li>\n<li>Lait de poule cru et v\u00e9g\u00e9talien<\/li>\n<li>Haricots verts amandines<\/li>\n<li>P\u00e2t\u00e9 de tournesol et pacanes \u00e0 saveur de dinde<\/li>\n<li>Farce d\u2019amandes et de pommes \u00e0 la sauge<\/li>\n<li>Tourti\u00e8re de millet aux champignons<\/li>\n<li>Patates douces pil\u00e9es<\/li>\n<li>Sauce v\u00e9g\u00e9talienne soyeuse<\/li>\n<li>Tarte \u00e0 la citrouille<\/li>\n<li>Conclusion<\/li>\n<\/ol>\n<p>&nbsp;<\/p>\n<ol>\n<li>Introduction<\/li>\n<\/ol>\n<p>&nbsp;<\/p>\n<p>Peu importe la tradition religieuse dont on est issu, la p\u00e9riode des f\u00eates a un d\u00e9nominateur commun, soit la c\u00e9l\u00e9bration de l\u2019amour. On peut exprimer son amour pour les autres en leur pr\u00e9parant des plats qui les garderont en sant\u00e9, tout en satisfaisant leurs papilles gustatives et ce, sans sacrifier d\u2019animaux.<\/p>\n<p>Les rassemblements familiaux et entre amis sont aussi des occasions o\u00f9 on veut offrir une pr\u00e9sence de grande qualit\u00e9. Si on ing\u00e8re une nourriture saine, on aura d\u2019autant plus d\u2019\u00e9nergie pour \u00eatre effectivement pr\u00e9sents les uns aux autres.<\/p>\n<p>Dans les pages qui suivent, vous aurez une douzaine de suggestions de plats \u00e0 ajouter sur votre table, \u00e0 apporter chez vos h\u00f4tes ou \u00e0 offrir en cadeau \u00e0 vos \u00eatres chers. Boissons, plats principaux, desserts, tous \u00e0 base de plantes, avec ou sans cuisson.<\/p>\n<p>Vous en adopterez s\u00fbrement certains que vous ferez de nouveau, tout au long de l\u2019ann\u00e9e!<\/p>\n<p>Je vous souhaite de tr\u00e8s joyeuses et savoureuses f\u00eates et la sant\u00e9 optimale\u2026<\/p>\n<p>Affectueusement,<\/p>\n<p>Chantale<\/p>\n<p>&nbsp;<\/p>\n<p>N.B. \u00c0 la r\u00e9ception de votre paiement, le lien pour t\u00e9l\u00e9charger le livre \u00e9lectronique vous sera envoy\u00e9 par courriel dans les 24 heures qui suivront.<\/p>\n<p><iframe loading=\"lazy\" title=\"Menu des F\u00eates_le film\" width=\"1200\" height=\"675\" src=\"https:\/\/www.youtube.com\/embed\/eN0teQ6rNK4?start=6&#038;feature=oembed\" frameborder=\"0\" allow=\"accelerometer; autoplay; clipboard-write; encrypted-media; gyroscope; picture-in-picture\" allowfullscreen><\/iframe><\/p>\n<p><iframe loading=\"lazy\" title=\"Vegan Holiday Season Menu, the movie...\" width=\"1200\" height=\"675\" src=\"https:\/\/www.youtube.com\/embed\/-E5BHMaU97Y?feature=oembed\" frameborder=\"0\" allow=\"accelerometer; autoplay; clipboard-write; encrypted-media; gyroscope; picture-in-picture\" allowfullscreen><\/iframe><\/p>\n","protected":false},"excerpt":{"rendered":"<p>[:fr]&nbsp; Exprimons notre amour pour notre famille et nos amis avec des plats sains et succulents! Voici la table des mati\u00e8res et l\u2019introduction du livre : &nbsp; Table des mati\u00e8res Introduction Cidre de pommes et canneberges \u00e9pic\u00e9es Gel\u00e9e de canneberges et \u00e0 l\u2019orange Pilaf de&#8230;<\/p>\n","protected":false},"featured_media":51923,"comment_status":"open","ping_status":"closed","template":"","meta":[],"product_brand":[],"product_cat":[410,429],"product_tag":[361,381,203,198,155,199,363,204],"class_list":{"0":"post-42852","1":"product","2":"type-product","3":"status-publish","4":"has-post-thumbnail","6":"product_cat-chantales-books","7":"product_cat-electronic-versions","8":"product_tag-cru","9":"product_tag-livre-de-recettes","10":"product_tag-livre-electronique","11":"product_tag-raw-fr","12":"product_tag-recipe-book","13":"product_tag-vegan-fr","14":"product_tag-vegetalien","15":"product_tag-vegetarien","17":"first","18":"instock","19":"sale","20":"downloadable","21":"virtual","22":"purchasable","23":"product-type-simple"},"_links":{"self":[{"href":"https:\/\/www.chantaleroy.ca\/en\/wp-json\/wp\/v2\/product\/42852","targetHints":{"allow":["GET"]}}],"collection":[{"href":"https:\/\/www.chantaleroy.ca\/en\/wp-json\/wp\/v2\/product"}],"about":[{"href":"https:\/\/www.chantaleroy.ca\/en\/wp-json\/wp\/v2\/types\/product"}],"replies":[{"embeddable":true,"href":"https:\/\/www.chantaleroy.ca\/en\/wp-json\/wp\/v2\/comments?post=42852"}],"wp:featuredmedia":[{"embeddable":true,"href":"https:\/\/www.chantaleroy.ca\/en\/wp-json\/wp\/v2\/media\/51923"}],"wp:attachment":[{"href":"https:\/\/www.chantaleroy.ca\/en\/wp-json\/wp\/v2\/media?parent=42852"}],"wp:term":[{"taxonomy":"product_brand","embeddable":true,"href":"https:\/\/www.chantaleroy.ca\/en\/wp-json\/wp\/v2\/product_brand?post=42852"},{"taxonomy":"product_cat","embeddable":true,"href":"https:\/\/www.chantaleroy.ca\/en\/wp-json\/wp\/v2\/product_cat?post=42852"},{"taxonomy":"product_tag","embeddable":true,"href":"https:\/\/www.chantaleroy.ca\/en\/wp-json\/wp\/v2\/product_tag?post=42852"}],"curies":[{"name":"wp","href":"https:\/\/api.w.org\/{rel}","templated":true}]}}