{"id":50640,"date":"2017-02-14T10:59:33","date_gmt":"2017-02-14T18:59:33","guid":{"rendered":"http:\/\/www.chantaleroy.ca\/?post_type=product&#038;p=50640\/"},"modified":"2022-12-25T12:43:23","modified_gmt":"2022-12-25T20:43:23","slug":"livre-cru-et-cuit-en-harmonie-version-electronique","status":"publish","type":"product","link":"https:\/\/www.chantaleroy.ca\/en\/product\/livre-cru-et-cuit-en-harmonie-version-electronique\/","title":{"rendered":"[:fr]Cru et cuit, en harmonie! (Version \u00e9lectronique PDF)[:en]Cru et cuit, en harmonie! (IN FRENCH) PDF (E-BOOK)[:]"},"content":{"rendered":"<p>[:fr]<a href=\"http:\/\/www.chantaleroy.ca\/wp-content\/uploads\/2017\/02\/cru_cuit_harmonie_pilelivres.png\"><img loading=\"lazy\" decoding=\"async\" class=\"alignleft wp-image-50642 size-thumbnail\" src=\"http:\/\/www.chantaleroy.ca\/wp-content\/uploads\/2017\/02\/cru_cuit_harmonie_pilelivres-150x150.png\" width=\"150\" height=\"150\" \/><\/a>P\u00e9riple v\u00e9g\u00e9tal cru ou cuit pour tous avec plus de 85 recettes, v\u00e9g\u00e9tariennes ou v\u00e9g\u00e9taliennes, avec ou sans gluten, gourmandes ou simples!<\/p>\n<p><strong>Chef Chantale Roy<\/strong><\/p>\n<p>Pr\u00e9face d&rsquo;Antoine Charbonneau-Demers<\/p>\n<p>Puisque vous l\u2019avez demand\u00e9, voici le 5e livre de Chantale! Un ouvrage \u00e9lectronique avec environ 200 photos en couleurs et plus de 85 r\u00e9flexions philosophiques et culinaires.<\/p>\n<p style=\"text-align: center;\"><a href=\"http:\/\/www.chantaleroy.ca\/wp-content\/uploads\/2017\/02\/cru_cuit_harmonie_promo.pdf\" target=\"_blank\" rel=\"noopener\">T\u00c9L\u00c9CHARGER LES EXTRAITS ET LA TABLE DES MATI\u00c8RES ICI<\/a>.<\/p>\n<p><strong><span style=\"color: #800000;\">ATTENTION!<\/span> Ce n\u2019est pas une version papier, mais bien \u00e9lectronique.<\/strong><\/p>\n<p><strong>Pr\u00e9sentation du livre :<\/strong><\/p>\n<p><a href=\"https:\/\/youtu.be\/qv3V5IsTTAg\"><img loading=\"lazy\" decoding=\"async\" class=\"aligncenter wp-image-50643 size-medium\" src=\"http:\/\/www.chantaleroy.ca\/wp-content\/uploads\/2017\/02\/Capture-300x169.png\" width=\"300\" height=\"169\" \/>Faites comme Pierre L. et imprimez-le et boudinez-le pour en avoir une version papier! Bravo et merci Pierre!<\/a><\/p>\n<p><a href=\"https:\/\/www.chantaleroy.ca\/wp-content\/uploads\/2017\/02\/IMG_6536-e1536871079166.jpg\"><img loading=\"lazy\" decoding=\"async\" class=\"aligncenter size-full wp-image-52459\" src=\"https:\/\/www.chantaleroy.ca\/wp-content\/uploads\/2017\/02\/IMG_6536-e1536871079166.jpg\" alt=\"\" width=\"2016\" height=\"1512\" srcset=\"https:\/\/www.chantaleroy.ca\/wp-content\/uploads\/2017\/02\/IMG_6536-e1536871079166.jpg 2016w, https:\/\/www.chantaleroy.ca\/wp-content\/uploads\/2017\/02\/IMG_6536-e1536871079166-500x375.jpg 500w, https:\/\/www.chantaleroy.ca\/wp-content\/uploads\/2017\/02\/IMG_6536-e1536871079166-700x525.jpg 700w, https:\/\/www.chantaleroy.ca\/wp-content\/uploads\/2017\/02\/IMG_6536-e1536871079166-300x225.jpg 300w, https:\/\/www.chantaleroy.ca\/wp-content\/uploads\/2017\/02\/IMG_6536-e1536871079166-768x576.jpg 768w, https:\/\/www.chantaleroy.ca\/wp-content\/uploads\/2017\/02\/IMG_6536-e1536871079166-1024x768.jpg 1024w\" sizes=\"auto, (max-width: 2016px) 100vw, 2016px\" \/><\/a><\/p>\n<p><a href=\"https:\/\/www.chantaleroy.ca\/wp-content\/uploads\/2017\/02\/IMG_6537-e1536871119577.jpg\"><img loading=\"lazy\" decoding=\"async\" class=\"aligncenter size-full wp-image-52460\" src=\"https:\/\/www.chantaleroy.ca\/wp-content\/uploads\/2017\/02\/IMG_6537-e1536871119577.jpg\" alt=\"\" width=\"2016\" height=\"1512\" srcset=\"https:\/\/www.chantaleroy.ca\/wp-content\/uploads\/2017\/02\/IMG_6537-e1536871119577.jpg 2016w, https:\/\/www.chantaleroy.ca\/wp-content\/uploads\/2017\/02\/IMG_6537-e1536871119577-500x375.jpg 500w, https:\/\/www.chantaleroy.ca\/wp-content\/uploads\/2017\/02\/IMG_6537-e1536871119577-700x525.jpg 700w, https:\/\/www.chantaleroy.ca\/wp-content\/uploads\/2017\/02\/IMG_6537-e1536871119577-300x225.jpg 300w, https:\/\/www.chantaleroy.ca\/wp-content\/uploads\/2017\/02\/IMG_6537-e1536871119577-768x576.jpg 768w, https:\/\/www.chantaleroy.ca\/wp-content\/uploads\/2017\/02\/IMG_6537-e1536871119577-1024x768.jpg 1024w\" sizes=\"auto, (max-width: 2016px) 100vw, 2016px\" \/><\/a><\/p>\n<p><a href=\"https:\/\/www.chantaleroy.ca\/wp-content\/uploads\/2017\/02\/IMG_6538-e1536871169672.jpg\"><img loading=\"lazy\" decoding=\"async\" class=\"aligncenter size-full wp-image-52461\" src=\"https:\/\/www.chantaleroy.ca\/wp-content\/uploads\/2017\/02\/IMG_6538-e1536871169672.jpg\" alt=\"\" width=\"2016\" height=\"1512\" srcset=\"https:\/\/www.chantaleroy.ca\/wp-content\/uploads\/2017\/02\/IMG_6538-e1536871169672.jpg 2016w, https:\/\/www.chantaleroy.ca\/wp-content\/uploads\/2017\/02\/IMG_6538-e1536871169672-500x375.jpg 500w, https:\/\/www.chantaleroy.ca\/wp-content\/uploads\/2017\/02\/IMG_6538-e1536871169672-700x525.jpg 700w, https:\/\/www.chantaleroy.ca\/wp-content\/uploads\/2017\/02\/IMG_6538-e1536871169672-300x225.jpg 300w, https:\/\/www.chantaleroy.ca\/wp-content\/uploads\/2017\/02\/IMG_6538-e1536871169672-768x576.jpg 768w, https:\/\/www.chantaleroy.ca\/wp-content\/uploads\/2017\/02\/IMG_6538-e1536871169672-1024x768.jpg 1024w\" sizes=\"auto, (max-width: 2016px) 100vw, 2016px\" \/><\/a><\/p>\n<p><a href=\"https:\/\/www.chantaleroy.ca\/wp-content\/uploads\/2017\/02\/IMG_6539-e1536871207354.jpg\"><img loading=\"lazy\" decoding=\"async\" class=\"aligncenter size-full wp-image-52462\" src=\"https:\/\/www.chantaleroy.ca\/wp-content\/uploads\/2017\/02\/IMG_6539-e1536871207354.jpg\" alt=\"\" width=\"2016\" height=\"1512\" srcset=\"https:\/\/www.chantaleroy.ca\/wp-content\/uploads\/2017\/02\/IMG_6539-e1536871207354.jpg 2016w, https:\/\/www.chantaleroy.ca\/wp-content\/uploads\/2017\/02\/IMG_6539-e1536871207354-500x375.jpg 500w, https:\/\/www.chantaleroy.ca\/wp-content\/uploads\/2017\/02\/IMG_6539-e1536871207354-700x525.jpg 700w, https:\/\/www.chantaleroy.ca\/wp-content\/uploads\/2017\/02\/IMG_6539-e1536871207354-300x225.jpg 300w, https:\/\/www.chantaleroy.ca\/wp-content\/uploads\/2017\/02\/IMG_6539-e1536871207354-768x576.jpg 768w, https:\/\/www.chantaleroy.ca\/wp-content\/uploads\/2017\/02\/IMG_6539-e1536871207354-1024x768.jpg 1024w\" sizes=\"auto, (max-width: 2016px) 100vw, 2016px\" \/><\/a><\/p>\n<p><a href=\"https:\/\/www.chantaleroy.ca\/wp-content\/uploads\/2017\/02\/IMG_6540-e1536871238412.jpg\"><img loading=\"lazy\" decoding=\"async\" class=\"aligncenter size-full wp-image-52463\" src=\"https:\/\/www.chantaleroy.ca\/wp-content\/uploads\/2017\/02\/IMG_6540-e1536871238412.jpg\" alt=\"\" width=\"2016\" height=\"1512\" srcset=\"https:\/\/www.chantaleroy.ca\/wp-content\/uploads\/2017\/02\/IMG_6540-e1536871238412.jpg 2016w, https:\/\/www.chantaleroy.ca\/wp-content\/uploads\/2017\/02\/IMG_6540-e1536871238412-500x375.jpg 500w, https:\/\/www.chantaleroy.ca\/wp-content\/uploads\/2017\/02\/IMG_6540-e1536871238412-700x525.jpg 700w, https:\/\/www.chantaleroy.ca\/wp-content\/uploads\/2017\/02\/IMG_6540-e1536871238412-300x225.jpg 300w, https:\/\/www.chantaleroy.ca\/wp-content\/uploads\/2017\/02\/IMG_6540-e1536871238412-768x576.jpg 768w, https:\/\/www.chantaleroy.ca\/wp-content\/uploads\/2017\/02\/IMG_6540-e1536871238412-1024x768.jpg 1024w\" sizes=\"auto, (max-width: 2016px) 100vw, 2016px\" \/><\/a><\/p>\n<p><a href=\"https:\/\/www.chantaleroy.ca\/wp-content\/uploads\/2017\/02\/IMG_6541-e1536871270336.jpg\"><img loading=\"lazy\" decoding=\"async\" class=\"aligncenter size-full wp-image-52464\" src=\"https:\/\/www.chantaleroy.ca\/wp-content\/uploads\/2017\/02\/IMG_6541-e1536871270336.jpg\" alt=\"\" width=\"2016\" height=\"1512\" srcset=\"https:\/\/www.chantaleroy.ca\/wp-content\/uploads\/2017\/02\/IMG_6541-e1536871270336.jpg 2016w, https:\/\/www.chantaleroy.ca\/wp-content\/uploads\/2017\/02\/IMG_6541-e1536871270336-500x375.jpg 500w, https:\/\/www.chantaleroy.ca\/wp-content\/uploads\/2017\/02\/IMG_6541-e1536871270336-700x525.jpg 700w, https:\/\/www.chantaleroy.ca\/wp-content\/uploads\/2017\/02\/IMG_6541-e1536871270336-300x225.jpg 300w, https:\/\/www.chantaleroy.ca\/wp-content\/uploads\/2017\/02\/IMG_6541-e1536871270336-768x576.jpg 768w, https:\/\/www.chantaleroy.ca\/wp-content\/uploads\/2017\/02\/IMG_6541-e1536871270336-1024x768.jpg 1024w\" sizes=\"auto, (max-width: 2016px) 100vw, 2016px\" \/><\/a><\/p>\n<p><a href=\"https:\/\/www.chantaleroy.ca\/wp-content\/uploads\/2017\/02\/IMG_6542-e1536871308985.jpg\"><img loading=\"lazy\" decoding=\"async\" class=\"aligncenter size-full wp-image-52465\" src=\"https:\/\/www.chantaleroy.ca\/wp-content\/uploads\/2017\/02\/IMG_6542-e1536871308985.jpg\" alt=\"\" width=\"2016\" height=\"1512\" srcset=\"https:\/\/www.chantaleroy.ca\/wp-content\/uploads\/2017\/02\/IMG_6542-e1536871308985.jpg 2016w, https:\/\/www.chantaleroy.ca\/wp-content\/uploads\/2017\/02\/IMG_6542-e1536871308985-500x375.jpg 500w, https:\/\/www.chantaleroy.ca\/wp-content\/uploads\/2017\/02\/IMG_6542-e1536871308985-700x525.jpg 700w, https:\/\/www.chantaleroy.ca\/wp-content\/uploads\/2017\/02\/IMG_6542-e1536871308985-300x225.jpg 300w, https:\/\/www.chantaleroy.ca\/wp-content\/uploads\/2017\/02\/IMG_6542-e1536871308985-768x576.jpg 768w, https:\/\/www.chantaleroy.ca\/wp-content\/uploads\/2017\/02\/IMG_6542-e1536871308985-1024x768.jpg 1024w\" sizes=\"auto, (max-width: 2016px) 100vw, 2016px\" \/><\/a><\/p>\n<p>&nbsp;[:en]P\u00e9riple v\u00e9g\u00e9tal cru ou cuit pour tous avec plus de 85 recettes, v\u00e9g\u00e9tariennes ou v\u00e9g\u00e9taliennes, avec ou sans gluten, gourmandes ou simples!<\/p>\n<p><strong>Chef Chantale Roy<\/strong><\/p>\n<p>Pr\u00e9face d&rsquo;Antoine Charbonneau-Demers<\/p>\n<p>Puisque vous l\u2019avez demand\u00e9, voici le 5e livre de Chantale! Un ouvrage \u00e9lectronique avec environ 200 photos en couleurs et plus de 85 r\u00e9flexions philosophiques et culinaires.<\/p>\n<p style=\"text-align: center;\"><a href=\"http:\/\/www.chantaleroy.ca\/wp-content\/uploads\/2017\/02\/cru_cuit_harmonie_promo.pdf\" target=\"_blank\" rel=\"noopener\">T\u00c9L\u00c9CHARGER LES EXTRAITS ET LA TABLE DES MATI\u00c8RES ICI<\/a>.<\/p>\n<p><strong><span style=\"color: #800000;\">ATTENTION!<\/span> Ce n\u2019est pas une version papier, mais bien \u00e9lectronique.<\/strong><\/p>\n<p><strong>Pr\u00e9sentation du livre :<\/strong><\/p>\n<p><a href=\"https:\/\/youtu.be\/qv3V5IsTTAg\"><img loading=\"lazy\" decoding=\"async\" class=\"aligncenter wp-image-50643 size-medium\" src=\"http:\/\/www.chantaleroy.ca\/wp-content\/uploads\/2017\/02\/Capture-300x169.png\" width=\"300\" height=\"169\" \/>Faites comme Pierre L. et imprimez-le et boudinez-le pour en avoir une version papier! Bravo et merci Pierre!<\/a><\/p>\n<p><a href=\"https:\/\/www.chantaleroy.ca\/wp-content\/uploads\/2017\/02\/IMG_6536-e1536871079166.jpg\"><img loading=\"lazy\" decoding=\"async\" class=\"aligncenter size-full wp-image-52459\" src=\"https:\/\/www.chantaleroy.ca\/wp-content\/uploads\/2017\/02\/IMG_6536-e1536871079166.jpg\" alt=\"\" width=\"2016\" height=\"1512\" srcset=\"https:\/\/www.chantaleroy.ca\/wp-content\/uploads\/2017\/02\/IMG_6536-e1536871079166.jpg 2016w, https:\/\/www.chantaleroy.ca\/wp-content\/uploads\/2017\/02\/IMG_6536-e1536871079166-500x375.jpg 500w, https:\/\/www.chantaleroy.ca\/wp-content\/uploads\/2017\/02\/IMG_6536-e1536871079166-700x525.jpg 700w, https:\/\/www.chantaleroy.ca\/wp-content\/uploads\/2017\/02\/IMG_6536-e1536871079166-300x225.jpg 300w, https:\/\/www.chantaleroy.ca\/wp-content\/uploads\/2017\/02\/IMG_6536-e1536871079166-768x576.jpg 768w, https:\/\/www.chantaleroy.ca\/wp-content\/uploads\/2017\/02\/IMG_6536-e1536871079166-1024x768.jpg 1024w\" sizes=\"auto, (max-width: 2016px) 100vw, 2016px\" \/><\/a><\/p>\n<p><a href=\"https:\/\/www.chantaleroy.ca\/wp-content\/uploads\/2017\/02\/IMG_6537-e1536871119577.jpg\"><img loading=\"lazy\" decoding=\"async\" class=\"aligncenter size-full wp-image-52460\" src=\"https:\/\/www.chantaleroy.ca\/wp-content\/uploads\/2017\/02\/IMG_6537-e1536871119577.jpg\" alt=\"\" width=\"2016\" height=\"1512\" srcset=\"https:\/\/www.chantaleroy.ca\/wp-content\/uploads\/2017\/02\/IMG_6537-e1536871119577.jpg 2016w, https:\/\/www.chantaleroy.ca\/wp-content\/uploads\/2017\/02\/IMG_6537-e1536871119577-500x375.jpg 500w, https:\/\/www.chantaleroy.ca\/wp-content\/uploads\/2017\/02\/IMG_6537-e1536871119577-700x525.jpg 700w, https:\/\/www.chantaleroy.ca\/wp-content\/uploads\/2017\/02\/IMG_6537-e1536871119577-300x225.jpg 300w, https:\/\/www.chantaleroy.ca\/wp-content\/uploads\/2017\/02\/IMG_6537-e1536871119577-768x576.jpg 768w, https:\/\/www.chantaleroy.ca\/wp-content\/uploads\/2017\/02\/IMG_6537-e1536871119577-1024x768.jpg 1024w\" sizes=\"auto, (max-width: 2016px) 100vw, 2016px\" \/><\/a><\/p>\n<p><a href=\"https:\/\/www.chantaleroy.ca\/wp-content\/uploads\/2017\/02\/IMG_6538-e1536871169672.jpg\"><img loading=\"lazy\" decoding=\"async\" class=\"aligncenter size-full wp-image-52461\" src=\"https:\/\/www.chantaleroy.ca\/wp-content\/uploads\/2017\/02\/IMG_6538-e1536871169672.jpg\" alt=\"\" width=\"2016\" height=\"1512\" srcset=\"https:\/\/www.chantaleroy.ca\/wp-content\/uploads\/2017\/02\/IMG_6538-e1536871169672.jpg 2016w, https:\/\/www.chantaleroy.ca\/wp-content\/uploads\/2017\/02\/IMG_6538-e1536871169672-500x375.jpg 500w, https:\/\/www.chantaleroy.ca\/wp-content\/uploads\/2017\/02\/IMG_6538-e1536871169672-700x525.jpg 700w, https:\/\/www.chantaleroy.ca\/wp-content\/uploads\/2017\/02\/IMG_6538-e1536871169672-300x225.jpg 300w, https:\/\/www.chantaleroy.ca\/wp-content\/uploads\/2017\/02\/IMG_6538-e1536871169672-768x576.jpg 768w, https:\/\/www.chantaleroy.ca\/wp-content\/uploads\/2017\/02\/IMG_6538-e1536871169672-1024x768.jpg 1024w\" sizes=\"auto, (max-width: 2016px) 100vw, 2016px\" \/><\/a><\/p>\n<p><a href=\"https:\/\/www.chantaleroy.ca\/wp-content\/uploads\/2017\/02\/IMG_6539-e1536871207354.jpg\"><img loading=\"lazy\" decoding=\"async\" class=\"aligncenter size-full wp-image-52462\" src=\"https:\/\/www.chantaleroy.ca\/wp-content\/uploads\/2017\/02\/IMG_6539-e1536871207354.jpg\" alt=\"\" width=\"2016\" height=\"1512\" srcset=\"https:\/\/www.chantaleroy.ca\/wp-content\/uploads\/2017\/02\/IMG_6539-e1536871207354.jpg 2016w, https:\/\/www.chantaleroy.ca\/wp-content\/uploads\/2017\/02\/IMG_6539-e1536871207354-500x375.jpg 500w, https:\/\/www.chantaleroy.ca\/wp-content\/uploads\/2017\/02\/IMG_6539-e1536871207354-700x525.jpg 700w, https:\/\/www.chantaleroy.ca\/wp-content\/uploads\/2017\/02\/IMG_6539-e1536871207354-300x225.jpg 300w, https:\/\/www.chantaleroy.ca\/wp-content\/uploads\/2017\/02\/IMG_6539-e1536871207354-768x576.jpg 768w, https:\/\/www.chantaleroy.ca\/wp-content\/uploads\/2017\/02\/IMG_6539-e1536871207354-1024x768.jpg 1024w\" sizes=\"auto, (max-width: 2016px) 100vw, 2016px\" \/><\/a><\/p>\n<p><a href=\"https:\/\/www.chantaleroy.ca\/wp-content\/uploads\/2017\/02\/IMG_6540-e1536871238412.jpg\"><img loading=\"lazy\" decoding=\"async\" class=\"aligncenter size-full wp-image-52463\" src=\"https:\/\/www.chantaleroy.ca\/wp-content\/uploads\/2017\/02\/IMG_6540-e1536871238412.jpg\" alt=\"\" width=\"2016\" height=\"1512\" srcset=\"https:\/\/www.chantaleroy.ca\/wp-content\/uploads\/2017\/02\/IMG_6540-e1536871238412.jpg 2016w, https:\/\/www.chantaleroy.ca\/wp-content\/uploads\/2017\/02\/IMG_6540-e1536871238412-500x375.jpg 500w, https:\/\/www.chantaleroy.ca\/wp-content\/uploads\/2017\/02\/IMG_6540-e1536871238412-700x525.jpg 700w, https:\/\/www.chantaleroy.ca\/wp-content\/uploads\/2017\/02\/IMG_6540-e1536871238412-300x225.jpg 300w, https:\/\/www.chantaleroy.ca\/wp-content\/uploads\/2017\/02\/IMG_6540-e1536871238412-768x576.jpg 768w, https:\/\/www.chantaleroy.ca\/wp-content\/uploads\/2017\/02\/IMG_6540-e1536871238412-1024x768.jpg 1024w\" sizes=\"auto, (max-width: 2016px) 100vw, 2016px\" \/><\/a><\/p>\n<p><a href=\"https:\/\/www.chantaleroy.ca\/wp-content\/uploads\/2017\/02\/IMG_6541-e1536871270336.jpg\"><img loading=\"lazy\" decoding=\"async\" class=\"aligncenter size-full wp-image-52464\" src=\"https:\/\/www.chantaleroy.ca\/wp-content\/uploads\/2017\/02\/IMG_6541-e1536871270336.jpg\" alt=\"\" width=\"2016\" height=\"1512\" srcset=\"https:\/\/www.chantaleroy.ca\/wp-content\/uploads\/2017\/02\/IMG_6541-e1536871270336.jpg 2016w, https:\/\/www.chantaleroy.ca\/wp-content\/uploads\/2017\/02\/IMG_6541-e1536871270336-500x375.jpg 500w, https:\/\/www.chantaleroy.ca\/wp-content\/uploads\/2017\/02\/IMG_6541-e1536871270336-700x525.jpg 700w, https:\/\/www.chantaleroy.ca\/wp-content\/uploads\/2017\/02\/IMG_6541-e1536871270336-300x225.jpg 300w, https:\/\/www.chantaleroy.ca\/wp-content\/uploads\/2017\/02\/IMG_6541-e1536871270336-768x576.jpg 768w, https:\/\/www.chantaleroy.ca\/wp-content\/uploads\/2017\/02\/IMG_6541-e1536871270336-1024x768.jpg 1024w\" sizes=\"auto, (max-width: 2016px) 100vw, 2016px\" \/><\/a><\/p>\n<p><a href=\"https:\/\/www.chantaleroy.ca\/wp-content\/uploads\/2017\/02\/IMG_6542-e1536871308985.jpg\"><img loading=\"lazy\" decoding=\"async\" class=\"aligncenter size-full wp-image-52465\" src=\"https:\/\/www.chantaleroy.ca\/wp-content\/uploads\/2017\/02\/IMG_6542-e1536871308985.jpg\" alt=\"\" width=\"2016\" height=\"1512\" srcset=\"https:\/\/www.chantaleroy.ca\/wp-content\/uploads\/2017\/02\/IMG_6542-e1536871308985.jpg 2016w, https:\/\/www.chantaleroy.ca\/wp-content\/uploads\/2017\/02\/IMG_6542-e1536871308985-500x375.jpg 500w, https:\/\/www.chantaleroy.ca\/wp-content\/uploads\/2017\/02\/IMG_6542-e1536871308985-700x525.jpg 700w, https:\/\/www.chantaleroy.ca\/wp-content\/uploads\/2017\/02\/IMG_6542-e1536871308985-300x225.jpg 300w, https:\/\/www.chantaleroy.ca\/wp-content\/uploads\/2017\/02\/IMG_6542-e1536871308985-768x576.jpg 768w, https:\/\/www.chantaleroy.ca\/wp-content\/uploads\/2017\/02\/IMG_6542-e1536871308985-1024x768.jpg 1024w\" sizes=\"auto, (max-width: 2016px) 100vw, 2016px\" \/><\/a><\/p>\n<p>&nbsp;[:]<\/p>\n","protected":false},"excerpt":{"rendered":"<p>[:fr]P\u00e9riple v\u00e9g\u00e9tal cru ou cuit pour tous avec plus de 85 recettes, v\u00e9g\u00e9tariennes ou v\u00e9g\u00e9taliennes, avec ou sans gluten, gourmandes ou simples! Chef Chantale Roy Pr\u00e9face d&rsquo;Antoine Charbonneau-Demers Puisque vous l\u2019avez demand\u00e9, voici le 5e livre de Chantale! Un ouvrage \u00e9lectronique avec environ 200 photos&#8230;<\/p>\n","protected":false},"featured_media":51900,"comment_status":"open","ping_status":"closed","template":"","meta":[],"product_brand":[],"product_cat":[410,429],"product_tag":[],"class_list":{"0":"post-50640","1":"product","2":"type-product","3":"status-publish","4":"has-post-thumbnail","6":"product_cat-chantales-books","7":"product_cat-electronic-versions","9":"first","10":"instock","11":"sale","12":"downloadable","13":"virtual","14":"purchasable","15":"product-type-simple"},"_links":{"self":[{"href":"https:\/\/www.chantaleroy.ca\/en\/wp-json\/wp\/v2\/product\/50640","targetHints":{"allow":["GET"]}}],"collection":[{"href":"https:\/\/www.chantaleroy.ca\/en\/wp-json\/wp\/v2\/product"}],"about":[{"href":"https:\/\/www.chantaleroy.ca\/en\/wp-json\/wp\/v2\/types\/product"}],"replies":[{"embeddable":true,"href":"https:\/\/www.chantaleroy.ca\/en\/wp-json\/wp\/v2\/comments?post=50640"}],"wp:featuredmedia":[{"embeddable":true,"href":"https:\/\/www.chantaleroy.ca\/en\/wp-json\/wp\/v2\/media\/51900"}],"wp:attachment":[{"href":"https:\/\/www.chantaleroy.ca\/en\/wp-json\/wp\/v2\/media?parent=50640"}],"wp:term":[{"taxonomy":"product_brand","embeddable":true,"href":"https:\/\/www.chantaleroy.ca\/en\/wp-json\/wp\/v2\/product_brand?post=50640"},{"taxonomy":"product_cat","embeddable":true,"href":"https:\/\/www.chantaleroy.ca\/en\/wp-json\/wp\/v2\/product_cat?post=50640"},{"taxonomy":"product_tag","embeddable":true,"href":"https:\/\/www.chantaleroy.ca\/en\/wp-json\/wp\/v2\/product_tag?post=50640"}],"curies":[{"name":"wp","href":"https:\/\/api.w.org\/{rel}","templated":true}]}}