{"id":51151,"date":"2017-04-04T10:02:04","date_gmt":"2017-04-04T17:02:04","guid":{"rendered":"http:\/\/www.chantaleroy.ca\/produit\/brazil-nut-cheese-with-garlic\/"},"modified":"2022-06-05T05:18:42","modified_gmt":"2022-06-05T12:18:42","slug":"brazil-nut-cheese-with-garlic","status":"publish","type":"product","link":"https:\/\/www.chantaleroy.ca\/en\/product\/brazil-nut-cheese-with-garlic\/","title":{"rendered":"<!--:en-->Brazil Nut Cheese With Garlic (In French)<!--:--><!--:fr-->Fromage \u00e0 la cr\u00e8me de noix du Br\u00e9sil<!--:-->"},"content":{"rendered":"<p><!--:en-->Learn how to make this delicious vegan Brazil nut cheese with garlic.<\/p>\n<p>&nbsp;<!--:--><!--:fr-->Comment faire un fromage cru et v\u00e9g\u00e9talien \u00e0 la cr\u00e8me de noix du Br\u00e9sil et \u00e0 l&rsquo;ail&#8230;<!--:--><\/p>","protected":false},"excerpt":{"rendered":"<p>Learn how to make this delicious vegan Brazil nut cheese with garlic. &nbsp;Comment faire un fromage cru et v\u00e9g\u00e9talien \u00e0 la cr\u00e8me de noix du Br\u00e9sil et \u00e0 l&rsquo;ail&#8230;<\/p>","protected":false},"featured_media":51153,"comment_status":"open","ping_status":"closed","template":"","meta":[],"product_brand":[],"product_cat":[445],"product_tag":[],"class_list":{"0":"post-51151","1":"product","2":"type-product","3":"status-publish","4":"has-post-thumbnail","6":"product_cat-quick-classes-free","8":"first","9":"instock","10":"sale","11":"virtual","12":"taxable","13":"purchasable","14":"product-type-simple"},"_links":{"self":[{"href":"https:\/\/www.chantaleroy.ca\/en\/wp-json\/wp\/v2\/product\/51151","targetHints":{"allow":["GET"]}}],"collection":[{"href":"https:\/\/www.chantaleroy.ca\/en\/wp-json\/wp\/v2\/product"}],"about":[{"href":"https:\/\/www.chantaleroy.ca\/en\/wp-json\/wp\/v2\/types\/product"}],"replies":[{"embeddable":true,"href":"https:\/\/www.chantaleroy.ca\/en\/wp-json\/wp\/v2\/comments?post=51151"}],"wp:featuredmedia":[{"embeddable":true,"href":"https:\/\/www.chantaleroy.ca\/en\/wp-json\/wp\/v2\/media\/51153"}],"wp:attachment":[{"href":"https:\/\/www.chantaleroy.ca\/en\/wp-json\/wp\/v2\/media?parent=51151"}],"wp:term":[{"taxonomy":"product_brand","embeddable":true,"href":"https:\/\/www.chantaleroy.ca\/en\/wp-json\/wp\/v2\/product_brand?post=51151"},{"taxonomy":"product_cat","embeddable":true,"href":"https:\/\/www.chantaleroy.ca\/en\/wp-json\/wp\/v2\/product_cat?post=51151"},{"taxonomy":"product_tag","embeddable":true,"href":"https:\/\/www.chantaleroy.ca\/en\/wp-json\/wp\/v2\/product_tag?post=51151"}],"curies":[{"name":"wp","href":"https:\/\/api.w.org\/{rel}","templated":true}]}}