{"id":51184,"date":"2017-04-04T13:51:51","date_gmt":"2017-04-04T20:51:51","guid":{"rendered":"http:\/\/www.chantaleroy.ca\/?post_type=product&#038;p=51184\/"},"modified":"2022-06-05T05:18:31","modified_gmt":"2022-06-05T12:18:31","slug":"chai-spiced-almond-milk-in-french","status":"publish","type":"product","link":"https:\/\/www.chantaleroy.ca\/en\/product\/chai-spiced-almond-milk-in-french\/","title":{"rendered":"<!--:en-->Chai Spiced Almond Milk (In French)<!--:--><!--:fr-->Lait d&rsquo;amande cha\u00ef aux bananes<!--:-->"},"content":{"rendered":"<p><!--:en-->Learn how to make this aromatic chai spiced almond milk, sweetened with banana.<!--:--><!--:fr-->Comment faire son propre lait de noix parfum\u00e9 aux \u00e9pices cha\u00ef et sucr\u00e9 avec des bananes.<!--:--><\/p>","protected":false},"excerpt":{"rendered":"<p>Learn how to make this aromatic chai spiced almond milk, sweetened with banana.Comment faire son propre lait de noix parfum\u00e9 aux \u00e9pices cha\u00ef et sucr\u00e9 avec des bananes.<\/p>","protected":false},"featured_media":51428,"comment_status":"open","ping_status":"closed","template":"","meta":[],"product_brand":[],"product_cat":[445],"product_tag":[],"class_list":{"0":"post-51184","1":"product","2":"type-product","3":"status-publish","4":"has-post-thumbnail","6":"product_cat-quick-classes-free","8":"first","9":"instock","10":"sale","11":"virtual","12":"taxable","13":"purchasable","14":"product-type-simple"},"_links":{"self":[{"href":"https:\/\/www.chantaleroy.ca\/en\/wp-json\/wp\/v2\/product\/51184","targetHints":{"allow":["GET"]}}],"collection":[{"href":"https:\/\/www.chantaleroy.ca\/en\/wp-json\/wp\/v2\/product"}],"about":[{"href":"https:\/\/www.chantaleroy.ca\/en\/wp-json\/wp\/v2\/types\/product"}],"replies":[{"embeddable":true,"href":"https:\/\/www.chantaleroy.ca\/en\/wp-json\/wp\/v2\/comments?post=51184"}],"wp:featuredmedia":[{"embeddable":true,"href":"https:\/\/www.chantaleroy.ca\/en\/wp-json\/wp\/v2\/media\/51428"}],"wp:attachment":[{"href":"https:\/\/www.chantaleroy.ca\/en\/wp-json\/wp\/v2\/media?parent=51184"}],"wp:term":[{"taxonomy":"product_brand","embeddable":true,"href":"https:\/\/www.chantaleroy.ca\/en\/wp-json\/wp\/v2\/product_brand?post=51184"},{"taxonomy":"product_cat","embeddable":true,"href":"https:\/\/www.chantaleroy.ca\/en\/wp-json\/wp\/v2\/product_cat?post=51184"},{"taxonomy":"product_tag","embeddable":true,"href":"https:\/\/www.chantaleroy.ca\/en\/wp-json\/wp\/v2\/product_tag?post=51184"}],"curies":[{"name":"wp","href":"https:\/\/api.w.org\/{rel}","templated":true}]}}