{"id":51200,"date":"2017-04-04T23:06:22","date_gmt":"2017-04-05T06:06:22","guid":{"rendered":"http:\/\/www.chantaleroy.ca\/?post_type=product&#038;p=51200\/"},"modified":"2022-06-05T05:17:47","modified_gmt":"2022-06-05T12:17:47","slug":"tomato-basil-creamy-salad-dressing-in-french","status":"publish","type":"product","link":"https:\/\/www.chantaleroy.ca\/en\/product\/tomato-basil-creamy-salad-dressing-in-french\/","title":{"rendered":"<!--:en-->Tomato Basil Creamy Salad Dressing (In French)<!--:--><!--:fr-->Sauce \u00e0 salade cr\u00e9meuse aux tomates et au basilic<!--:-->"},"content":{"rendered":"<p><!--:en-->Learn how to make this delicious vegetable based salad dressing!<!--:--><!--:fr-->Comment faire une sauce \u00e0 salade \u00e0 base de l\u00e9gumes.<!--:--><\/p>","protected":false},"excerpt":{"rendered":"<p>Learn how to make this delicious vegetable based salad dressing!Comment faire une sauce \u00e0 salade \u00e0 base de l\u00e9gumes.<\/p>","protected":false},"featured_media":51201,"comment_status":"open","ping_status":"closed","template":"","meta":[],"product_brand":[],"product_cat":[445],"product_tag":[],"class_list":{"0":"post-51200","1":"product","2":"type-product","3":"status-publish","4":"has-post-thumbnail","6":"product_cat-quick-classes-free","8":"first","9":"instock","10":"sale","11":"virtual","12":"taxable","13":"purchasable","14":"product-type-simple"},"_links":{"self":[{"href":"https:\/\/www.chantaleroy.ca\/en\/wp-json\/wp\/v2\/product\/51200","targetHints":{"allow":["GET"]}}],"collection":[{"href":"https:\/\/www.chantaleroy.ca\/en\/wp-json\/wp\/v2\/product"}],"about":[{"href":"https:\/\/www.chantaleroy.ca\/en\/wp-json\/wp\/v2\/types\/product"}],"replies":[{"embeddable":true,"href":"https:\/\/www.chantaleroy.ca\/en\/wp-json\/wp\/v2\/comments?post=51200"}],"wp:featuredmedia":[{"embeddable":true,"href":"https:\/\/www.chantaleroy.ca\/en\/wp-json\/wp\/v2\/media\/51201"}],"wp:attachment":[{"href":"https:\/\/www.chantaleroy.ca\/en\/wp-json\/wp\/v2\/media?parent=51200"}],"wp:term":[{"taxonomy":"product_brand","embeddable":true,"href":"https:\/\/www.chantaleroy.ca\/en\/wp-json\/wp\/v2\/product_brand?post=51200"},{"taxonomy":"product_cat","embeddable":true,"href":"https:\/\/www.chantaleroy.ca\/en\/wp-json\/wp\/v2\/product_cat?post=51200"},{"taxonomy":"product_tag","embeddable":true,"href":"https:\/\/www.chantaleroy.ca\/en\/wp-json\/wp\/v2\/product_tag?post=51200"}],"curies":[{"name":"wp","href":"https:\/\/api.w.org\/{rel}","templated":true}]}}