{"id":51208,"date":"2017-04-04T23:34:01","date_gmt":"2017-04-05T06:34:01","guid":{"rendered":"http:\/\/www.chantaleroy.ca\/?post_type=product&#038;p=51208\/"},"modified":"2022-12-25T12:42:16","modified_gmt":"2022-12-25T20:42:16","slug":"strawberry-shortcake-in-french","status":"publish","type":"product","link":"https:\/\/www.chantaleroy.ca\/en\/product\/strawberry-shortcake-in-french\/","title":{"rendered":"<!--:en-->Strawberry Shortcake (In French)<!--:--><!--:fr-->Shortcake aux fraises<!--:-->"},"content":{"rendered":"<p><!--:en-->Learn how to make this delicious raw shortcake with cashew whipped cream and fresh strawberries!<!--:--><!--:fr-->Comment faire un shortcake avec une cr\u00e8me fouett\u00e9e de noix de cajou et des fraises fra\u00eeches, sans cuisson!<!--:--><\/p>","protected":false},"excerpt":{"rendered":"<p>Learn how to make this delicious raw shortcake with cashew whipped cream and fresh strawberries!Comment faire un shortcake avec une cr\u00e8me fouett\u00e9e de noix de cajou et des fraises fra\u00eeches, sans cuisson!<\/p>","protected":false},"featured_media":51442,"comment_status":"open","ping_status":"closed","template":"","meta":[],"product_brand":[],"product_cat":[445],"product_tag":[],"class_list":{"0":"post-51208","1":"product","2":"type-product","3":"status-publish","4":"has-post-thumbnail","6":"product_cat-quick-classes-free","8":"first","9":"instock","10":"sale","11":"virtual","12":"taxable","13":"purchasable","14":"product-type-simple"},"_links":{"self":[{"href":"https:\/\/www.chantaleroy.ca\/en\/wp-json\/wp\/v2\/product\/51208","targetHints":{"allow":["GET"]}}],"collection":[{"href":"https:\/\/www.chantaleroy.ca\/en\/wp-json\/wp\/v2\/product"}],"about":[{"href":"https:\/\/www.chantaleroy.ca\/en\/wp-json\/wp\/v2\/types\/product"}],"replies":[{"embeddable":true,"href":"https:\/\/www.chantaleroy.ca\/en\/wp-json\/wp\/v2\/comments?post=51208"}],"wp:featuredmedia":[{"embeddable":true,"href":"https:\/\/www.chantaleroy.ca\/en\/wp-json\/wp\/v2\/media\/51442"}],"wp:attachment":[{"href":"https:\/\/www.chantaleroy.ca\/en\/wp-json\/wp\/v2\/media?parent=51208"}],"wp:term":[{"taxonomy":"product_brand","embeddable":true,"href":"https:\/\/www.chantaleroy.ca\/en\/wp-json\/wp\/v2\/product_brand?post=51208"},{"taxonomy":"product_cat","embeddable":true,"href":"https:\/\/www.chantaleroy.ca\/en\/wp-json\/wp\/v2\/product_cat?post=51208"},{"taxonomy":"product_tag","embeddable":true,"href":"https:\/\/www.chantaleroy.ca\/en\/wp-json\/wp\/v2\/product_tag?post=51208"}],"curies":[{"name":"wp","href":"https:\/\/api.w.org\/{rel}","templated":true}]}}