{"id":51216,"date":"2017-04-05T18:34:56","date_gmt":"2017-04-06T01:34:56","guid":{"rendered":"http:\/\/www.chantaleroy.ca\/?post_type=product&#038;p=51216\/"},"modified":"2022-06-05T05:16:58","modified_gmt":"2022-06-05T12:16:58","slug":"spicy-vegetables-in-a-soft-tortilla-in-french","status":"publish","type":"product","link":"https:\/\/www.chantaleroy.ca\/en\/product\/spicy-vegetables-in-a-soft-tortilla-in-french\/","title":{"rendered":"<!--:en-->Spicy Vegetables in a Soft Tortilla (In French)<!--:--><!--:fr-->Tortillas souples aux l\u00e9gumes \u00e9pic\u00e9s<!--:-->"},"content":{"rendered":"<p><!--:en-->Learn how to make this grain free soft tortilla with spicy vegetables!<!--:--><!--:fr-->Comment faire une tortilla sans c\u00e9r\u00e9ale, seulement avec des l\u00e9gumes.<!--:--><\/p>","protected":false},"excerpt":{"rendered":"<p>Learn how to make this grain free soft tortilla with spicy vegetables!Comment faire une tortilla sans c\u00e9r\u00e9ale, seulement avec des l\u00e9gumes.<\/p>","protected":false},"featured_media":51440,"comment_status":"open","ping_status":"closed","template":"","meta":[],"product_brand":[],"product_cat":[445],"product_tag":[],"class_list":{"0":"post-51216","1":"product","2":"type-product","3":"status-publish","4":"has-post-thumbnail","6":"product_cat-quick-classes-free","8":"first","9":"instock","10":"sale","11":"virtual","12":"taxable","13":"purchasable","14":"product-type-simple"},"_links":{"self":[{"href":"https:\/\/www.chantaleroy.ca\/en\/wp-json\/wp\/v2\/product\/51216","targetHints":{"allow":["GET"]}}],"collection":[{"href":"https:\/\/www.chantaleroy.ca\/en\/wp-json\/wp\/v2\/product"}],"about":[{"href":"https:\/\/www.chantaleroy.ca\/en\/wp-json\/wp\/v2\/types\/product"}],"replies":[{"embeddable":true,"href":"https:\/\/www.chantaleroy.ca\/en\/wp-json\/wp\/v2\/comments?post=51216"}],"wp:featuredmedia":[{"embeddable":true,"href":"https:\/\/www.chantaleroy.ca\/en\/wp-json\/wp\/v2\/media\/51440"}],"wp:attachment":[{"href":"https:\/\/www.chantaleroy.ca\/en\/wp-json\/wp\/v2\/media?parent=51216"}],"wp:term":[{"taxonomy":"product_brand","embeddable":true,"href":"https:\/\/www.chantaleroy.ca\/en\/wp-json\/wp\/v2\/product_brand?post=51216"},{"taxonomy":"product_cat","embeddable":true,"href":"https:\/\/www.chantaleroy.ca\/en\/wp-json\/wp\/v2\/product_cat?post=51216"},{"taxonomy":"product_tag","embeddable":true,"href":"https:\/\/www.chantaleroy.ca\/en\/wp-json\/wp\/v2\/product_tag?post=51216"}],"curies":[{"name":"wp","href":"https:\/\/api.w.org\/{rel}","templated":true}]}}