{"id":51260,"date":"2017-04-05T22:43:54","date_gmt":"2017-04-06T05:43:54","guid":{"rendered":"http:\/\/www.chantaleroy.ca\/?post_type=product&#038;p=51260\/"},"modified":"2022-12-25T12:38:48","modified_gmt":"2022-12-25T20:38:48","slug":"raw-chocolate-bar-in-french","status":"publish","type":"product","link":"https:\/\/www.chantaleroy.ca\/en\/product\/raw-chocolate-bar-in-french\/","title":{"rendered":"<!--:en-->Raw Chocolate Bar (In French)<!--:--><!--:fr-->Tablette de chocolat cru<!--:-->"},"content":{"rendered":"<p><!--:en-->Learn how to make raw vegan chocolate!<\/p>\n<p>N.B. I no longer use agave nectar. You can replace it by maple syrup or raw coconut nectar.<\/p>\n<p>You can also sign up for the complete class collection: http:\/\/www.chantaleroy.ca\/produit\/complete-class-collection\/<!--:--><!--:fr-->Comment faire une tablette de chocolat cru et v\u00e9g\u00e9talien!<\/p>\n<p>N.B. Je n&rsquo;utilise plus de nectar d&rsquo;agave dans mes recettes. Vous pouvez le replacer par du sirop d&rsquo;\u00e9rable ou du nectar de noix de coco.<\/p>\n<p>Vous pouvez \u00e9galement vous inscrire \u00e0 la collection compl\u00e8te de classes en ligne : http:\/\/www.chantaleroy.ca\/fr\/produit\/collection-complete-des-classes-en-ligne\/<!--:--><\/p>","protected":false},"excerpt":{"rendered":"<p>Learn how to make raw vegan chocolate! N.B. I no longer use agave nectar. You can replace it by maple syrup or raw coconut nectar. You can also sign up for the complete class collection: http:\/\/www.chantaleroy.ca\/produit\/complete-class-collection\/Comment faire une tablette de chocolat cru et v\u00e9g\u00e9talien! N.B&#8230;.<\/p>","protected":false},"featured_media":51436,"comment_status":"open","ping_status":"closed","template":"","meta":[],"product_brand":[],"product_cat":[445],"product_tag":[],"class_list":{"0":"post-51260","1":"product","2":"type-product","3":"status-publish","4":"has-post-thumbnail","6":"product_cat-quick-classes-free","8":"first","9":"instock","10":"sale","11":"virtual","12":"purchasable","13":"product-type-simple"},"_links":{"self":[{"href":"https:\/\/www.chantaleroy.ca\/en\/wp-json\/wp\/v2\/product\/51260","targetHints":{"allow":["GET"]}}],"collection":[{"href":"https:\/\/www.chantaleroy.ca\/en\/wp-json\/wp\/v2\/product"}],"about":[{"href":"https:\/\/www.chantaleroy.ca\/en\/wp-json\/wp\/v2\/types\/product"}],"replies":[{"embeddable":true,"href":"https:\/\/www.chantaleroy.ca\/en\/wp-json\/wp\/v2\/comments?post=51260"}],"wp:featuredmedia":[{"embeddable":true,"href":"https:\/\/www.chantaleroy.ca\/en\/wp-json\/wp\/v2\/media\/51436"}],"wp:attachment":[{"href":"https:\/\/www.chantaleroy.ca\/en\/wp-json\/wp\/v2\/media?parent=51260"}],"wp:term":[{"taxonomy":"product_brand","embeddable":true,"href":"https:\/\/www.chantaleroy.ca\/en\/wp-json\/wp\/v2\/product_brand?post=51260"},{"taxonomy":"product_cat","embeddable":true,"href":"https:\/\/www.chantaleroy.ca\/en\/wp-json\/wp\/v2\/product_cat?post=51260"},{"taxonomy":"product_tag","embeddable":true,"href":"https:\/\/www.chantaleroy.ca\/en\/wp-json\/wp\/v2\/product_tag?post=51260"}],"curies":[{"name":"wp","href":"https:\/\/api.w.org\/{rel}","templated":true}]}}