{"id":51717,"date":"2017-04-12T20:55:13","date_gmt":"2017-04-13T03:55:13","guid":{"rendered":"http:\/\/www.chantaleroy.ca\/?post_type=product&#038;p=51717\/"},"modified":"2025-03-14T17:14:02","modified_gmt":"2025-03-15T00:14:02","slug":"livres-livre-numerique-jus-repas-creatifs-en-francais-2","status":"publish","type":"product","link":"https:\/\/www.chantaleroy.ca\/en\/product\/livres-livre-numerique-jus-repas-creatifs-en-francais-2\/","title":{"rendered":"[:fr]\u00ab Jus-repas cr\u00e9atifs \u00bb (en fran\u00e7ais)(Version \u00e9lectronique PDF)[:en]\u00ab Jus-repas cr\u00e9atifs \u00bb (IN FRENCH)(PDF Electronic Version)[:]"},"content":{"rendered":"<p>[:fr]Jus-repas cr\u00e9atifs<\/p>\n<p><em>18 recettes de jus surtout verts, pour une absorption optimale des meilleurs nutriments!<\/em><\/p>\n<p>Chef Chantale Roy<\/p>\n<p>N.B. \u00c0 la r\u00e9ception de votre paiement, le livre \u00e9lectronique vous sera envoy\u00e9 par courriel dans les 24 heures qui suivront.<\/p>\n<p><strong>Table des mati\u00e8res :<\/strong><\/p>\n<div class=\"gmail_default\">Introduction, p.4<\/div>\n<div class=\"gmail_default\">Bienfaits des jus, p.5<\/div>\n<div class=\"gmail_default\">Jus vs smoothie, p.6<\/div>\n<div class=\"gmail_default\">L\u2019ABC des jus, p.7<\/div>\n<div class=\"gmail_default\">Les extracteurs, p.8<\/div>\n<div class=\"gmail_default\">Jus-repas cr\u00e9atifs :<\/div>\n<div class=\"gmail_default\">\n<p><span lang=\"FR-CA\">Jus vert de base, p.9<\/span><\/p>\n<p><span lang=\"FR-CA\">Jus d\u2019herbe de bl\u00e9, p.10\u00a0<\/span><\/p>\n<p><span lang=\"FR-CA\">Jus de chou rouge-mandarine-brocoli germ\u00e9, p.11 \u00a0<\/span><\/p>\n<p><span lang=\"FR-CA\">Jus vide-frigo, p.12\u00a0<\/span><\/p>\n<p><span lang=\"FR-CA\">Soda gingembre cru, p.13<\/span><\/p>\n<p><span lang=\"FR-CA\">\u00a0<\/span><span lang=\"FR-CA\">Jus de melon d\u2019eau et algue, p.14<\/span><\/p>\n<p><span lang=\"FR-CA\">Jus de chou vert-pomme-herbe de bl\u00e9-concombre, p.15\u00a0<\/span><\/p>\n<p><span lang=\"FR-CA\">Jus classique de carotte-pomme-gingembre verdi, p.16<\/span><\/p>\n<p><span lang=\"FR-CA\">Jus de grenade-pousse de tournesol-orange, p.17<\/span><\/p>\n<p>Jus de pomme-chou rouge-gingembre, p.18<\/p>\n<p><span lang=\"FR-CA\">Jus vert herbe de bl\u00e9-pomme-c\u00e9leri, p.19<\/span><\/p>\n<p><span lang=\"FR-CA\">Jus vert herbe de bl\u00e9-pousse de pois, p.20<i>\u00a0<\/i><\/span><\/p>\n<p><span lang=\"FR-CA\">Jus de pomme grenade, p.21<\/span><\/p>\n<p><span lang=\"FR-CA\">Jus vert avec feuilles de c\u00e9leri, p.22<\/span><\/p>\n<p><span lang=\"FR-CA\">Jus de pamplemousse, p.23<\/span><\/p>\n<p><span lang=\"FR-CA\">Jus de pousses-alo\u00e8s-chou rouge, p.24\u00a0<\/span><\/p>\n<p><span lang=\"FR-CA\">Jus de betterave et pousses de tournesol, p.25\u00a0<\/span><\/p>\n<p><span lang=\"FR-CA\">Jus de poire et curcuma, p.26<\/span><\/p>\n<p><span lang=\"FR-CA\">Conclusion, p.27<\/span><\/p>\n<p>&nbsp;<\/p>\n<p><strong>Introduction<\/strong><\/p>\n<p>J\u2019ai longtemps \u00e9vit\u00e9 les jus parce que je croyais que cela ne ferait que gaspiller une partie des aliments que je passerais dans un extracteur. Ce n\u2019est que plus tard que j\u2019ai fait l\u2019exp\u00e9rience des jus verts qui procurent une sublime sensation de l\u00e9g\u00e8ret\u00e9 et de clart\u00e9 d\u2019esprit, tout en \u00e9tant nourrie au niveau cellulaire.<\/p>\n<p>Avec nos habitudes alimentaires acquises, nous croyons \u00e0 tort qu\u2019\u00eatre bien nourri se traduit par une sensation d\u2019\u00eatre \u00ab plein \u00bb voire m\u00eame lourd, au niveau du ventre\u2026 Toutefois, cette sensation physique et m\u00eame visible ne veut pas n\u00e9cessairement dire que notre corps a effectivement re\u00e7u ce dont il a besoin pour \u00eatre alerte et pour effectuer toutes les taches qu\u2019on lui demande tout au long de la journ\u00e9e! Pour remplir cette mission h\u00e9ro\u00efque, il a besoin justement de ce qui se trouve dans un jus vert frais\u00a0: vitamines, min\u00e9raux, acides amin\u00e9s, antioxydants, enzymes, phyto-nutriments, hormones et oxyg\u00e8ne.<\/p>\n<p>Un jus vert comprenant une bonne quantit\u00e9 d\u2019aliments verts tels que pousses, germinations, laitue, kale, etc. assure une r\u00e9ponse efficace \u00e0 ce besoin.<\/p>\n<p>Bien entendu, comme pour toute chose, on doit y aller \u00e9tape par \u00e9tape pour apprivoiser ce nouveau venu dans notre quotidien. On doit aussi savoir s\u2019approvisionner en aliments n\u00e9cessaires pour concocter ces fameuses potions liquides, gorg\u00e9es de chlorophylle. Chacun son rythme!<\/p>\n<p>Dans ce livret, je vous propose d\u2019abord de bien identifier ce qui vous motive \u00e0 int\u00e9grer les jus \u00ab surtout verts \u00bb dans votre alimentation. Vous pourrez alors vous y r\u00e9f\u00e9rer tout au long de votre parcours, au cours duquel vous d\u00e9couvrirez, par exp\u00e9rience vivante, leurs nombreux bienfaits.<\/p>\n<p>Les 18 jus que je vous propose peuvent bien s\u00fbr \u00eatre modifi\u00e9s \u00e0 votre guise, selon vos pr\u00e9f\u00e9rences et selon ce que vous avez sous la main!<\/p>\n<p>Bonnes d\u00e9couvertes et\u2026 sant\u00e9!<\/p>\n<p>Chantale<\/p>\n<p><span style=\"color: #ff0000;\"><strong>N.B. Cet achat est non remboursable et non \u00e9changeable. Merci!<\/strong><\/span><\/p>\n<\/div>\n<p>[:en]Jus-repas cr\u00e9atifs<\/p>\n<p><em>18 recettes de jus surtout verts, pour une absorption optimale des meilleurs nutriments!<\/em><\/p>\n<p>Chef Chantale Roy<\/p>\n<p>N.B. \u00c0 la r\u00e9ception de votre paiement, le livre \u00e9lectronique vous sera envoy\u00e9 par courriel dans les 24 heures qui suivront.<\/p>\n<p><strong>Table des mati\u00e8res :<\/strong><\/p>\n<div class=\"gmail_default\">Introduction, p.4<\/div>\n<div class=\"gmail_default\">Bienfaits des jus, p.5<\/div>\n<div class=\"gmail_default\">Jus vs smoothie, p.6<\/div>\n<div class=\"gmail_default\">L\u2019ABC des jus, p.7<\/div>\n<div class=\"gmail_default\">Les extracteurs, p.8<\/div>\n<div class=\"gmail_default\">Jus-repas cr\u00e9atifs :<\/div>\n<div class=\"gmail_default\">\n<p><span lang=\"FR-CA\">Jus vert de base, p.9<\/span><\/p>\n<p><span lang=\"FR-CA\">Jus d\u2019herbe de bl\u00e9, p.10\u00a0<\/span><\/p>\n<p><span lang=\"FR-CA\">Jus de chou rouge-mandarine-brocoli germ\u00e9, p.11 \u00a0<\/span><\/p>\n<p><span lang=\"FR-CA\">Jus vide-frigo, p.12\u00a0<\/span><\/p>\n<p><span lang=\"FR-CA\">Soda gingembre cru, p.13<\/span><\/p>\n<p><span lang=\"FR-CA\">\u00a0<\/span><span lang=\"FR-CA\">Jus de melon d\u2019eau et algue, p.14<\/span><\/p>\n<p><span lang=\"FR-CA\">Jus de chou vert-pomme-herbe de bl\u00e9-concombre, p.15\u00a0<\/span><\/p>\n<p><span lang=\"FR-CA\">Jus classique de carotte-pomme-gingembre verdi, p.16<\/span><\/p>\n<p><span lang=\"FR-CA\">Jus de grenade-pousse de tournesol-orange, p.17<\/span><\/p>\n<p>Jus de pomme-chou rouge-gingembre, p.18<\/p>\n<p><span lang=\"FR-CA\">Jus vert herbe de bl\u00e9-pomme-c\u00e9leri, p.19<\/span><\/p>\n<p><span lang=\"FR-CA\">Jus vert herbe de bl\u00e9-pousse de pois, p.20<i>\u00a0<\/i><\/span><\/p>\n<p><span lang=\"FR-CA\">Jus de pomme grenade, p.21<\/span><\/p>\n<p><span lang=\"FR-CA\">Jus vert avec feuilles de c\u00e9leri, p.22<\/span><\/p>\n<p><span lang=\"FR-CA\">Jus de pamplemousse, p.23<\/span><\/p>\n<p><span lang=\"FR-CA\">Jus de pousses-alo\u00e8s-chou rouge, p.24\u00a0<\/span><\/p>\n<p><span lang=\"FR-CA\">Jus de betterave et pousses de tournesol, p.25\u00a0<\/span><\/p>\n<p><span lang=\"FR-CA\">Jus de poire et curcuma, p.26<\/span><\/p>\n<p><span lang=\"FR-CA\">Conclusion, p.27<\/span><\/p>\n<p>&nbsp;<\/p>\n<p><strong>Introduction<\/strong><\/p>\n<p>J\u2019ai longtemps \u00e9vit\u00e9 les jus parce que je croyais que cela ne ferait que gaspiller une partie des aliments que je passerais dans un extracteur. Ce n\u2019est que plus tard que j\u2019ai fait l\u2019exp\u00e9rience des jus verts qui procurent une sublime sensation de l\u00e9g\u00e8ret\u00e9 et de clart\u00e9 d\u2019esprit, tout en \u00e9tant nourrie au niveau cellulaire.<\/p>\n<p>Avec nos habitudes alimentaires acquises, nous croyons \u00e0 tort qu\u2019\u00eatre bien nourri se traduit par une sensation d\u2019\u00eatre \u00ab plein \u00bb voire m\u00eame lourd, au niveau du ventre\u2026 Toutefois, cette sensation physique et m\u00eame visible ne veut pas n\u00e9cessairement dire que notre corps a effectivement re\u00e7u ce dont il a besoin pour \u00eatre alerte et pour effectuer toutes les taches qu\u2019on lui demande tout au long de la journ\u00e9e! Pour remplir cette mission h\u00e9ro\u00efque, il a besoin justement de ce qui se trouve dans un jus vert frais\u00a0: vitamines, min\u00e9raux, acides amin\u00e9s, antioxydants, enzymes, phyto-nutriments, hormones et oxyg\u00e8ne.<\/p>\n<p>Un jus vert comprenant une bonne quantit\u00e9 d\u2019aliments verts tels que pousses, germinations, laitue, kale, etc. assure une r\u00e9ponse efficace \u00e0 ce besoin.<\/p>\n<p>Bien entendu, comme pour toute chose, on doit y aller \u00e9tape par \u00e9tape pour apprivoiser ce nouveau venu dans notre quotidien. On doit aussi savoir s\u2019approvisionner en aliments n\u00e9cessaires pour concocter ces fameuses potions liquides, gorg\u00e9es de chlorophylle. Chacun son rythme!<\/p>\n<p>Dans ce livret, je vous propose d\u2019abord de bien identifier ce qui vous motive \u00e0 int\u00e9grer les jus \u00ab surtout verts \u00bb dans votre alimentation. Vous pourrez alors vous y r\u00e9f\u00e9rer tout au long de votre parcours, au cours duquel vous d\u00e9couvrirez, par exp\u00e9rience vivante, leurs nombreux bienfaits.<\/p>\n<p>Les 18 jus que je vous propose peuvent bien s\u00fbr \u00eatre modifi\u00e9s \u00e0 votre guise, selon vos pr\u00e9f\u00e9rences et selon ce que vous avez sous la main!<\/p>\n<p>Bonnes d\u00e9couvertes et\u2026 sant\u00e9!<\/p>\n<p>Chantale<\/p>\n<p><span style=\"color: #ff0000\"><strong>N.B. Cet achat est non remboursable et non \u00e9changeable. Merci!<\/strong><\/span><\/p>\n<\/div>\n<p>[:]<\/p>\n","protected":false},"excerpt":{"rendered":"<p>[:fr]Jus-repas cr\u00e9atifs 18 recettes de jus surtout verts, pour une absorption optimale des meilleurs nutriments! Chef Chantale Roy N.B. \u00c0 la r\u00e9ception de votre paiement, le livre \u00e9lectronique vous sera envoy\u00e9 par courriel dans les 24 heures qui suivront. Table des mati\u00e8res : Introduction, p.4&#8230;<\/p>\n","protected":false},"featured_media":52468,"comment_status":"open","ping_status":"closed","template":"","meta":[],"product_brand":[],"product_cat":[410,429],"product_tag":[],"class_list":{"0":"post-51717","1":"product","2":"type-product","3":"status-publish","4":"has-post-thumbnail","6":"product_cat-chantales-books","7":"product_cat-electronic-versions","9":"first","10":"instock","11":"sale","12":"downloadable","13":"virtual","14":"purchasable","15":"product-type-simple"},"_links":{"self":[{"href":"https:\/\/www.chantaleroy.ca\/en\/wp-json\/wp\/v2\/product\/51717","targetHints":{"allow":["GET"]}}],"collection":[{"href":"https:\/\/www.chantaleroy.ca\/en\/wp-json\/wp\/v2\/product"}],"about":[{"href":"https:\/\/www.chantaleroy.ca\/en\/wp-json\/wp\/v2\/types\/product"}],"replies":[{"embeddable":true,"href":"https:\/\/www.chantaleroy.ca\/en\/wp-json\/wp\/v2\/comments?post=51717"}],"wp:featuredmedia":[{"embeddable":true,"href":"https:\/\/www.chantaleroy.ca\/en\/wp-json\/wp\/v2\/media\/52468"}],"wp:attachment":[{"href":"https:\/\/www.chantaleroy.ca\/en\/wp-json\/wp\/v2\/media?parent=51717"}],"wp:term":[{"taxonomy":"product_brand","embeddable":true,"href":"https:\/\/www.chantaleroy.ca\/en\/wp-json\/wp\/v2\/product_brand?post=51717"},{"taxonomy":"product_cat","embeddable":true,"href":"https:\/\/www.chantaleroy.ca\/en\/wp-json\/wp\/v2\/product_cat?post=51717"},{"taxonomy":"product_tag","embeddable":true,"href":"https:\/\/www.chantaleroy.ca\/en\/wp-json\/wp\/v2\/product_tag?post=51717"}],"curies":[{"name":"wp","href":"https:\/\/api.w.org\/{rel}","templated":true}]}}