{"id":51730,"date":"2017-04-14T14:29:32","date_gmt":"2017-04-14T21:29:32","guid":{"rendered":"http:\/\/www.chantaleroy.ca\/?post_type=product&#038;p=51730\/"},"modified":"2025-12-17T06:31:13","modified_gmt":"2025-12-17T14:31:13","slug":"rawfreshing-express1-2","status":"publish","type":"product","link":"https:\/\/www.chantaleroy.ca\/en\/product\/rawfreshing-express1-2\/","title":{"rendered":"[:fr]Crusine express 1 (en fran\u00e7ais)(Version \u00e9lectronique PDF)[:en]Crusine Express 1 (PDF Electronic Version, in FRENCH)[:]"},"content":{"rendered":"<p>[:fr]Voici le 2e livre de Chantale. Vous y trouverez des id\u00e9es fra\u00eeches et rapides pour pr\u00e9parer un repas cru en deux temps, trois mouvements et ce, sans d\u00e9shydrateur!<\/p>\n<p>Plus de 60 recettes faciles et rapides, dont une quarantaine sans noix. Photos en couleur \u00e0 chaque recette. Pas besoin de d\u00e9shydrateur. Profitez des bienfaits des aliments vivants tout en passant le moins de temps possible dans la cuisine\u2026<\/p>\n<p><strong>Voir la table des mati\u00e8res au bas de cette page.<\/strong><\/p>\n<p>Contactez-nous pour une commande de grossiste : info@chantaleroy.ca<\/p>\n<p><a href=\"http:\/\/www.chantaleroy.ca\/wp-content\/uploads\/2014\/10\/logo-fsc.jpg\"><img loading=\"lazy\" decoding=\"async\" class=\"alignnone size-full wp-image-43151\" src=\"http:\/\/www.chantaleroy.ca\/wp-content\/uploads\/2014\/10\/logo-fsc.jpg\" alt=\"logo fsc\" width=\"219\" height=\"230\" \/><\/a><\/p>\n<div align=\"justify\"><b>COMMANDEZ ICI :\u00a0<a title=\"COMMANDER TOUT CRU DANS L'BEC\" href=\"http:\/\/www.chantaleroy.ca\/fr\/boutique\/\">http:\/\/www.chantaleroy.ca\/fr\/boutique\/<\/a><\/b><\/div>\n<p>&nbsp;<\/p>\n<div align=\"justify\"><\/div>\n<p>&nbsp;<\/p>\n<div align=\"justify\"><strong>Ou dans ces magasins, pour une version papier<\/strong><strong>\u00a0:<\/strong><\/div>\n<p>&nbsp;<\/p>\n<div align=\"justify\"><\/div>\n<p>&nbsp;<\/p>\n<div align=\"justify\">Au Canada :<\/div>\n<p>&nbsp;<\/p>\n<div align=\"justify\"><\/div>\n<p>&nbsp;<\/p>\n<div align=\"justify\">En ligne :<\/div>\n<p>&nbsp;<\/p>\n<div align=\"justify\">\n<p>1-<a href=\"http:\/\/www.upayanaturals.com\/Crusine_Express_1_Recettes_crues_savoureuses_fa_p\/bk-102f.htm\">Upaya Naturals<\/a>\u00a0www.upayanaturals.com<\/p>\n<p>&nbsp;<\/p>\n<p>&nbsp;<\/p>\n<p>Qu\u00e9bec :<\/p>\n<p><strong>La Semence Alimentation Saine<\/strong><br \/>\n119, 7e rue, Rouyn-Noranda, QC<br \/>\n<a href=\"tel:819-762-8918\">819-762-8918<\/a><\/p>\n<p>&nbsp;<\/p>\n<p><strong>Coop\u00e9rative d\u2019Alentour<\/strong><br \/>\n<a href=\"http:\/\/www.alentour.qc.ca\/\">www.alentour.qc.ca<\/a><br \/>\n4740 Boulevard Industriel, Sherbrooke, QC<br \/>\n819-562-3443<\/p>\n<p>&nbsp;<\/p>\n<\/div>\n<p>&nbsp;<\/p>\n<div align=\"justify\"><\/div>\n<p>&nbsp;<\/p>\n<div align=\"justify\"><\/div>\n<p>&nbsp;<\/p>\n<div align=\"justify\">\n<h2><strong><em>Table des mati\u00e8res<\/em><\/strong><\/h2>\n<p><em>Introduction p. 5<\/em><em>Quoi manger ? p. 7<\/em><\/p>\n<p><em>Quelque chose \u00e0 boire p. 9<\/em><\/p>\n<p>Jus d\u2019herbe de bl\u00e9 (sans noix) p. 10<\/p>\n<p>Jus de poudre d\u2019escampette (sans<\/p>\n<p>noix) p. 11<\/p>\n<p>Jus vert sauvage (sans noix) p. 12<\/p>\n<p>Jus vert quotidien (sans noix) p.13<\/p>\n<p>Jus de fanes de l\u00e9gumes (sans noix)<\/p>\n<ol>\n<li>14<\/li>\n<\/ol>\n<p>Eau de coco verte (sans noix) p. 15Jus de raisins (sans noix) p. 16<\/p>\n<p>Smoothie kale, bleuet et gingembre<\/p>\n<p>(sans noix) p. 17<\/p>\n<p>Lait chocococo (sans noix) p. 18<\/p>\n<p>Lait de chanvre \u00e0 la vanille<\/p>\n<p>(sans noix) p. 19<\/p>\n<p>Smoothie melon d\u2019eau et poivre<\/p>\n<p>(sans noix) p. 20<\/p>\n<p>Smoothie melon de miel et muscade<\/p>\n<p>(sans noix) p. 21<\/p>\n<p><em>Quelque chose de sucr\u00e9 p. 23<\/em><\/p>\n<p>Banane et cacao cru (sans noix) p. 24<\/p>\n<p>Orange et cannelle (sans noix) p. 25<\/p>\n<p>Salade de cl\u00e9mentines aux \u00e9pinards<\/p>\n<p>(sans noix) p. 26<\/p>\n<p>Salade de fruits, sauce fraise-coco<\/p>\n<p>(sans noix) p. 27<\/p>\n<p>Mousse au chocolat \u00e0 l\u2019orange p. 28<\/p>\n<p>Tartelette au citron p. 29<\/p>\n<p>Cr\u00e8me-glac\u00e9e-un-ingr\u00e9dient (sans noix) p. 30<\/p>\n<p>Cr\u00e8me glac\u00e9e figue-menthe p. 31<\/p>\n<p>Sauce aux cerises (sans noix) p. 32<\/p>\n<p>Cr\u00e8me fouett\u00e9e p. 33<\/p>\n<p>Brownies chocolat-canneberges p. 34<\/p>\n<p>For\u00eat noire p.35<\/p>\n<p><em>Quelque chose de sal\u00e9 p. 37<\/em><\/p>\n<p>Avocat et go\u00e9mon (sans noix) p. 38<\/p>\n<p>Guacabette (sans noix) p. 39<\/p>\n<p>Frigo libre-service (sans noix) p. 40<\/p>\n<p>Salade de chou-lime (sans noix) p. 41<\/p>\n<p>Sauce p\u00eaches et gingembre (sans noix) p. 42<\/p>\n<p>Mayo tropico sur l\u00e9gumes pastel (sans noix) p. 43<\/p>\n<p>Salade carotte-raisin-cumin (sans noix) p. 44<\/p>\n<p>Salade color\u00e9e (sans noix) p. 45<\/p>\n<p>Salade ros\u00e9e de chou-rave et betterave (sans noix) p. 46<\/p>\n<p>Salade de brocoli et laitue de mer<\/p>\n<p>marin\u00e9s (sans noix) p. 47<\/p>\n<p>L\u00e9gumes d\u2019\u00e9t\u00e9 en marinade (sans<\/p>\n<p>noix) p. 48<\/p>\n<p>Salade de ma\u00efs mexicaine (sans noix)<\/p>\n<ol>\n<li>49<\/li>\n<\/ol>\n<p>P\u00e2tes de courgettes \u00e0 la sauceitalienne p. 50<\/p>\n<p>Bisque de concombre p. 51<\/p>\n<p>Sushi de chou-fleur orang\u00e9<\/p>\n<p>(sans noix) p. 52<\/p>\n<p>Germinations et pousses 101 p. 53<\/p>\n<p>Mini-nori avec p\u00e2t\u00e9 de pacanes et<\/p>\n<p>poivrons p. 55<\/p>\n<p>Sushi de betteraves cr\u00e9meuses<\/p>\n<p>(sans noix) p. 56<\/p>\n<p>Rouleaux de collard au p\u00e2t\u00e9 de<\/p>\n<p>Grenoble et figues p. 57<\/p>\n<p><em>Quelque chose pour apporter p. 59<\/em><\/p>\n<p>Fraises seules (sans noix) p. 60<\/p>\n<p>Bleuets seuls (sans noix) p. 61<\/p>\n<p>Framboises seules (sans noix) p. 62<\/p>\n<p>P\u00eaches seules (sans noix) p. 63<\/p>\n<p>Pomme ou c\u00e9leri et beurre de noix cru<\/p>\n<ol>\n<li>64<\/li>\n<\/ol>\n<p>Dattes et noix au beurre vert p. 65Bouch\u00e9es au chanvre \u00e9clairs p. 66<\/p>\n<p>Halva aux pistaches p. 67<\/p>\n<p>Boules \u00e0 la chlorelle (sans noix) p. 68<\/p>\n<p>Barres tendres p. 69<\/p>\n<p>Pouding avococo (sans noix) p. 70<\/p>\n<p>Barquettes de chocolat cru, canneberge-noisette p. 71<\/p>\n<p>Biscrus \u00e0 l\u2019orange p. 72<\/p>\n<p>Biscrus au chocolat p. 73<\/p>\n<p>Salade de kale-citron p. 74<\/p>\n<p>Sauce \u00e0 l\u2019hummus (sans noix) p. 75<\/p>\n<p>Guacamole (sans noix) p. 76<\/p>\n<p>Salsa (sans noix) p. 77<\/p>\n<p>\u00c9pices et herbes pour une touche\u2026 p. 78<\/p>\n<p>Tapenade sur endives p. 79<\/p>\n<p><em>Quelque chose pour aider p. 81<\/em><\/p>\n<p><em>Dans ma crusine p. 86<\/em><\/p>\n<p><em>Index p. 88<\/em><\/p>\n<\/div>\n<p>[:en]Voici le 2e livre de Chantale. Vous y trouverez des id\u00e9es fra\u00eeches et rapides pour pr\u00e9parer un repas cru en deux temps, trois mouvements et ce, sans d\u00e9shydrateur!<\/p>\n<p>Plus de 60 recettes faciles et rapides, dont une quarantaine sans noix. Photos en couleur \u00e0 chaque recette. Pas besoin de d\u00e9shydrateur. Profitez des bienfaits des aliments vivants tout en passant le moins de temps possible dans la cuisine\u2026<\/p>\n<p><strong>Voir la table des mati\u00e8res au bas de cette page.<\/strong><\/p>\n<p>Contactez-nous pour une commande de grossiste : info@chantaleroy.ca<\/p>\n<p><a href=\"http:\/\/www.chantaleroy.ca\/wp-content\/uploads\/2014\/10\/logo-fsc.jpg\"><img loading=\"lazy\" decoding=\"async\" class=\"alignnone size-full wp-image-43151\" src=\"http:\/\/www.chantaleroy.ca\/wp-content\/uploads\/2014\/10\/logo-fsc.jpg\" alt=\"logo fsc\" width=\"219\" height=\"230\" \/><\/a><\/p>\n<div align=\"justify\"><b>COMMANDEZ ICI :\u00a0<a title=\"COMMANDER TOUT CRU DANS L'BEC\" href=\"http:\/\/www.chantaleroy.ca\/fr\/boutique\/\">http:\/\/www.chantaleroy.ca\/fr\/boutique\/<\/a><\/b><\/div>\n<p>&nbsp;<\/p>\n<div align=\"justify\"><\/div>\n<p>&nbsp;<\/p>\n<div align=\"justify\"><strong>Ou dans ces magasins, pour une version papier<\/strong><strong>\u00a0:<\/strong><\/div>\n<p>&nbsp;<\/p>\n<div align=\"justify\"><\/div>\n<p>&nbsp;<\/p>\n<div align=\"justify\">Au Canada :<\/div>\n<p>&nbsp;<\/p>\n<div align=\"justify\"><\/div>\n<p>&nbsp;<\/p>\n<div align=\"justify\">En ligne :<\/div>\n<p>&nbsp;<\/p>\n<div align=\"justify\">\n<p>1-<a href=\"http:\/\/www.upayanaturals.com\/Crusine_Express_1_Recettes_crues_savoureuses_fa_p\/bk-102f.htm\">Upaya Naturals<\/a>\u00a0www.upayanaturals.com<\/p>\n<p>&nbsp;<\/p>\n<p>&nbsp;<\/p>\n<p>Qu\u00e9bec :<\/p>\n<p><strong>La Semence Alimentation Saine<\/strong><br \/>\n119, 7e rue, Rouyn-Noranda, QC<br \/>\n<a href=\"tel:819-762-8918\">819-762-8918<\/a><\/p>\n<p><strong>Service Scolaire de Rouyn-Noranda<\/strong><br \/>\n150, rue Perreault Est, Rouyn-Noranda, QC J9X 3C4<br \/>\n<a href=\"tel:819-764-5166\">819-764-5166\u00a0<\/a><\/p>\n<p>&nbsp;<\/p>\n<p><strong>Librairie En Marge<\/strong><\/p>\n<p>25, Avenue Principale<\/p>\n<p>Rouyn-Noranda, QC<\/p>\n<p>819-762-4041<\/p>\n<p>http:\/\/enmarge.leslibraires.ca\/<\/p>\n<p><strong>\u00a0<\/strong><\/p>\n<p><strong>Librairie Au boulon d\u2019ancrage<\/strong><\/p>\n<p>100 Rue du Terminus Ouest, Rouyn-Noranda, QC<\/p>\n<p>(819) 764-9574<\/p>\n<p><strong>Le Jardin des Druidesses<\/strong><br \/>\n<a href=\"http:\/\/www.facebook.com\/pages\/Jardin-des-Druidesses\/173971102746579\">www.facebook.com\/pages\/Jardin-des-Druidesses\/173971102746579<\/a><br \/>\n1122, 8e Rue, Val d\u2019Or, QC<br \/>\n819-874-0002<\/p>\n<div class=\"_mr\">\n<p><strong>La galerie du livre<\/strong><\/p>\n<p>769, 3e avenue<br \/>\nVal-d\u2019Or, (Qu\u00e9bec)<br \/>\nJ9P 1S8<\/p>\n<p>T\u00e9l\u00e9phone : 819-824-3808<br \/>\nSans-Frais : 866-824-3808<\/p>\n<p><strong>S\u00e9same<\/strong><\/p>\n<div class=\"_mr\">221 1re Avenue Ouest<\/div>\n<div class=\"_mr\">Amos, Qu\u00e9bec<\/div>\n<div class=\"_mr\">(819) 732-8812<\/div>\n<\/div>\n<p>&nbsp;<\/p>\n<p><strong>Jardin des sages<\/strong><br \/>\n10435, 1\u00e8re Avenue<br \/>\nSaint-Georges, QC<br \/>\n<a href=\"tel:418-228-0317\">418-228-0317<\/a><\/p>\n<p><strong>Librairie S\u00e9lect<br \/>\n<\/strong><a href=\"http:\/\/www.librairieselect.com\/\">www.librairieselect.com<\/a><strong><br \/>\n<\/strong>12140, 1e Avenue<br \/>\nSaint-Georges Qc<br \/>\n418-228-9510<\/p>\n<p><strong>Le Grand March\u00e9<br \/>\n<\/strong><a href=\"http:\/\/www.librairieselect.com\/\">www.legrandmarchebce@gmail.com<\/a><strong><br \/>\n<\/strong>12120, 1e Avenue<br \/>\nSaint-Georges Qc<br \/>\n418-227-0023<\/p>\n<p><strong>Coop\u00e9rative d\u2019Alentour<\/strong><br \/>\n<a href=\"http:\/\/www.alentour.qc.ca\/\">www.alentour.qc.ca<\/a><br \/>\n4740 Boulevard Industriel, Sherbrooke, QC<br \/>\n819-562-3443<\/p>\n<p>&nbsp;<\/p>\n<\/div>\n<p>&nbsp;<\/p>\n<div align=\"justify\">En France :<\/div>\n<p>LE CHOU BRAVE :\u00a0http:\/\/lechoubrave.fr\/produit\/crusine-express-1\/<\/p>\n<div align=\"justify\">\n<p>1-\u00a0\u00a0\u00a0\u00a0\u00a0\u00a0<a href=\"http:\/\/www.chantaleroy.ca\/\">www.chantaleroy.ca<\/a>\u00a0en ligne<\/p>\n<p>2- \u00a0 \u00a0 \u00a0alimentationvivante.com<\/p>\n<p>3-\u00a0\u00a0\u00a0\u00a0\u00a0 Loving Hut, Paris<\/p>\n<p><a title=\"Loving Hut, Paris\" href=\"http:\/\/www.lovinghut.fr\/\">http:\/\/www.lovinghut.fr\/<\/a><\/p>\n<p>Loving Hut, Menton<\/p>\n<p>4-\u00a0\u00a0\u00a0\u00a0\u00a0 L\u2019escale bio fra\u00eecheur gourmande, Houdan<\/p>\n<p><a title=\"Escale bio fra\u00eecheur\" href=\"http:\/\/fraicheurgourmande.escalebio.com\/\">http:\/\/fraicheurgourmande.escalebio.com\/<\/a><\/p>\n<p>5-\u00a0\u00a0\u00a0\u00a0\u00a0 Alimentationvivante.org, Paris et en ligne<\/p>\n<p><a title=\"Alimentation vivante\" href=\"http:\/\/alimentationvivante.org\/\">http:\/\/alimentationvivante.org\/<\/a><\/p>\n<p>6-\u00a0\u00a0\u00a0\u00a0\u00a0 L\u2019\u00e9pi vert, Blois<\/p>\n<p><a title=\"L'\u00e9pi vert\" href=\"http:\/\/lepivert.biocoop.net\/\">http:\/\/lepivert.biocoop.net\/<\/a><\/p>\n<p>7-\u00a0\u00a0\u00a0\u00a0\u00a0 Coop nature, Tours centre<\/p>\n<p><a title=\"Coop nature\" href=\"http:\/\/www.coopnature.com\/\">http:\/\/www.coopnature.com\/<\/a><\/p>\n<p>8-\u00a0\u00a0\u00a0\u00a0\u00a0 Market Veg, Tours<\/p>\n<p><a title=\"Market Veg\" href=\"http:\/\/www.marketveg.com\/\">http:\/\/www.marketveg.com\/<\/a><\/p>\n<p>9-\u00a0\u00a0\u00a0\u00a0\u00a0 Biocoop Salut terre, Tours<\/p>\n<p><a title=\"Salut terre\" href=\"http:\/\/www.biocoop37.com\/\">http:\/\/www.biocoop37.com\/<\/a><\/p>\n<p>10-\u00a0\u00a0 La vie claire, Bagneux<\/p>\n<p><a title=\"la vie claire\" href=\"http:\/\/www.lavieclaire.com\/magasin-bio\/saumur.html\">http:\/\/www.lavieclaire.com\/magasin-bio\/saumur.html<\/a><\/p>\n<p>11-\u00a0\u00a0 Bio monde, Brian\u00e7on<\/p>\n<p><a title=\"Bio Monde Brian\u00e7on\" href=\"http:\/\/www.biomonde.fr\/biomonde,3,9\">http:\/\/www.biomonde.fr\/biomonde,3,9<\/a><\/p>\n<p>12-\u00a0\u00a0 Biocoop l\u2019\u00e9pine vinette, Brian\u00e7on<\/p>\n<p><a title=\"L'\u00e9pine vinette\" href=\"http:\/\/www.biocoop.fr\/magasins-bio\/trouver-ma-biocoop\/provence-alpes-cote-d-azur\/hautes-alpes\/l-epine-vinette\">http:\/\/www.biocoop.fr\/magasins-bio\/trouver-ma-biocoop\/provence-alpes-cote-d-azur\/hautes-alpes\/l-epine-vinette<\/a><\/p>\n<p>13-\u00a0\u00a0 Un monde vegan, Paris et en ligne<\/p>\n<p><a title=\"Un monde vegan\" href=\"http:\/\/www.unmondevegan.com\/index.cfm\">http:\/\/www.unmondevegan.com\/index.cfm<\/a><\/p>\n<p>14-\u00a0\u00a0 Le chou brave, Grenoble et en ligne<\/p>\n<p><a title=\"Le chou brave\" href=\"http:\/\/lechoubrave.fr\/\">http:\/\/lechoubrave.fr\/<\/a><\/p>\n<p>15-\u00a0\u00a0 Bien et bio, Basse Goulaine<\/p>\n<p>16-\u00a0\u00a0 Welcome bio, Paris<\/p>\n<p><a title=\"Welcome bio\" href=\"http:\/\/welcomebio.fr\/\">http:\/\/welcomebio.fr\/<\/a><\/p>\n<p>&nbsp;<\/p>\n<\/div>\n<p>&nbsp;<\/p>\n<div align=\"justify\"><\/div>\n<p>&nbsp;<\/p>\n<div align=\"justify\"><\/div>\n<p>&nbsp;<\/p>\n<div align=\"justify\">\n<h2><strong><em>Table des mati\u00e8res<\/em><\/strong><\/h2>\n<p><em>Introduction p. 5<\/em><em>Quoi manger ? p. 7<\/em><\/p>\n<p><em>Quelque chose \u00e0 boire p. 9<\/em><\/p>\n<p>Jus d\u2019herbe de bl\u00e9 (sans noix) p. 10<\/p>\n<p>Jus de poudre d\u2019escampette (sans<\/p>\n<p>noix) p. 11<\/p>\n<p>Jus vert sauvage (sans noix) p. 12<\/p>\n<p>Jus vert quotidien (sans noix) p.13<\/p>\n<p>Jus de fanes de l\u00e9gumes (sans noix)<\/p>\n<ol>\n<li>14<\/li>\n<\/ol>\n<p>Eau de coco verte (sans noix) p. 15Jus de raisins (sans noix) p. 16<\/p>\n<p>Smoothie kale, bleuet et gingembre<\/p>\n<p>(sans noix) p. 17<\/p>\n<p>Lait chocococo (sans noix) p. 18<\/p>\n<p>Lait de chanvre \u00e0 la vanille<\/p>\n<p>(sans noix) p. 19<\/p>\n<p>Smoothie melon d\u2019eau et poivre<\/p>\n<p>(sans noix) p. 20<\/p>\n<p>Smoothie melon de miel et muscade<\/p>\n<p>(sans noix) p. 21<\/p>\n<p><em>Quelque chose de sucr\u00e9 p. 23<\/em><\/p>\n<p>Banane et cacao cru (sans noix) p. 24<\/p>\n<p>Orange et cannelle (sans noix) p. 25<\/p>\n<p>Salade de cl\u00e9mentines aux \u00e9pinards<\/p>\n<p>(sans noix) p. 26<\/p>\n<p>Salade de fruits, sauce fraise-coco<\/p>\n<p>(sans noix) p. 27<\/p>\n<p>Mousse au chocolat \u00e0 l\u2019orange p. 28<\/p>\n<p>Tartelette au citron p. 29<\/p>\n<p>Cr\u00e8me-glac\u00e9e-un-ingr\u00e9dient (sans noix) p. 30<\/p>\n<p>Cr\u00e8me glac\u00e9e figue-menthe p. 31<\/p>\n<p>Sauce aux cerises (sans noix) p. 32<\/p>\n<p>Cr\u00e8me fouett\u00e9e p. 33<\/p>\n<p>Brownies chocolat-canneberges p. 34<\/p>\n<p>For\u00eat noire p.35<\/p>\n<p><em>Quelque chose de sal\u00e9 p. 37<\/em><\/p>\n<p>Avocat et go\u00e9mon (sans noix) p. 38<\/p>\n<p>Guacabette (sans noix) p. 39<\/p>\n<p>Frigo libre-service (sans noix) p. 40<\/p>\n<p>Salade de chou-lime (sans noix) p. 41<\/p>\n<p>Sauce p\u00eaches et gingembre (sans noix) p. 42<\/p>\n<p>Mayo tropico sur l\u00e9gumes pastel (sans noix) p. 43<\/p>\n<p>Salade carotte-raisin-cumin (sans noix) p. 44<\/p>\n<p>Salade color\u00e9e (sans noix) p. 45<\/p>\n<p>Salade ros\u00e9e de chou-rave et betterave (sans noix) p. 46<\/p>\n<p>Salade de brocoli et laitue de mer<\/p>\n<p>marin\u00e9s (sans noix) p. 47<\/p>\n<p>L\u00e9gumes d\u2019\u00e9t\u00e9 en marinade (sans<\/p>\n<p>noix) p. 48<\/p>\n<p>Salade de ma\u00efs mexicaine (sans noix)<\/p>\n<ol>\n<li>49<\/li>\n<\/ol>\n<p>P\u00e2tes de courgettes \u00e0 la sauceitalienne p. 50<\/p>\n<p>Bisque de concombre p. 51<\/p>\n<p>Sushi de chou-fleur orang\u00e9<\/p>\n<p>(sans noix) p. 52<\/p>\n<p>Germinations et pousses 101 p. 53<\/p>\n<p>Mini-nori avec p\u00e2t\u00e9 de pacanes et<\/p>\n<p>poivrons p. 55<\/p>\n<p>Sushi de betteraves cr\u00e9meuses<\/p>\n<p>(sans noix) p. 56<\/p>\n<p>Rouleaux de collard au p\u00e2t\u00e9 de<\/p>\n<p>Grenoble et figues p. 57<\/p>\n<p><em>Quelque chose pour apporter p. 59<\/em><\/p>\n<p>Fraises seules (sans noix) p. 60<\/p>\n<p>Bleuets seuls (sans noix) p. 61<\/p>\n<p>Framboises seules (sans noix) p. 62<\/p>\n<p>P\u00eaches seules (sans noix) p. 63<\/p>\n<p>Pomme ou c\u00e9leri et beurre de noix cru<\/p>\n<ol>\n<li>64<\/li>\n<\/ol>\n<p>Dattes et noix au beurre vert p. 65Bouch\u00e9es au chanvre \u00e9clairs p. 66<\/p>\n<p>Halva aux pistaches p. 67<\/p>\n<p>Boules \u00e0 la chlorelle (sans noix) p. 68<\/p>\n<p>Barres tendres p. 69<\/p>\n<p>Pouding avococo (sans noix) p. 70<\/p>\n<p>Barquettes de chocolat cru, canneberge-noisette p. 71<\/p>\n<p>Biscrus \u00e0 l\u2019orange p. 72<\/p>\n<p>Biscrus au chocolat p. 73<\/p>\n<p>Salade de kale-citron p. 74<\/p>\n<p>Sauce \u00e0 l\u2019hummus (sans noix) p. 75<\/p>\n<p>Guacamole (sans noix) p. 76<\/p>\n<p>Salsa (sans noix) p. 77<\/p>\n<p>\u00c9pices et herbes pour une touche\u2026 p. 78<\/p>\n<p>Tapenade sur endives p. 79<\/p>\n<p><em>Quelque chose pour aider p. 81<\/em><\/p>\n<p><em>Dans ma crusine p. 86<\/em><\/p>\n<p><em>Index p. 88<\/em><\/p>\n<\/div>\n<p>[:]<\/p>\n","protected":false},"excerpt":{"rendered":"<p>[:fr]Voici le 2e livre de Chantale. Vous y trouverez des id\u00e9es fra\u00eeches et rapides pour pr\u00e9parer un repas cru en deux temps, trois mouvements et ce, sans d\u00e9shydrateur! Plus de 60 recettes faciles et rapides, dont une quarantaine sans noix. Photos en couleur \u00e0 chaque&#8230;<\/p>\n","protected":false},"featured_media":51895,"comment_status":"closed","ping_status":"closed","template":"","meta":[],"product_brand":[],"product_cat":[410,429],"product_tag":[156,157,198,155,199],"class_list":{"0":"post-51730","1":"product","2":"type-product","3":"status-publish","4":"has-post-thumbnail","6":"product_cat-chantales-books","7":"product_cat-electronic-versions","8":"product_tag-easy-and-quick","9":"product_tag-express","10":"product_tag-raw-fr","11":"product_tag-recipe-book","12":"product_tag-vegan-fr","14":"first","15":"instock","16":"sale","17":"downloadable","18":"virtual","19":"purchasable","20":"product-type-simple"},"_links":{"self":[{"href":"https:\/\/www.chantaleroy.ca\/en\/wp-json\/wp\/v2\/product\/51730","targetHints":{"allow":["GET"]}}],"collection":[{"href":"https:\/\/www.chantaleroy.ca\/en\/wp-json\/wp\/v2\/product"}],"about":[{"href":"https:\/\/www.chantaleroy.ca\/en\/wp-json\/wp\/v2\/types\/product"}],"replies":[{"embeddable":true,"href":"https:\/\/www.chantaleroy.ca\/en\/wp-json\/wp\/v2\/comments?post=51730"}],"wp:featuredmedia":[{"embeddable":true,"href":"https:\/\/www.chantaleroy.ca\/en\/wp-json\/wp\/v2\/media\/51895"}],"wp:attachment":[{"href":"https:\/\/www.chantaleroy.ca\/en\/wp-json\/wp\/v2\/media?parent=51730"}],"wp:term":[{"taxonomy":"product_brand","embeddable":true,"href":"https:\/\/www.chantaleroy.ca\/en\/wp-json\/wp\/v2\/product_brand?post=51730"},{"taxonomy":"product_cat","embeddable":true,"href":"https:\/\/www.chantaleroy.ca\/en\/wp-json\/wp\/v2\/product_cat?post=51730"},{"taxonomy":"product_tag","embeddable":true,"href":"https:\/\/www.chantaleroy.ca\/en\/wp-json\/wp\/v2\/product_tag?post=51730"}],"curies":[{"name":"wp","href":"https:\/\/api.w.org\/{rel}","templated":true}]}}