{"id":5205,"date":"2014-10-15T00:00:25","date_gmt":"2014-10-15T07:00:25","guid":{"rendered":"http:\/\/www.chefchantaleroy.com\/?post_type=product&#038;p=5205"},"modified":"2025-12-11T12:05:35","modified_gmt":"2025-12-11T20:05:35","slug":"rawfreshing-cuisine-in-english","status":"publish","type":"product","link":"https:\/\/www.chantaleroy.ca\/en\/product\/rawfreshing-cuisine-in-english\/","title":{"rendered":"[:fr]Tout cru dans l\u2019bec (en fran\u00e7ais)(Version papier)[:en]Tout cru dans l\u2019bec (in FRENCH)(Hard Copy)[:]"},"content":{"rendered":"<p>[:fr]Voici le premier livre de recettes de chef Chantale. Vous y trouverez des recettes tant\u00f4t simples, tant\u00f4t sophistiqu\u00e9es en cuisine v\u00e9g\u00e9talienne et crue.<\/p>\n<p>Voir la table des mati\u00e8res plus bas\u2026<\/p>\n<p>O\u00f9 se procurer \u00ab Tout cru dans l\u2019bec \u00bb?<\/p>\n<p>D\u2019abord, on peut commander le livre en ligne, ici, dans la boutique.<\/p>\n<p>CANADA:<\/p>\n<p>Qu\u00e9bec<\/p>\n<p>La Semence Alimentation Saine<br \/>\n119, 7e rue, Rouyn-Noranda, QC<br \/>\n819-762-8918<\/p>\n<p>&nbsp;<\/p>\n<p>Coop\u00e9rative d\u2019Alentour<br \/>\nwww.alentour.qc.ca<br \/>\n4740 Boulevard Industriel, Sherbrooke, QC<br \/>\n819-562-3443<\/p>\n<p>Crubiovrac<br \/>\nwww.crubiovrac.com<br \/>\n40, Saint-Georges, Saint-J\u00e9rome, QC<\/p>\n<p>Ontario<\/p>\n<p>Upaya Naturals<\/p>\n<p>Alberta<\/p>\n<p>Colombie-Britannique<\/p>\n<p>Tao Organics<br \/>\nwww.taoorganics.com<br \/>\nSuite 120 ~ 260 Esplanade West, in the courtyard<br \/>\nNorth Vancouver, British Columbia<br \/>\n604.971.5108<br \/>\ninfo@taoorganics.com<\/p>\n<p>March\u00e9 St-George<br \/>\nwww.marchestgeorge.com<br \/>\nVancouver, British Columbia<br \/>\n4393 St. George at the corner of 28th.<br \/>\n1 604 565 5107<br \/>\ninfo@marchestgeorge.com<\/p>\n<p>Kootenay Coop Store<br \/>\nwww.kootenay.coop<br \/>\n295 Baker St Nelson, BC<br \/>\n(250) 354-4077<\/p>\n<p>Otter Books<br \/>\nwww.bookmanager.com<br \/>\n398 Baker Street, Nelson, BC<br \/>\n250-352-3434<\/p>\n<p>R\u00e9seau-Femmes Nelson<br \/>\nwww.reseaufemmes.bc.ca<\/p>\n<p>FRANCE:<\/p>\n<p>chantaleroy.ca en ligne<br \/>\nLE CHOU BRAVE (distributeur fran\u00e7ais) :\u00a0http:\/\/lechoubrave.fr\/produit\/tout-cru-dans-lbec\/<br \/>\nLoving Hut, Paris et Menton<br \/>\nL\u2019escale bio fra\u00eecheur gourmande, Houdan<br \/>\nAlimentationvivante.org, Paris et en ligne<br \/>\nL\u2019\u00e9pi vert, Blois<br \/>\nCoop nature, Tours centre<br \/>\nMarket Veg, Tours<br \/>\nBiocoop Salut terre, Tours<br \/>\nLa vie claire, Bagneux<br \/>\nBio monde, Brian\u00e7on<br \/>\nBiocoop l\u2019\u00e9pine vinette, Brian\u00e7on<br \/>\nUn monde vegan, Paris et en ligne<br \/>\nLe chou brave, Grenoble et en ligne<br \/>\nBien et bio, Basse Goulaine<br \/>\nWelcome bio, Paris<\/p>\n<p>&nbsp;<\/p>\n<p>Table des mati\u00e8res<\/p>\n<p>Hommage \u00e0 un trio de femmes p. 3<\/p>\n<p>Introduction p. 9<\/p>\n<p>Jus, smoothies, laits de noix p. 11<\/p>\n<p>Jus d\u2019herbe de<br \/>\nbl\u00e9 parfum\u00e9 p. 13<br \/>\nE3 Live\u2122 r\u00e9confortant p. 15<br \/>\nJus vert de vie p. 17<br \/>\nNuage Rose p. 19<br \/>\nSmoothie dor\u00e9 p. 21<br \/>\nSmoothie bleu p. 23<br \/>\nSmoothie tha\u00eflandais p. 25<br \/>\nLait de s\u00e9same<br \/>\ncaroubanane p. 27<br \/>\nLait de chanvre indigo p. 29<br \/>\nLait de noix du Br\u00e9sil aux<br \/>\nfraises p. 31<br \/>\nLait d\u2019amandes cha\u00ef aux<br \/>\nbananes p. 33<\/p>\n<p>Petits d\u00e9jeuners p. 35<\/p>\n<p>Pouding vert p. 37<br \/>\nPotage de cantaloup p. 39<br \/>\nMuesli de sarrasin germ\u00e9 p. 41<br \/>\nBol de c\u00e9r\u00e9ales aux<br \/>\ncanneberges avec lait<br \/>\nd\u2019amandes cha\u00ef aux bananes p. 43<br \/>\nSandwich au beurre<br \/>\nd\u2019amandes et \u00e0 la gel\u00e9e<br \/>\nde cerises p. 45<br \/>\nGel\u00e9e de cerises p. 47<br \/>\nConfiture de petits fruits p. 49<br \/>\nPain bacon p. 51<br \/>\nD\u00eeners p. 53<\/p>\n<p>Soupe tortilla p. 55<br \/>\nGazpacho p. 57<br \/>\nSoupe verte \u00e0 la coriandre p. 59<br \/>\nCro\u00fbtons aux herbes et<br \/>\n\u00e0 l\u2019ail p. 61<br \/>\nSauce \u00e0 salade cr\u00e9meuse<br \/>\naux tomates et au basilic p. 63<br \/>\nVinaigrette au cari p. 65<br \/>\nVinaigrette teriyaki p. 67<br \/>\nSauce tha\u00eflandaise p. 69<br \/>\nP\u00e2t\u00e9 de pacanes \u00e0 saveur<br \/>\nde poulet p. 71<br \/>\nFromage \u00e0 la cr\u00e8me de<br \/>\nnoix du Br\u00e9sil et \u00e0 l\u2019ail p. 73<br \/>\nFromage \u00e0 la cr\u00e8me<br \/>\nd\u2019amandes aux trois poivres p. 75<br \/>\nTortilla souple aux<br \/>\nl\u00e9gumes \u00e9pic\u00e9s p. 77<br \/>\nTortilla souple de noix de<br \/>\ncoco et de poire p. 79<br \/>\nPain baguette \u00e0 la lavande p. 81<br \/>\nL\u00e9gumes marin\u00e9s<br \/>\nasiatiques p. 83<br \/>\nOignons marin\u00e9s p. 85<br \/>\nSauce \u00e0 l\u2019ail et au<br \/>\ngingembre p. 87<br \/>\nSandwich soleil de Tuscane p. 89<br \/>\nRouleau tha\u00eflandais p. 91<br \/>\nAssiette fran\u00e7aise<br \/>\ncampagnarde p. 93<br \/>\nSushi californien p. 95<br \/>\nBeurre \u00e0 l\u2019ail et aux herbes p. 97<\/p>\n<p>Soupers p. 99<\/p>\n<p>Hambourgeois<br \/>\nm\u00e9diterran\u00e9en p. 101<br \/>\nBoulettes \u00e0 hambourgeois p. 103<br \/>\nKetchup p. 105<br \/>\nP\u00e2tes de courgettes,<br \/>\nsauce cr\u00e9meuse aux noix<br \/>\nde cajou et \u00e0 l\u2019aneth p. 107<br \/>\nRouleau de pizza p. 109<br \/>\nPizza hawa\u00efenne p. 111<br \/>\nSalade de kale aux<br \/>\nportobellos marin\u00e9s p. 113<br \/>\nSalade d\u2019asperges et<br \/>\nde shiitakes p. 115<br \/>\nChampignons marin\u00e9s au<br \/>\nfromage \u00e0 la cr\u00e8me<br \/>\nd\u2019amandes aux trois poivres p. 117<br \/>\nSauce b\u00e9chamel p. 119<br \/>\nLasagne \u00e0 la b\u00e9chamel et<br \/>\naux champignons marin\u00e9s p. 121<br \/>\nPesto de chanvre p. 123<br \/>\nSauce \u00e0 pizza p. 125<br \/>\nCro\u00fbtes \u00e0 pizza p. 127<br \/>\nFromage de noix de<br \/>\nmacadam p. 129<br \/>\nPepperoni p. 131<br \/>\nDesserts p. 133<\/p>\n<p>Tirawmisu p. 135<br \/>\nG\u00e2teau au fromage de<br \/>\nnoix de cajou et au chocolat p. 139<br \/>\nShortcake aux fraises p. 143<br \/>\nTarte aux fraises et<br \/>\nau caramel p. 147<br \/>\nTarte aux deux mousses p. 151<br \/>\nTarte au caramel et \u00e0<br \/>\nla cannelle p. 155<br \/>\nG\u00e2teau \u00e0 la ganache p. 157<br \/>\nFeuillet\u00e9 aux poires et<br \/>\nau gingembre p. 161<br \/>\nCr\u00e8me chantilly \u00e0 la<br \/>\ncardamome p. 163<br \/>\nG\u00e2teau 7e ciel p. 165<br \/>\nCr\u00e8me glac\u00e9e<br \/>\n\u00e0 la noix de coco p. 169<br \/>\nCr\u00e8me glac\u00e9e marbr\u00e9e aux<br \/>\nbrisures de chocolat p. 171<br \/>\nFondue au chocolat p. 173<br \/>\nFudge aux arachides de la<br \/>\njungle d\u2019Amazonie p. 175<br \/>\nMacarons au chocolat p. 177<br \/>\nMousse au chocolat p. 179<br \/>\nBiscuits au citron p. 181<br \/>\nCollations p. 183<\/p>\n<p>Croustilles de panais B.B.Q. p. 185<br \/>\nCroustilles de jicama B.B.Q. p. 187<br \/>\nCroustilles \u00e0 l\u2019aneth p. 189<br \/>\nCroustilles de jicama<br \/>\nau fromage et aux herbes p. 191<br \/>\nCroustilles de kale \u00e9pic\u00e9es p. 193<br \/>\nGraines assaisonn\u00e9es<br \/>\n\u00e0 l\u2019indienne p. 195<br \/>\nBiscuits au chocolat p. 197<br \/>\nTablettes de chocolat p. 199<br \/>\nBouch\u00e9es au chanvre p. 201<br \/>\nAnnexe p. 203[:en]&nbsp;<\/p>\n<p>Voir la table des mati\u00e8res plus bas\u2026<\/p>\n<p>O\u00f9 se procurer \u00ab Tout cru dans l\u2019bec \u00bb?<\/p>\n<p>D\u2019abord, on peut commander le livre en ligne, ici, dans la boutique.<\/p>\n<p>CANADA:<\/p>\n<p>Qu\u00e9bec<\/p>\n<p>La Semence Alimentation Saine<br \/>\n119, 7e rue, Rouyn-Noranda, QC<br \/>\n819-762-8918<\/p>\n<p>Service Scolaire de Rouyn-Noranda<br \/>\n150, rue Perreault Est, Rouyn-Noranda, QC J9X 3C4<br \/>\n819-764-5166<\/p>\n<p>Librairie En Marge<\/p>\n<p>25, Avenue Principale<\/p>\n<p>Rouyn-Noranda, QC<\/p>\n<p>819-762-4041<\/p>\n<p>http:\/\/enmarge.leslibraires.ca\/<\/p>\n<p>Clinique d\u2019esth\u00e9tique au naturel<\/p>\n<p>11, 7e rue, Rouyn-Noranda. QC<\/p>\n<p>819-762-2241<\/p>\n<p>&nbsp;<\/p>\n<p>Librairie Au boulon d\u2019ancrage<\/p>\n<p>100 Rue du Terminus Ouest, Rouyn-Noranda, QC<\/p>\n<p>(819) 764-9574<\/p>\n<p>Le Jardin des Druidesses<br \/>\nwww.facebook.com\/pages\/Jardin-des-Druidesses\/173971102746579<br \/>\n1122, 8e Rue, Val d\u2019Or, QC<br \/>\n819-874-0002<\/p>\n<p>La galerie du livre<\/p>\n<p>769, 3e avenue<br \/>\nVal-d\u2019Or, (Qu\u00e9bec)<br \/>\nJ9P 1S8<\/p>\n<p>T\u00e9l\u00e9phone : 819-824-3808<br \/>\nSans-Frais : 866-824-3808<\/p>\n<p>S\u00e9same<\/p>\n<p>221 1re Avenue Ouest,<\/p>\n<p>Amos, Qu\u00e9bec<\/p>\n<p>(819) 732-8812<\/p>\n<p>Aliments Laurier<br \/>\nwww.alimentssante.com<br \/>\n2700 boul. Laurier (Qu\u00e9bec)<br \/>\n418-651-3262<\/p>\n<p>Archambault St-Georges<br \/>\nwww.archambault.ca<br \/>\n8585, boul. Lacroix, local 400<br \/>\n418-227-0362<\/p>\n<p>Jardin des sages<br \/>\n10435, 1\u00e8re Avenue<br \/>\nSaint-Georges, QC<br \/>\n418-228-0317<\/p>\n<p>Librairie S\u00e9lect<br \/>\nwww.librairieselect.com<br \/>\n12140, 1e Avenue<br \/>\nSaint-Georges Qc<br \/>\n418-228-9510<\/p>\n<p>Le Grand March\u00e9<br \/>\nwww.legrandmarchebce@gmail.com<br \/>\n12120, 1e Avenue<br \/>\nSaint-Georges Qc<br \/>\n418-227-0023<\/p>\n<p>Coop\u00e9rative d\u2019Alentour<br \/>\nwww.alentour.qc.ca<br \/>\n4740 Boulevard Industriel, Sherbrooke, QC<br \/>\n819-562-3443<\/p>\n<p>Crubiovrac<br \/>\nwww.crubiovrac.com<br \/>\n40, Saint-Georges, Saint-J\u00e9rome, QC<\/p>\n<p>Ontario<\/p>\n<p>Upaya Naturals<\/p>\n<p>Alberta<\/p>\n<p>Colombie-Britannique<\/p>\n<p>Tao Organics<br \/>\nwww.taoorganics.com<br \/>\nSuite 120 ~ 260 Esplanade West, in the courtyard<br \/>\nNorth Vancouver, British Columbia<br \/>\n604.971.5108<br \/>\ninfo@taoorganics.com<\/p>\n<p>March\u00e9 St-George<br \/>\nwww.marchestgeorge.com<br \/>\nVancouver, British Columbia<br \/>\n4393 St. George at the corner of 28th.<br \/>\n1 604 565 5107<br \/>\ninfo@marchestgeorge.com<\/p>\n<p>Kootenay Coop Store<br \/>\nwww.kootenay.coop<br \/>\n295 Baker St Nelson, BC<br \/>\n(250) 354-4077<\/p>\n<p>Otter Books<br \/>\nwww.bookmanager.com<br \/>\n398 Baker Street, Nelson, BC<br \/>\n250-352-3434<\/p>\n<p>R\u00e9seau-Femmes Nelson<br \/>\nwww.reseaufemmes.bc.ca<\/p>\n<p>FRANCE:<\/p>\n<p>chantaleroy.ca en ligne<br \/>\nLE CHOU BRAVE (distributeur fran\u00e7ais) :\u00a0http:\/\/lechoubrave.fr\/produit\/tout-cru-dans-lbec\/<br \/>\nLoving Hut, Paris et Menton<br \/>\nL\u2019escale bio fra\u00eecheur gourmande, Houdan<br \/>\nAlimentationvivante.org, Paris et en ligne<br \/>\nL\u2019\u00e9pi vert, Blois<br \/>\nCoop nature, Tours centre<br \/>\nMarket Veg, Tours<br \/>\nBiocoop Salut terre, Tours<br \/>\nLa vie claire, Bagneux<br \/>\nBio monde, Brian\u00e7on<br \/>\nBiocoop l\u2019\u00e9pine vinette, Brian\u00e7on<br \/>\nUn monde vegan, Paris et en ligne<br \/>\nLe chou brave, Grenoble et en ligne<br \/>\nBien et bio, Basse Goulaine<br \/>\nWelcome bio, Paris<br \/>\nTable des mati\u00e8res<\/p>\n<p>Hommage \u00e0 un trio de femmes p. 3<\/p>\n<p>Introduction p. 9<\/p>\n<p>Jus, smoothies, laits de noix p. 11<\/p>\n<p>Jus d\u2019herbe de<br \/>\nbl\u00e9 parfum\u00e9 p. 13<br \/>\nE3 Live\u2122 r\u00e9confortant p. 15<br \/>\nJus vert de vie p. 17<br \/>\nNuage Rose p. 19<br \/>\nSmoothie dor\u00e9 p. 21<br \/>\nSmoothie bleu p. 23<br \/>\nSmoothie tha\u00eflandais p. 25<br \/>\nLait de s\u00e9same<br \/>\ncaroubanane p. 27<br \/>\nLait de chanvre indigo p. 29<br \/>\nLait de noix du Br\u00e9sil aux<br \/>\nfraises p. 31<br \/>\nLait d\u2019amandes cha\u00ef aux<br \/>\nbananes p. 33<\/p>\n<p>Petits d\u00e9jeuners p. 35<\/p>\n<p>Pouding vert p. 37<br \/>\nPotage de cantaloup p. 39<br \/>\nMuesli de sarrasin germ\u00e9 p. 41<br \/>\nBol de c\u00e9r\u00e9ales aux<br \/>\ncanneberges avec lait<br \/>\nd\u2019amandes cha\u00ef aux bananes p. 43<br \/>\nSandwich au beurre<br \/>\nd\u2019amandes et \u00e0 la gel\u00e9e<br \/>\nde cerises p. 45<br \/>\nGel\u00e9e de cerises p. 47<br \/>\nConfiture de petits fruits p. 49<br \/>\nPain bacon p. 51<br \/>\nD\u00eeners p. 53<\/p>\n<p>Soupe tortilla p. 55<br \/>\nGazpacho p. 57<br \/>\nSoupe verte \u00e0 la coriandre p. 59<br \/>\nCro\u00fbtons aux herbes et<br \/>\n\u00e0 l\u2019ail p. 61<br \/>\nSauce \u00e0 salade cr\u00e9meuse<br \/>\naux tomates et au basilic p. 63<br \/>\nVinaigrette au cari p. 65<br \/>\nVinaigrette teriyaki p. 67<br \/>\nSauce tha\u00eflandaise p. 69<br \/>\nP\u00e2t\u00e9 de pacanes \u00e0 saveur<br \/>\nde poulet p. 71<br \/>\nFromage \u00e0 la cr\u00e8me de<br \/>\nnoix du Br\u00e9sil et \u00e0 l\u2019ail p. 73<br \/>\nFromage \u00e0 la cr\u00e8me<br \/>\nd\u2019amandes aux trois poivres p. 75<br \/>\nTortilla souple aux<br \/>\nl\u00e9gumes \u00e9pic\u00e9s p. 77<br \/>\nTortilla souple de noix de<br \/>\ncoco et de poire p. 79<br \/>\nPain baguette \u00e0 la lavande p. 81<br \/>\nL\u00e9gumes marin\u00e9s<br \/>\nasiatiques p. 83<br \/>\nOignons marin\u00e9s p. 85<br \/>\nSauce \u00e0 l\u2019ail et au<br \/>\ngingembre p. 87<br \/>\nSandwich soleil de Tuscane p. 89<br \/>\nRouleau tha\u00eflandais p. 91<br \/>\nAssiette fran\u00e7aise<br \/>\ncampagnarde p. 93<br \/>\nSushi californien p. 95<br \/>\nBeurre \u00e0 l\u2019ail et aux herbes p. 97<\/p>\n<p>Soupers p. 99<\/p>\n<p>Hambourgeois<br \/>\nm\u00e9diterran\u00e9en p. 101<br \/>\nBoulettes \u00e0 hambourgeois p. 103<br \/>\nKetchup p. 105<br \/>\nP\u00e2tes de courgettes,<br \/>\nsauce cr\u00e9meuse aux noix<br \/>\nde cajou et \u00e0 l\u2019aneth p. 107<br \/>\nRouleau de pizza p. 109<br \/>\nPizza hawa\u00efenne p. 111<br \/>\nSalade de kale aux<br \/>\nportobellos marin\u00e9s p. 113<br \/>\nSalade d\u2019asperges et<br \/>\nde shiitakes p. 115<br \/>\nChampignons marin\u00e9s au<br \/>\nfromage \u00e0 la cr\u00e8me<br \/>\nd\u2019amandes aux trois poivres p. 117<br \/>\nSauce b\u00e9chamel p. 119<br \/>\nLasagne \u00e0 la b\u00e9chamel et<br \/>\naux champignons marin\u00e9s p. 121<br \/>\nPesto de chanvre p. 123<br \/>\nSauce \u00e0 pizza p. 125<br \/>\nCro\u00fbtes \u00e0 pizza p. 127<br \/>\nFromage de noix de<br \/>\nmacadam p. 129<br \/>\nPepperoni p. 131<br \/>\nDesserts p. 133<\/p>\n<p>Tirawmisu p. 135<br \/>\nG\u00e2teau au fromage de<br \/>\nnoix de cajou et au chocolat p. 139<br \/>\nShortcake aux fraises p. 143<br \/>\nTarte aux fraises et<br \/>\nau caramel p. 147<br \/>\nTarte aux deux mousses p. 151<br \/>\nTarte au caramel et \u00e0<br \/>\nla cannelle p. 155<br \/>\nG\u00e2teau \u00e0 la ganache p. 157<br \/>\nFeuillet\u00e9 aux poires et<br \/>\nau gingembre p. 161<br \/>\nCr\u00e8me chantilly \u00e0 la<br \/>\ncardamome p. 163<br \/>\nG\u00e2teau 7e ciel p. 165<br \/>\nCr\u00e8me glac\u00e9e<br \/>\n\u00e0 la noix de coco p. 169<br \/>\nCr\u00e8me glac\u00e9e marbr\u00e9e aux<br \/>\nbrisures de chocolat p. 171<br \/>\nFondue au chocolat p. 173<br \/>\nFudge aux arachides de la<br \/>\njungle d\u2019Amazonie p. 175<br \/>\nMacarons au chocolat p. 177<br \/>\nMousse au chocolat p. 179<br \/>\nBiscuits au citron p. 181<br \/>\nCollations p. 183<\/p>\n<p>Croustilles de panais B.B.Q. p. 185<br \/>\nCroustilles de jicama B.B.Q. p. 187<br \/>\nCroustilles \u00e0 l\u2019aneth p. 189<br \/>\nCroustilles de jicama<br \/>\nau fromage et aux herbes p. 191<br \/>\nCroustilles de kale \u00e9pic\u00e9es p. 193<br \/>\nGraines assaisonn\u00e9es<br \/>\n\u00e0 l\u2019indienne p. 195<br \/>\nBiscuits au chocolat p. 197<br \/>\nTablettes de chocolat p. 199<br \/>\nBouch\u00e9es au chanvre p. 201<br \/>\nAnnexe p. 203[:]<\/p>\n","protected":false},"excerpt":{"rendered":"<p>Raw vegan recipe book. Author: Chantale Roy. 206 pages, color picture for each recipe.<\/p>","protected":false},"featured_media":51898,"comment_status":"open","ping_status":"closed","template":"","meta":[],"product_brand":[],"product_cat":[410,427],"product_tag":[388,361,156,157,213,381,354,198,209,373,155,199,363,204],"class_list":{"0":"post-5205","1":"product","2":"type-product","3":"status-publish","4":"has-post-thumbnail","6":"product_cat-chantales-books","7":"product_cat-hard-copies","8":"product_tag-biologique","9":"product_tag-cru","10":"product_tag-easy-and-quick","11":"product_tag-express","12":"product_tag-gourmet-cuisine","13":"product_tag-livre-de-recettes","14":"product_tag-organic","15":"product_tag-raw-fr","16":"product_tag-rawfreshing-cuisine","17":"product_tag-recette","18":"product_tag-recipe-book","19":"product_tag-vegan-fr","20":"product_tag-vegetalien","21":"product_tag-vegetarien","23":"first","24":"outofstock","25":"purchasable","26":"product-type-simple"},"_links":{"self":[{"href":"https:\/\/www.chantaleroy.ca\/en\/wp-json\/wp\/v2\/product\/5205","targetHints":{"allow":["GET"]}}],"collection":[{"href":"https:\/\/www.chantaleroy.ca\/en\/wp-json\/wp\/v2\/product"}],"about":[{"href":"https:\/\/www.chantaleroy.ca\/en\/wp-json\/wp\/v2\/types\/product"}],"replies":[{"embeddable":true,"href":"https:\/\/www.chantaleroy.ca\/en\/wp-json\/wp\/v2\/comments?post=5205"}],"wp:featuredmedia":[{"embeddable":true,"href":"https:\/\/www.chantaleroy.ca\/en\/wp-json\/wp\/v2\/media\/51898"}],"wp:attachment":[{"href":"https:\/\/www.chantaleroy.ca\/en\/wp-json\/wp\/v2\/media?parent=5205"}],"wp:term":[{"taxonomy":"product_brand","embeddable":true,"href":"https:\/\/www.chantaleroy.ca\/en\/wp-json\/wp\/v2\/product_brand?post=5205"},{"taxonomy":"product_cat","embeddable":true,"href":"https:\/\/www.chantaleroy.ca\/en\/wp-json\/wp\/v2\/product_cat?post=5205"},{"taxonomy":"product_tag","embeddable":true,"href":"https:\/\/www.chantaleroy.ca\/en\/wp-json\/wp\/v2\/product_tag?post=5205"}],"curies":[{"name":"wp","href":"https:\/\/api.w.org\/{rel}","templated":true}]}}