{"id":52122,"date":"2018-03-24T12:25:02","date_gmt":"2018-03-24T19:25:02","guid":{"rendered":"http:\/\/www.chantaleroy.ca\/?post_type=product&#038;p=52122"},"modified":"2023-11-23T08:37:25","modified_gmt":"2023-11-23T16:37:25","slug":"cuisine-express-1","status":"publish","type":"product","link":"https:\/\/www.chantaleroy.ca\/en\/product\/cuisine-express-1\/","title":{"rendered":"[:fr]Crusine express 1 (cours en ligne)[:en] (cours en ligne)[:]"},"content":{"rendered":"<p>[:fr]https:\/\/www.youtube.com\/watch?v=rWwR0fS-pio<\/p>\n<p id=\"yui_3_17_2_1_1507144548205_1048\">Dans ma nouvelle s\u00e9rie de cours en ligne, nous \u00e9tudierons en long et en large la cuisine crue ou cuite, v\u00e9g\u00e9talienne ou v\u00e9g\u00e9tarienne, avec ou sans gluten. C\u2019est \u00e0 la suite de demandes hebdomadaires que j\u2019ai finalement pris le temps et les moyens de concevoir ces cours \u00e0 distance. \u00c9tant enseignante de formation, bacheli\u00e8re en \u00e9ducation, j\u2019aime faire les choses correctement et avec rigueur. Je souhaite toujours permettre aux apprenants d\u2019int\u00e9grer les notions enseign\u00e9es le plus efficacement possible. C\u2019est pourquoi vous retrouverez une structure similaire de cours en cours et serez appel\u00e9s \u00e0 en approfondir le contenu en \u00e9tant guid\u00e9s attentivement.<\/p>\n<p>Enfin, connaissant la r\u00e9alit\u00e9 de tous, soit un emploi du temps habituellement bien garni et des fonctions plus qu\u2019abondantes, je veille \u00e0 ce que vous puissiez apprendre dans l\u2019aisance et le plaisir. Aucun stress n\u2019a sa place dans ma s\u00e9rie de cours.<\/p>\n<p>Bref, dans le cas o\u00f9 vous ne deviez choisir que certains \u00e9l\u00e9ments du cours, je vous invite \u00e0 cibler ceux qui vous interpellent davantage et \u00e0 t\u00e9l\u00e9charger les fichiers pour lecture ult\u00e9rieure. Vous pouvez bien s\u00fbr visionner les vid\u00e9os autant de fois que vous le d\u00e9sirez pendant la p\u00e9riode d\u2019acc\u00e8s au cours allou\u00e9e, soit de 90 jours. \u00c0 la fin de chaque cours, vous pourrez v\u00e9rifier la r\u00e9tention des informations partag\u00e9es en effectuant un examen final facultatif. Toutefois, si vous le compl\u00e9tez et le r\u00e9ussissez, un certificat d\u2019attestation vous sera remis.<\/p>\n<p>En tout temps, si vous avez des questions, vous pouvez bien s\u00fbr me contacter ou \u00e9crire sur le forum de discussion.<\/p>\n<p>De nouveaux cours seront ajout\u00e9s p\u00e9riodiquement, afin de satisfaire tous les besoins. Voici d\u2019ailleurs un aper\u00e7u des cours qui pourraient vous \u00eatre offerts :<\/p>\n<ul>\n<li>Smoothies pour tous les jours<\/li>\n<li><strong>Cuisine express 1<\/strong><\/li>\n<li>Cuisine saine des f\u00eates<\/li>\n<li>Introduction \u00e0 la cuisine v\u00e9g\u00e9tarienne<\/li>\n<li>Introduction \u00e0 la cuisine v\u00e9g\u00e9talienne et sans gluten<\/li>\n<li>Introduction \u00e0 la cuisine vivante<\/li>\n<li>Pousses et germinations 101<\/li>\n<li>Soupes r\u00e9confortantes<\/li>\n<li>Laits v\u00e9g\u00e9taux<\/li>\n<li>Cru et cuit en harmonie, 1\u00e8re partie<\/li>\n<li>Collations saines<\/li>\n<li>D\u00e9shydratation 101<\/li>\n<li>Desserts v\u00e9g\u00e9taliens<\/li>\n<li>Fabrication de chocolat cru<\/li>\n<li>Am\u00e9nagement d\u2019une cuisine crue<\/li>\n<li>Jus, jus, jus<\/li>\n<li>Techniques de coupe<\/li>\n<li>Salades divertissantes<\/li>\n<li>P\u00e2tisserie gourmande crue<\/li>\n<li>Introduction \u00e0 l\u2019alimentation d\u00e9toxifiante<\/li>\n<li>Noix et graines assaisonn\u00e9es<\/li>\n<li>Petits d\u00e9jeuners crus<\/li>\n<li>Fromages v\u00e9g\u00e9taux<\/li>\n<li>Cru, une journ\u00e9e par semaine<\/li>\n<li>Cuisine italienne<\/li>\n<li>Crusine express 2<\/li>\n<li>Cru et cuit en harmonie, 2e partie<\/li>\n<li>Cuisine fran\u00e7aise, version saine<\/li>\n<li>Fine cuisine v\u00e9g\u00e9tarienne et v\u00e9g\u00e9talienne<\/li>\n<li>Cuisine crue, niveau 2<\/li>\n<li>Cuisine crue sans noix<\/li>\n<li>Bols v\u00e9g\u00e9s<\/li>\n<\/ul>\n<p>Cours disponibles maintenant<\/p>\n<p>1- Smoothies pour tous les jours<br \/>\n2- Crusine express 1<br \/>\n3- Cuisine saine des f\u00eates\u200b<\/p>\n<p>4- D\u00e9shydratation 101<\/p>\n<p>&nbsp;<\/p>\n<h2><strong>Cours \u00ab Crusine express 1 \u00bb<\/strong><\/h2>\n<p><strong>Crusine express 1<\/strong><\/p>\n<p><strong>Plan de cours\u00a0:<\/strong><\/p>\n<p>Pr\u00e9sentation du cours<\/p>\n<p>Biographie de chef Chantale Roy<\/p>\n<p><strong><em>Module 1<\/em><\/strong><em>\u00a0:<\/em><\/p>\n<p>Fichier informatif \u00e0 propos de la cuisine crue express info 1 (ingr\u00e9dients de base, bienfaits)<\/p>\n<p>Fichier des 7 recettes de crusine express<\/p>\n<p>D\u00e9monstration #1\u00a0<strong>:\u00a0<\/strong><em>Sauce au houmous<\/em><\/p>\n<p>D\u00e9monstration #2\u00a0:<em>\u00a0Minis sushis, p\u00e2t\u00e9 de pacanes et poivrons<\/em><\/p>\n<p>D\u00e9monstration #3\u00a0:<em>\u00a0Guacamole\u2026 revisit\u00e9e<\/em><\/p>\n<p>D\u00e9monstration #4\u00a0:<em>\u00a0Salade de chou-lime<\/em><\/p>\n<p>Vid\u00e9o bonus\u00a0:\u00a0<em>Nouilles de zucchini, sauce cr\u00e9meuse aux noix de cajou et \u00e0 l\u2019aneth<\/em><\/p>\n<p>Forum de discussion (Questions ou commentaires)<\/p>\n<p><strong>\u00a0<\/strong><\/p>\n<p><strong><em>Module 2<\/em><\/strong><em>\u00a0:<\/em><\/p>\n<p>Fichier informatif \u00e0 propos de la cuisine crue express, info 2 (\u00e9quipement de base, la suite\u2026)<\/p>\n<p>Fichier de liste d\u2019achats<\/p>\n<p>Fichier de pr\u00e9paration des aliments<\/p>\n<p>D\u00e9monstration #5\u00a0:<em>\u00a0C\u00e9leri ou pomme et beurre de noix ou de graines<\/em><\/p>\n<p>D\u00e9monstration #6\u00a0:<em>\u00a0Bouch\u00e9es au chanvre<\/em><\/p>\n<p>D\u00e9monstration #7\u00a0:<em>\u00a0Mousse au chocolat et \u00e0 l\u2019orange<\/em><\/p>\n<p>Vid\u00e9o bonus\u00a0: Entrevue au Chou Brave sur l\u2019art de l\u2019alimentation vivante<\/p>\n<p>Forum de discussion (Questions ou commentaires)\u00a0:<\/p>\n<p>Examen final<\/p>\n<div dir=\"ltr\"><\/div>\n<p>[:]<\/p>\n","protected":false},"excerpt":{"rendered":"<p>[:fr]https:\/\/www.youtube.com\/watch?v=rWwR0fS-pio Dans ma nouvelle s\u00e9rie de cours en ligne, nous \u00e9tudierons en long et en large la cuisine crue ou cuite, v\u00e9g\u00e9talienne ou v\u00e9g\u00e9tarienne, avec ou sans gluten. C\u2019est \u00e0 la suite de demandes hebdomadaires que j\u2019ai finalement pris le temps et les moyens de&#8230;<\/p>\n","protected":false},"featured_media":52396,"comment_status":"open","ping_status":"closed","template":"","meta":[],"product_brand":[],"product_cat":[437],"product_tag":[],"class_list":{"0":"post-52122","1":"product","2":"type-product","3":"status-publish","4":"has-post-thumbnail","6":"product_cat-je-cuisine-ma-therapie-online-classes","8":"first","9":"instock","10":"sale","11":"virtual","12":"purchasable","13":"product-type-simple"},"_links":{"self":[{"href":"https:\/\/www.chantaleroy.ca\/en\/wp-json\/wp\/v2\/product\/52122","targetHints":{"allow":["GET"]}}],"collection":[{"href":"https:\/\/www.chantaleroy.ca\/en\/wp-json\/wp\/v2\/product"}],"about":[{"href":"https:\/\/www.chantaleroy.ca\/en\/wp-json\/wp\/v2\/types\/product"}],"replies":[{"embeddable":true,"href":"https:\/\/www.chantaleroy.ca\/en\/wp-json\/wp\/v2\/comments?post=52122"}],"wp:featuredmedia":[{"embeddable":true,"href":"https:\/\/www.chantaleroy.ca\/en\/wp-json\/wp\/v2\/media\/52396"}],"wp:attachment":[{"href":"https:\/\/www.chantaleroy.ca\/en\/wp-json\/wp\/v2\/media?parent=52122"}],"wp:term":[{"taxonomy":"product_brand","embeddable":true,"href":"https:\/\/www.chantaleroy.ca\/en\/wp-json\/wp\/v2\/product_brand?post=52122"},{"taxonomy":"product_cat","embeddable":true,"href":"https:\/\/www.chantaleroy.ca\/en\/wp-json\/wp\/v2\/product_cat?post=52122"},{"taxonomy":"product_tag","embeddable":true,"href":"https:\/\/www.chantaleroy.ca\/en\/wp-json\/wp\/v2\/product_tag?post=52122"}],"curies":[{"name":"wp","href":"https:\/\/api.w.org\/{rel}","templated":true}]}}